{"id":957,"date":"2019-10-19T14:53:24","date_gmt":"2019-10-19T14:53:24","guid":{"rendered":"http:\/\/burscheid-sonnenblume.de\/?page_id=957"},"modified":"2021-12-23T12:49:23","modified_gmt":"2021-12-23T11:49:23","slug":"cabito-terminal","status":"publish","type":"page","link":"https:\/\/burscheid-sonnenblume.de\/?page_id=957","title":{"rendered":"CABito Terminal"},"content":{"rendered":"<h5 class=\"h1-style h1-style--no-margin\" style=\"text-align: left;\"><span style=\"color: #6b8e23;\"><br>CABito &#8211; ein barrierefreies Informationssystem, das Informationen f\u00fcr alle Menschen zug\u00e4nglich macht.<br><\/span><\/h5>\n<p class=\"teaser-text teaser-text--margin-bottom\"><img loading=\"lazy\" decoding=\"async\" class=\"wp-image-3368 size-medium alignleft\" src=\"https:\/\/burscheid-sonnenblume.de\/wp-content\/uploads\/2020\/06\/CABito-e1591092135709-225x300.jpg\" alt=\"\" width=\"225\" height=\"300\" srcset=\"https:\/\/burscheid-sonnenblume.de\/wp-content\/uploads\/2020\/06\/CABito-e1591092135709-225x300.jpg 225w, https:\/\/burscheid-sonnenblume.de\/wp-content\/uploads\/2020\/06\/CABito-e1591092135709-768x1024.jpg 768w\" sizes=\"auto, (max-width: 225px) 100vw, 225px\" \/>Dank des starken und engagierten F\u00f6rdervereins verf\u00fcgt die Caritas Kindertagesst\u00e4tte &#8220;Sonnenblume&#8221; nun \u00fcber ein CABito Terminal. Unsere Informationen &#8211; Verst\u00e4ndlich f\u00fcr alle und jeden erreichbar.<\/p>\n<p class=\"teaser-text teaser-text--margin-bottom\">F\u00fcr einige Menschen ist es sehr schwer oder gar nicht m\u00f6glich an wichtige Informationen heranzukommen. Die Menge der bereitgestellten Informationen ist oft zu gro\u00df, un\u00fcbersichtlich und unverst\u00e4ndlich. Einen Weg, der einen leichten Zugang zu diesen Informationen erm\u00f6glicht, bieten wir allen Kindern, Eltern und Besuchern durch unser CABito &#8211; Terminal im Eingangsbereich unserer Einrichtung.<\/p>\n<p>Dank des CABitos lassen sich unsere Informationen einfach und ganz individuell darstellen und finden. Durch eine multimodale Ausgabe &#8211; also durch Text, Bild und Sprache &#8211; finden diese bei allen Menschen Anklang. Dank des h\u00f6henverstellbaren Systemen erreichen die Kinder, Rollstuhlfahrer und kleine Personen ohne Probleme die gew\u00fcnschten Informationen am Bildschirm. <br>Fragen wie, wer ist im Kinderparlament vertreten, wie ging nochmal das Fingerspiel mit dem Igel, was gibt es \u00fcbermorgen zum Mittagessen, wie schauten die Laternen aus der Laternenwerkstatt aus und vieles mehr k\u00f6nnen nun von den Kindern eigenst\u00e4ndig abgefragt werden.<\/p>\n<p style=\"text-align: center;\"><em><span style=\"color: #6b8e23;\">&#8220;Barrierefreie und selbstbestimmte Information hei\u00dft f\u00fcr uns F\u00f6rderung der Inklusion&#8221;<\/span><\/em><\/p>\n<p>Weite Informationen zum CABito finden Sie <a href=\"https:\/\/www.cab-b.de\/produkte\/cabito\/cabito\/cabito\">HIER auf der Homepage des Herstellers.<\/a><\/p>\n<hr>\n<p style=\"text-align: center;\"><\/p>\n\n\n<figure class=\"wp-block-video\"><video controls poster=\"https:\/\/burscheid-sonnenblume.de\/wp-content\/uploads\/2020\/07\/Bildschirmfoto-2020-07-09-um-13.48.51.jpg\" src=\"https:\/\/burscheid-sonnenblume.de\/wp-content\/uploads\/2020\/07\/final-Den-CABito.mp4\"><\/video><figcaption>Inga pr\u00e4sentiert den CABito <\/figcaption><\/figure>\n\n\n\n<hr class=\"wp-block-separator\"\/>\n\n\n\n<p><\/p>\n","protected":false},"excerpt":{"rendered":"<p>CABito &#8211; ein barrierefreies Informationssystem, das Informationen f\u00fcr alle Menschen zug\u00e4nglich macht. Dank des starken und engagierten F\u00f6rdervereins verf\u00fcgt die Caritas Kindertagesst\u00e4tte &#8220;Sonnenblume&#8221; nun \u00fcber ein CABito Terminal. Unsere Informationen &#8211; Verst\u00e4ndlich f\u00fcr alle und jeden erreichbar. F\u00fcr einige Menschen<\/p>\n","protected":false},"author":1,"featured_media":6342,"parent":0,"menu_order":0,"comment_status":"closed","ping_status":"closed","template":"","meta":{"footnotes":""},"class_list":["post-957","page","type-page","status-publish","has-post-thumbnail","hentry"],"_links":{"self":[{"href":"https:\/\/burscheid-sonnenblume.de\/index.php?rest_route=\/wp\/v2\/pages\/957","targetHints":{"allow":["GET"]}}],"collection":[{"href":"https:\/\/burscheid-sonnenblume.de\/index.php?rest_route=\/wp\/v2\/pages"}],"about":[{"href":"https:\/\/burscheid-sonnenblume.de\/index.php?rest_route=\/wp\/v2\/types\/page"}],"author":[{"embeddable":true,"href":"https:\/\/burscheid-sonnenblume.de\/index.php?rest_route=\/wp\/v2\/users\/1"}],"replies":[{"embeddable":true,"href":"https:\/\/burscheid-sonnenblume.de\/index.php?rest_route=%2Fwp%2Fv2%2Fcomments&post=957"}],"version-history":[{"count":22,"href":"https:\/\/burscheid-sonnenblume.de\/index.php?rest_route=\/wp\/v2\/pages\/957\/revisions"}],"predecessor-version":[{"id":3642,"href":"https:\/\/burscheid-sonnenblume.de\/index.php?rest_route=\/wp\/v2\/pages\/957\/revisions\/3642"}],"wp:featuredmedia":[{"embeddable":true,"href":"https:\/\/burscheid-sonnenblume.de\/index.php?rest_route=\/wp\/v2\/media\/6342"}],"wp:attachment":[{"href":"https:\/\/burscheid-sonnenblume.de\/index.php?rest_route=%2Fwp%2Fv2%2Fmedia&parent=957"}],"curies":[{"name":"wp","href":"https:\/\/api.w.org\/{rel}","templated":true}]}}