{"id":93,"date":"2019-09-13T12:12:45","date_gmt":"2019-09-13T12:12:45","guid":{"rendered":"http:\/\/burscheid-sonnenblume.de\/?page_id=93"},"modified":"2026-02-02T14:34:32","modified_gmt":"2026-02-02T13:34:32","slug":"oeffnungszeiten-termine-und-schliessungszeiten","status":"publish","type":"page","link":"https:\/\/burscheid-sonnenblume.de\/?page_id=93","title":{"rendered":"\u00d6ffnungs-, Betreuungs- und Schlie\u00dfungszeiten"},"content":{"rendered":"<h5 style=\"text-align: left;\"><span style=\"color: #6b8e23;\">\u00d6ffnungszeiten\/ B\u00fcrozeiten der Einrichtung<\/span><\/h5>\n<p><span class=\"js-text-content content-block\">Wir sind montags bis donnerstags von 07:00 &#8211; 16:15 Uhr und freitags von 07:00 &#8211; 15:00 Uhr im Rahmen unserer \u00d6ffnungszeiten f\u00fcr Sie erreichbar. <br \/><\/span><span class=\"js-text-content content-block\">F\u00fcr Anmeldungen oder ausf\u00fchrliche Gespr\u00e4che vereinbaren wir gerne mit Ihnen einen Termin &#8211; wir freuen uns \u00fcber Ihren Anruf 02174\/ 5213<br \/><\/span><\/p>\n<hr \/>\n<h5 style=\"text-align: left;\"><span style=\"color: #6b8e23;\">Betreuungszeiten<\/span><b><span style=\"color: #6b8e23;\"><br \/><\/span><\/b><\/h5>\n<p>Auch wir bieten Ihnen drei Betreuungszeiten f\u00fcr Ihre Kinder an. Hier unterscheiden wir zwischen 25, 35 und 45 Wochenstunden. Welches dieser Stundenkontingente f\u00fcr Ihr Kind &amp; Sie am stimmigsten ist, wird in der Regel zu Beginn jedes Kindergartenjahres festgelegt.<\/p>\n<ul>\n<li><strong>Vormittagsplatz maximal 25 Wochenstunden:<\/strong><br \/>(Bei einer \u00d6ffnung von 25 Stunden &#8211;<br \/>Montags &#8211; freitags von 07:00 bis 12:00 Uhr)<\/li>\n<li><strong>Blockplatz maximal 35 Wochenstunden:<\/strong><br \/>(Bei einer \u00d6ffnung von 35 Stunden<br \/>Montags &#8211; freitags von 07:00 \u00a0bis 14:00 Uhr)<\/li>\n<li><strong>Tagesst\u00e4ttenplatz maximal 45 Wochenstunden <br \/><\/strong>Montags bis donnerstags von 07:00 bis 16:15 Uhr,<br \/>freitags von 07:00 bis 15:00 Uhr<\/li>\n<\/ul>\n<hr \/>\n<h5><span style=\"color: #6b8e23;\">Termine wie Feste, Feiern, Ausfl\u00fcge und besondere Ereignisse<\/span><\/h5>\n<p><img loading=\"lazy\" decoding=\"async\" class=\"wp-image-7870  alignleft\" src=\"https:\/\/burscheid-sonnenblume.de\/wp-content\/uploads\/2023\/09\/kikom-n.png\" alt=\"\" width=\"341\" height=\"94\" srcset=\"https:\/\/burscheid-sonnenblume.de\/wp-content\/uploads\/2023\/09\/kikom-n.png 660w, https:\/\/burscheid-sonnenblume.de\/wp-content\/uploads\/2023\/09\/kikom-n-300x83.png 300w\" sizes=\"auto, (max-width: 341px) 100vw, 341px\" \/>Aus Gr\u00fcnden des Datenschutzes haben wir uns bewusst dagegen entschieden, die Termine\u00a0 f\u00fcr jeden einsehbar im Internet zu ver\u00f6ffentlichen. Um trotzdem auch Besuchern wie bspw. Gro\u00dfeltern oder externe G\u00e4ste erreichen zu k\u00f6nnen, infomieren wir durch gezielte Aush\u00e4nge an den Pinnw\u00e4nden der Gruppe, dem Inforahmen im Eingangsbereich oder dem Schaukasten vor unserer Einrichtung.<\/p>\n<p>Unsere Eltern werden \u00fcber alle Termine mithilfe der <a href=\"https:\/\/kikom-kita-app.de\/\">KIKom-Kita-App<\/a> informiert. Einen Artikel zu unserer Kita\/ Eltern App finden Sie <a href=\"https:\/\/burscheid-sonnenblume.de\/?p=7840\">HIER.<\/a><\/p>\n<hr \/>\n<h5 style=\"text-align: left;\"><span style=\"color: #6b8e23;\">Schlie\u00dfungszeiten der Einrichtung<br \/><\/span><\/h5>\n<p>Fr\u00fchzeitig informieren wir \u00fcber unsere Ferien- und Schlie\u00dfungstage, welche die Empfehlung des \u00a713e KiBiz <em>(<\/em> <em>\u2026die Anzahl der j\u00e4hrlichen Schlie\u00dftage, ohne Wochenend- und Feiertage, soll 20 und darf auch in Ausnahmef\u00e4llen 27 \u00d6ffnungstage nicht \u00fcberschreiten)<\/em><\/p>\n<p>Die Schlie\u00dfzeiten verstehen sich vorbehaltlich der Zustimmung des Tr\u00e4gers sowie der Bewilligung durch das Kreisjugendamt Berg.-Gladbach.\u00a0(Antrag auf Flexibilisierung der Betreuungszeiten \u00a7 48 KiBiz)<\/p>\n<hr \/>\n<h5><span style=\"color: #6b8e23;\">Das Kindergartenjahr 2025\/ 2026 geht vom 01.08.2025 bis einschlie\u00dflich 31.07.2026<\/span><\/h5>\n\n\n<figure class=\"wp-block-table\"><table><tbody><tr><td class=\"has-text-align-center\" data-align=\"center\"><strong>Kindergartenjahr 2025\/ 2026<\/strong><\/td><td class=\"has-text-align-center\" data-align=\"center\"><strong>Schlie\u00dfungsgrund<\/strong><\/td><td class=\"has-text-align-center\" data-align=\"center\"><strong>Datum\/ Dauer<\/strong><\/td><\/tr><tr><td class=\"has-text-align-center\" data-align=\"center\">Kindergartenjahr 2025\/ 2026<\/td><td class=\"has-text-align-center\" data-align=\"center\">Betriebsausflug 2026<\/td><td class=\"has-text-align-center\" data-align=\"center\">24.04.2026 (1 Tag)<\/td><\/tr><tr><td class=\"has-text-align-center\" data-align=\"center\">Kindergartenjahr 2025\/ 2026<\/td><td class=\"has-text-align-center\" data-align=\"center\">Sommerferien 2026<\/td><td class=\"has-text-align-center\" data-align=\"center\">20.07.2026 &#8211; 31.08.2026 (10 Tage)<br>Wir \u00f6ffnen die Kita. wieder am 10.08.2026<\/td><\/tr><\/tbody><\/table><figcaption class=\"wp-element-caption\">Stand: 02.02.2026<\/figcaption><\/figure>\n\n\n\n<hr class=\"wp-block-separator has-css-opacity\"\/>\n\n\n<h5><span style=\"color: #6b8e23;\">Das Kindergartenjahr 2026\/ 2027 geht vom 01.08.2026 bis einschlie\u00dflich 31.07.2027<\/span><\/h5>\n\n\n<figure class=\"wp-block-table\"><table class=\"has-fixed-layout\"><tbody><tr><td class=\"has-text-align-center\" data-align=\"center\"><strong>Kindergartenjahr 2026\/ 2027<\/strong><\/td><td class=\"has-text-align-center\" data-align=\"center\"><strong>Schlie\u00dfungsgrund<\/strong><\/td><td class=\"has-text-align-center\" data-align=\"center\"><strong>Datum\/ Dauer<\/strong><\/td><\/tr><tr><td class=\"has-text-align-center\" data-align=\"center\">Kindergartenjahr 2026\/ 2027<\/td><td class=\"has-text-align-center\" data-align=\"center\">Sommerferien 2026<\/td><td class=\"has-text-align-center\" data-align=\"center\">01.08.2026 &#8211; 07.08.2026 (5 Tage)<br>Wir \u00f6ffnen die Kita. wieder am 10.08.2026<\/td><\/tr><tr><td class=\"has-text-align-center\" data-align=\"center\">Kindergartenjahr 2026\/ 2027<\/td><td class=\"has-text-align-center\" data-align=\"center\">Fachtag des Rheinisch-Bergischen Kreises<\/td><td class=\"has-text-align-center\" data-align=\"center\">09.11.2026 (1 Tag)<\/td><\/tr><tr><td class=\"has-text-align-center\" data-align=\"center\">Kindergartenjahr 2026\/ 2027<\/td><td class=\"has-text-align-center\" data-align=\"center\">Weihnachten\/ Sylvester 2026<\/td><td class=\"has-text-align-center\" data-align=\"center\">28.12.2026 &#8211; einschl. 30.12.2026 (3 Tage)<\/td><\/tr><tr><td class=\"has-text-align-center\" data-align=\"center\">Kindergartenjahr 2026\/ 2027<\/td><td class=\"has-text-align-center\" data-align=\"center\">Konzeptionstag 2027<\/td><td class=\"has-text-align-center\" data-align=\"center\"><strong>noch nicht terminiert (2 Tage)<\/strong><\/td><\/tr><tr><td class=\"has-text-align-center\" data-align=\"center\">Kindergartenjahr 2026\/ 2027<\/td><td class=\"has-text-align-center\" data-align=\"center\">Betriebsausflug 2027<\/td><td class=\"has-text-align-center\" data-align=\"center\"><strong>noch nicht terminiert (1 Tag)<\/strong><\/td><\/tr><tr><td class=\"has-text-align-center\" data-align=\"center\">Kindergartenjahr 2026\/ 2027<\/td><td class=\"has-text-align-center\" data-align=\"center\">Sommerferien 2027<\/td><td class=\"has-text-align-center\" data-align=\"center\">19.07.2027 &#8211; 30.07.2027 (10 Tage)<br>Wir \u00f6ffnen die Kita. wieder am 09.08.2026<\/td><\/tr><\/tbody><\/table><figcaption class=\"wp-element-caption\">Stand 02.02.2026<\/figcaption><\/figure>\n\n\n\n<p><\/p>\n","protected":false},"excerpt":{"rendered":"<p>\u00d6ffnungszeiten\/ B\u00fcrozeiten der Einrichtung Wir sind montags bis donnerstags von 07:00 &#8211; 16:15 Uhr und freitags von 07:00 &#8211; 15:00 Uhr im Rahmen unserer \u00d6ffnungszeiten f\u00fcr Sie erreichbar. F\u00fcr Anmeldungen oder ausf\u00fchrliche Gespr\u00e4che vereinbaren wir gerne mit Ihnen einen Termin<\/p>\n","protected":false},"author":1,"featured_media":0,"parent":0,"menu_order":0,"comment_status":"closed","ping_status":"closed","template":"","meta":{"footnotes":""},"class_list":["post-93","page","type-page","status-publish","hentry"],"_links":{"self":[{"href":"https:\/\/burscheid-sonnenblume.de\/index.php?rest_route=\/wp\/v2\/pages\/93","targetHints":{"allow":["GET"]}}],"collection":[{"href":"https:\/\/burscheid-sonnenblume.de\/index.php?rest_route=\/wp\/v2\/pages"}],"about":[{"href":"https:\/\/burscheid-sonnenblume.de\/index.php?rest_route=\/wp\/v2\/types\/page"}],"author":[{"embeddable":true,"href":"https:\/\/burscheid-sonnenblume.de\/index.php?rest_route=\/wp\/v2\/users\/1"}],"replies":[{"embeddable":true,"href":"https:\/\/burscheid-sonnenblume.de\/index.php?rest_route=%2Fwp%2Fv2%2Fcomments&post=93"}],"version-history":[{"count":85,"href":"https:\/\/burscheid-sonnenblume.de\/index.php?rest_route=\/wp\/v2\/pages\/93\/revisions"}],"predecessor-version":[{"id":9249,"href":"https:\/\/burscheid-sonnenblume.de\/index.php?rest_route=\/wp\/v2\/pages\/93\/revisions\/9249"}],"wp:attachment":[{"href":"https:\/\/burscheid-sonnenblume.de\/index.php?rest_route=%2Fwp%2Fv2%2Fmedia&parent=93"}],"curies":[{"name":"wp","href":"https:\/\/api.w.org\/{rel}","templated":true}]}}