{"id":9131,"date":"2025-10-21T11:13:19","date_gmt":"2025-10-21T10:13:19","guid":{"rendered":"https:\/\/burscheid-sonnenblume.de\/?page_id=9131"},"modified":"2025-12-12T09:10:43","modified_gmt":"2025-12-12T08:10:43","slug":"jahresthema-2025","status":"publish","type":"page","link":"https:\/\/burscheid-sonnenblume.de\/?page_id=9131","title":{"rendered":"Unser Weihnachtsgru\u00df 2025&#8230;"},"content":{"rendered":"<h5><span style=\"color: #6b8e23;\">&#8230; und gute W\u00fcnsche f\u00fcr das Jahr 2026<\/span><\/h5>\n<p><img loading=\"lazy\" decoding=\"async\" class=\"alignleft wp-image-9137 size-full\" src=\"https:\/\/burscheid-sonnenblume.de\/wp-content\/uploads\/2025\/10\/Bild-Heilige-Drei-Koenige-e1761042379101.jpg\" alt=\"\" width=\"521\" height=\"358\" srcset=\"https:\/\/burscheid-sonnenblume.de\/wp-content\/uploads\/2025\/10\/Bild-Heilige-Drei-Koenige-e1761042379101.jpg 521w, https:\/\/burscheid-sonnenblume.de\/wp-content\/uploads\/2025\/10\/Bild-Heilige-Drei-Koenige-e1761042379101-300x206.jpg 300w\" sizes=\"auto, (max-width: 521px) 100vw, 521px\" \/>Das Jahr 2025 ist fast wieder vor\u00fcber, und wir blicken zur\u00fcck auf das, was uns als Kindertagesst\u00e4tte besch\u00e4ftigt hat.<\/p>\n<p>In der Gesellschaft ist zum Teil Unmut und Angespanntheit sp\u00fcrbar, die Geschehnisse in unserem Land und in der Welt machen vielfach traurig und private Probleme und Sorgen innerhalb von Familien erschweren oftmals den Alltag.<\/p>\n<ul>\n<li>Wie reagieren wir darauf und was k\u00f6nnen wir als Einrichtung tun, um dem entgegenzuwirken?<\/li>\n<li>Was m\u00f6chten wir den Kindern vermitteln und ihnen f\u00fcr ihr Leben auf den Weg geben?<\/li>\n<\/ul>\n<p>In diesem Jahr, aber auch jetzt in der Weihnachtszeit denken wir besonders an das, was wirklich z\u00e4hlt im Leben: Liebe, Geborgenheit und das Miteinander.<\/p>\n<p>Die Weihnachtsgeschichte erz\u00e4hlt uns von Hoffnung, Mitgef\u00fchl und einem Kind, das in die Welt kam, um Licht zu bringen \u2013 in eine Zeit, die von Unsicherheit gepr\u00e4gt war. Diese Botschaft ist auch heute noch aktuell und mutmachend.<\/p>\n<p>In unserer Kindertagesst\u00e4tte leben wir diese Werte im Alltag \u2013 verbunden mit den Grundwerten, die unser gemeinsames Leben tragen, ohne das ein friedvolles Miteinander in Freiheit und Frieden unm\u00f6glich w\u00e4re: Gleichberechtigung, Mitbestimmung, Vielfalt, Respekt und Solidarit\u00e4t. Werte, die es gilt, mit aller Vehemenz zu verteidigen, zu sch\u00fctzen und auch schon den Kleinsten mitzugeben.<\/p>\n<p>Wir m\u00f6chten, dass Kinder erfahren d\u00fcrfen, was Menschlichkeit bedeutet und wie sch\u00f6n es ist, in einer Gemeinschaft zu wachsen, die tr\u00e4gt und sich gegenseitig st\u00e4rkt.<\/p>\n<p>Daher fanden dieses Jahr bei uns in der Sonnenblume eine ganze Reihe von tollen Aktionen statt, die die Kinder und uns froh und stark gemacht haben. Es ging vor allem immer wieder um Freiheit, Frieden, Mitbestimmung und Vielfalt.<\/p>\n<p>Wir m\u00f6chten als Sonnenblume Vorbild sein &#8211; und das nicht nur innerhalb unserer Einrichtung, sondern auch nach au\u00dfen. Wir m\u00f6chten anderen zeigen, wie wichtig es ist, f\u00fcr das Positive, f\u00fcr Hoffnung, f\u00fcr Frieden und Freiheit einzustehen. Im Nachgang k\u00f6nnen Sie sich durch unsere Homepage clicken und alle Informationen zu unseren sch\u00f6nen Aktionen in Ruhe durchlesen. Es lohnt sich!<\/p>\n<p>Wir sind sehr dankbar f\u00fcr das gute Miteinander und die vielen besonderen Momente in diesem zu Ende gehenden Jahr.<\/p>\n<p>Allen Kindern, Familien, Mitarbeitenden und Freunden und Freundinnen der Sonnenblume w\u00fcnschen wir frohe Weihnachten und ein gesegnetes neues Jahr voller Licht, W\u00e4rme und Zuversicht.<\/p>\n<hr \/>\n<h5 style=\"text-align: left;\"><span style=\"color: #6b8e23;\">R\u00fcckblick &#8211; Hervorzuhebende Themen und Aktionen der Kita Sonnenblume von Fr\u00fchjahr bis Herbst 2025<\/span><\/h5>\n\n<div id=\"mtphr-dnt-9134\" class=\"mtphr-dnt mtphr-dnt-9134 mtphr-dnt-default mtphr-dnt-list\"><div class=\"mtphr-dnt-wrapper mtphr-dnt-clearfix\"><div class=\"mtphr-dnt-tick-container\"><div class=\"mtphr-dnt-tick-contents\"><div style=\"margin-bottom:10px;\" class=\"mtphr-dnt-tick mtphr-dnt-default-tick mtphr-dnt-clearfix \"><table class=\"mtphr-dnt-grid\"><tr class=\"mtphr-dnt-grid-row mtphr-dnt-grid-row-1\"><td class=\"mtphr-dnt-grid-item mtphr-dnt-grid-item-1 mtphr-dnt-grid-item-default\" style=\"padding:5px;\"><blockquote class=\"wp-embedded-content\" data-secret=\"wNpwqyRgk6\"><a href=\"https:\/\/burscheid-sonnenblume.de\/?p=9032\">2. Platz f\u00fcr das Video der Kita. Sonnenblume &#8211; Mensch Leute! Lebt Freiheit!<\/a><\/blockquote><iframe loading=\"lazy\" class=\"wp-embedded-content\" sandbox=\"allow-scripts\" security=\"restricted\" style=\"position: absolute; visibility: hidden;\" title=\"&#8222;2. Platz f\u00fcr das Video der Kita. Sonnenblume &#8211; Mensch Leute! Lebt Freiheit!&#8220; &#8212; F\u00f6rderverein Kindergarten Sonnenblume Hilgen e. V.\" src=\"https:\/\/burscheid-sonnenblume.de\/?p=9032&#038;embed=true#?secret=1zicKUl66r#?secret=wNpwqyRgk6\" data-secret=\"wNpwqyRgk6\" width=\"600\" height=\"338\" frameborder=\"0\" marginwidth=\"0\" marginheight=\"0\" scrolling=\"no\"><\/iframe><\/td><td class=\"mtphr-dnt-grid-item mtphr-dnt-grid-item-2 mtphr-dnt-grid-item-default\" style=\"padding:5px;\"><blockquote class=\"wp-embedded-content\" data-secret=\"pSgYF0xYwm\"><a href=\"https:\/\/burscheid-sonnenblume.de\/?p=9067\">\u201eMensch Leute! Kinder feiern Freiheit, Vielfalt &#038; Rechte!\u201c<\/a><\/blockquote><iframe loading=\"lazy\" class=\"wp-embedded-content\" sandbox=\"allow-scripts\" security=\"restricted\" style=\"position: absolute; visibility: hidden;\" title=\"&#8222;\u201eMensch Leute! Kinder feiern Freiheit, Vielfalt &#038; Rechte!\u201c&#8220; &#8212; F\u00f6rderverein Kindergarten Sonnenblume Hilgen e. V.\" src=\"https:\/\/burscheid-sonnenblume.de\/?p=9067&#038;embed=true#?secret=mZck8xFUCu#?secret=pSgYF0xYwm\" data-secret=\"pSgYF0xYwm\" width=\"600\" height=\"338\" frameborder=\"0\" marginwidth=\"0\" marginheight=\"0\" scrolling=\"no\"><\/iframe><\/td><\/tr><tr class=\"mtphr-dnt-grid-row mtphr-dnt-grid-row-2\"><td class=\"mtphr-dnt-grid-item mtphr-dnt-grid-item-1 mtphr-dnt-grid-item-default\" style=\"padding:5px;\"><blockquote class=\"wp-embedded-content\" data-secret=\"9ZEszv24c8\"><a href=\"https:\/\/burscheid-sonnenblume.de\/?p=9150\">Kinderkonferenz: Die Verhaltensampel<\/a><\/blockquote><iframe loading=\"lazy\" class=\"wp-embedded-content\" sandbox=\"allow-scripts\" security=\"restricted\" style=\"position: absolute; visibility: hidden;\" title=\"&#8222;Kinderkonferenz: Die Verhaltensampel&#8220; &#8212; F\u00f6rderverein Kindergarten Sonnenblume Hilgen e. V.\" src=\"https:\/\/burscheid-sonnenblume.de\/?p=9150&#038;embed=true#?secret=MsDSkvMoSM#?secret=9ZEszv24c8\" data-secret=\"9ZEszv24c8\" width=\"600\" height=\"338\" frameborder=\"0\" marginwidth=\"0\" marginheight=\"0\" scrolling=\"no\"><\/iframe><\/td><td class=\"mtphr-dnt-grid-item mtphr-dnt-grid-item-2 mtphr-dnt-grid-item-default\" style=\"padding:5px;\"><blockquote class=\"wp-embedded-content\" data-secret=\"OkSsOUghCA\"><a href=\"https:\/\/burscheid-sonnenblume.de\/?p=9074\">Mitbestimmen von Anfang an \u2013 Demokratie in der Kita erleben<\/a><\/blockquote><iframe loading=\"lazy\" class=\"wp-embedded-content\" sandbox=\"allow-scripts\" security=\"restricted\" style=\"position: absolute; visibility: hidden;\" title=\"&#8222;Mitbestimmen von Anfang an \u2013 Demokratie in der Kita erleben&#8220; &#8212; F\u00f6rderverein Kindergarten Sonnenblume Hilgen e. V.\" src=\"https:\/\/burscheid-sonnenblume.de\/?p=9074&#038;embed=true#?secret=Z5iGyarhgT#?secret=OkSsOUghCA\" data-secret=\"OkSsOUghCA\" width=\"600\" height=\"338\" frameborder=\"0\" marginwidth=\"0\" marginheight=\"0\" scrolling=\"no\"><\/iframe><\/td><\/tr><\/table><\/div><div style=\"margin-bottom:10px;\" class=\"mtphr-dnt-tick mtphr-dnt-default-tick mtphr-dnt-clearfix \"><table class=\"mtphr-dnt-grid\"><tr class=\"mtphr-dnt-grid-row mtphr-dnt-grid-row-1\"><td class=\"mtphr-dnt-grid-item mtphr-dnt-grid-item-1 mtphr-dnt-grid-item-default\" style=\"padding:5px;\"><blockquote class=\"wp-embedded-content\" data-secret=\"UQ6fd4Lnt0\"><a href=\"https:\/\/burscheid-sonnenblume.de\/?page_id=6161\">Die &#8220;nachhaltige&#8221; Laternenwerkstatt in der Sonnenblume<\/a><\/blockquote><iframe loading=\"lazy\" class=\"wp-embedded-content\" sandbox=\"allow-scripts\" security=\"restricted\" style=\"position: absolute; visibility: hidden;\" title=\"&#8222;Die &#8220;nachhaltige&#8221; Laternenwerkstatt in der Sonnenblume&#8220; &#8212; F\u00f6rderverein Kindergarten Sonnenblume Hilgen e. V.\" src=\"https:\/\/burscheid-sonnenblume.de\/?page_id=6161&#038;embed=true#?secret=j7eu9L1343#?secret=UQ6fd4Lnt0\" data-secret=\"UQ6fd4Lnt0\" width=\"600\" height=\"338\" frameborder=\"0\" marginwidth=\"0\" marginheight=\"0\" scrolling=\"no\"><\/iframe><\/td><td class=\"mtphr-dnt-grid-item mtphr-dnt-grid-item-2 mtphr-dnt-grid-item-default\" style=\"padding:5px;\"><blockquote class=\"wp-embedded-content\" data-secret=\"4lgUNABFym\"><a href=\"https:\/\/burscheid-sonnenblume.de\/?p=9144\">Wandbemalung \u201eAus alt mach sch\u00f6n\u201c<\/a><\/blockquote><iframe loading=\"lazy\" class=\"wp-embedded-content\" sandbox=\"allow-scripts\" security=\"restricted\" style=\"position: absolute; visibility: hidden;\" title=\"&#8222;Wandbemalung \u201eAus alt mach sch\u00f6n\u201c&#8220; &#8212; F\u00f6rderverein Kindergarten Sonnenblume Hilgen e. V.\" src=\"https:\/\/burscheid-sonnenblume.de\/?p=9144&#038;embed=true#?secret=PtWkY57upo#?secret=4lgUNABFym\" data-secret=\"4lgUNABFym\" width=\"600\" height=\"338\" frameborder=\"0\" marginwidth=\"0\" marginheight=\"0\" scrolling=\"no\"><\/iframe><\/td><\/tr><tr class=\"mtphr-dnt-grid-row mtphr-dnt-grid-row-2\"><td class=\"mtphr-dnt-grid-item mtphr-dnt-grid-item-1 mtphr-dnt-grid-item-default\" style=\"padding:5px;\"><blockquote class=\"wp-embedded-content\" data-secret=\"tbrCft6ubu\"><a href=\"https:\/\/burscheid-sonnenblume.de\/?p=5848\">Video &#8211; Inga pr\u00e4sentiert die Wahl zum Kinderparlament<\/a><\/blockquote><iframe loading=\"lazy\" class=\"wp-embedded-content\" sandbox=\"allow-scripts\" security=\"restricted\" style=\"position: absolute; visibility: hidden;\" title=\"&#8222;Video &#8211; Inga pr\u00e4sentiert die Wahl zum Kinderparlament&#8220; &#8212; F\u00f6rderverein Kindergarten Sonnenblume Hilgen e. V.\" src=\"https:\/\/burscheid-sonnenblume.de\/?p=5848&#038;embed=true#?secret=9sU4DTGO4D#?secret=tbrCft6ubu\" data-secret=\"tbrCft6ubu\" width=\"600\" height=\"338\" frameborder=\"0\" marginwidth=\"0\" marginheight=\"0\" scrolling=\"no\"><\/iframe><\/td><td class=\"mtphr-dnt-grid-item mtphr-dnt-grid-item-2 mtphr-dnt-grid-item-default\" style=\"padding:5px;\"><blockquote class=\"wp-embedded-content\" data-secret=\"v3TNT8AnNI\"><a href=\"https:\/\/burscheid-sonnenblume.de\/?page_id=25\">Kinderparlament &#038; Partizipation<\/a><\/blockquote><iframe loading=\"lazy\" class=\"wp-embedded-content\" sandbox=\"allow-scripts\" security=\"restricted\" style=\"position: absolute; visibility: hidden;\" title=\"&#8222;Kinderparlament &#038; Partizipation&#8220; &#8212; F\u00f6rderverein Kindergarten Sonnenblume Hilgen e. V.\" src=\"https:\/\/burscheid-sonnenblume.de\/?page_id=25&#038;embed=true#?secret=AFQn3P5Zo3#?secret=v3TNT8AnNI\" data-secret=\"v3TNT8AnNI\" width=\"600\" height=\"338\" frameborder=\"0\" marginwidth=\"0\" marginheight=\"0\" scrolling=\"no\"><\/iframe><\/td><\/tr><\/table><\/div><div class=\"mtphr-dnt-tick mtphr-dnt-default-tick mtphr-dnt-clearfix \"><table class=\"mtphr-dnt-grid\"><tr class=\"mtphr-dnt-grid-row mtphr-dnt-grid-row-1\"><td class=\"mtphr-dnt-grid-item mtphr-dnt-grid-item-1 mtphr-dnt-grid-item-default\" style=\"padding:5px;\"><blockquote class=\"wp-embedded-content\" data-secret=\"TWCvPDGtak\"><a href=\"https:\/\/burscheid-sonnenblume.de\/?page_id=631\">Konzepte zum Download<\/a><\/blockquote><iframe loading=\"lazy\" class=\"wp-embedded-content\" sandbox=\"allow-scripts\" security=\"restricted\" style=\"position: absolute; visibility: hidden;\" title=\"&#8222;Konzepte zum Download&#8220; &#8212; F\u00f6rderverein Kindergarten Sonnenblume Hilgen e. V.\" src=\"https:\/\/burscheid-sonnenblume.de\/?page_id=631&#038;embed=true#?secret=qMEorwt4SP#?secret=TWCvPDGtak\" data-secret=\"TWCvPDGtak\" width=\"600\" height=\"338\" frameborder=\"0\" marginwidth=\"0\" marginheight=\"0\" scrolling=\"no\"><\/iframe><\/td><td class=\"mtphr-dnt-grid-item mtphr-dnt-grid-item-2\" style=\"padding:5px;\"><\/td><\/tr><\/table><\/div><\/div><\/div><div class=\"mtphr-dnt-tick-paging\" style=\"margin-top:10px;\"><\/div><\/div><\/div>\n","protected":false},"excerpt":{"rendered":"<p>&#8230; und gute W\u00fcnsche f\u00fcr das Jahr 2026 Das Jahr 2025 ist fast wieder vor\u00fcber, und wir blicken zur\u00fcck auf das, was uns als Kindertagesst\u00e4tte besch\u00e4ftigt hat. In der Gesellschaft ist zum Teil Unmut und Angespanntheit sp\u00fcrbar, die Geschehnisse in<\/p>\n","protected":false},"author":1,"featured_media":9137,"parent":0,"menu_order":0,"comment_status":"closed","ping_status":"closed","template":"","meta":{"footnotes":""},"class_list":["post-9131","page","type-page","status-publish","has-post-thumbnail","hentry"],"_links":{"self":[{"href":"https:\/\/burscheid-sonnenblume.de\/index.php?rest_route=\/wp\/v2\/pages\/9131","targetHints":{"allow":["GET"]}}],"collection":[{"href":"https:\/\/burscheid-sonnenblume.de\/index.php?rest_route=\/wp\/v2\/pages"}],"about":[{"href":"https:\/\/burscheid-sonnenblume.de\/index.php?rest_route=\/wp\/v2\/types\/page"}],"author":[{"embeddable":true,"href":"https:\/\/burscheid-sonnenblume.de\/index.php?rest_route=\/wp\/v2\/users\/1"}],"replies":[{"embeddable":true,"href":"https:\/\/burscheid-sonnenblume.de\/index.php?rest_route=%2Fwp%2Fv2%2Fcomments&post=9131"}],"version-history":[{"count":10,"href":"https:\/\/burscheid-sonnenblume.de\/index.php?rest_route=\/wp\/v2\/pages\/9131\/revisions"}],"predecessor-version":[{"id":9216,"href":"https:\/\/burscheid-sonnenblume.de\/index.php?rest_route=\/wp\/v2\/pages\/9131\/revisions\/9216"}],"wp:featuredmedia":[{"embeddable":true,"href":"https:\/\/burscheid-sonnenblume.de\/index.php?rest_route=\/wp\/v2\/media\/9137"}],"wp:attachment":[{"href":"https:\/\/burscheid-sonnenblume.de\/index.php?rest_route=%2Fwp%2Fv2%2Fmedia&parent=9131"}],"curies":[{"name":"wp","href":"https:\/\/api.w.org\/{rel}","templated":true}]}}