{"id":830,"date":"2019-10-13T15:03:41","date_gmt":"2019-10-13T15:03:41","guid":{"rendered":"http:\/\/burscheid-sonnenblume.de\/?page_id=830"},"modified":"2021-12-23T12:40:24","modified_gmt":"2021-12-23T11:40:24","slug":"unsere-homepage-als-app","status":"publish","type":"page","link":"https:\/\/burscheid-sonnenblume.de\/?page_id=830","title":{"rendered":"Unsere Homepage als App"},"content":{"rendered":"<h5 style=\"text-align: left;\"><span class=\"wysiwyg-font-size-large\" style=\"color: #6b8e23;\">Alles in der praktischen Burscheid-Sonnenblume.de Web APP<\/span><\/h5>\n<p><img loading=\"lazy\" decoding=\"async\" class=\"wp-image-141 alignleft\" src=\"http:\/\/burscheid-sonnenblume.de\/wp-content\/uploads\/2019\/09\/Logo-Foerderverein-2019-300x260.png\" alt=\"\" width=\"132\" height=\"114\" \/>Mehr als euphorisch m\u00f6chten wir Ihnen von unserem neusten Schritt hinsichtlich der digitalisierung berichten. <br \/>Wir haben es geschafft &#8211; wir haben unsere eigene APP* Vor mehr als 15 Jahren waren wir die erste Kindertagesst\u00e4tte die eine eigene Homepage hatten. Heutzutage geh\u00f6rt die eigene Internetpr\u00e4senz selbstverst\u00e4ndlich zu jeder Kindertagestst\u00e4tte.<\/p>\n<p><img loading=\"lazy\" decoding=\"async\" class=\"size-medium wp-image-978 alignright\" src=\"http:\/\/burscheid-sonnenblume.de\/wp-content\/uploads\/2019\/10\/IMG_3980-300x87.jpg\" alt=\"\" width=\"300\" height=\"87\" srcset=\"https:\/\/burscheid-sonnenblume.de\/wp-content\/uploads\/2019\/10\/IMG_3980-300x87.jpg 300w, https:\/\/burscheid-sonnenblume.de\/wp-content\/uploads\/2019\/10\/IMG_3980-768x222.jpg 768w, https:\/\/burscheid-sonnenblume.de\/wp-content\/uploads\/2019\/10\/IMG_3980-1024x296.jpg 1024w, https:\/\/burscheid-sonnenblume.de\/wp-content\/uploads\/2019\/10\/IMG_3980.jpg 1125w\" sizes=\"auto, (max-width: 300px) 100vw, 300px\" \/><\/p>\n<p><i><b><span style=\"color: #6b8e23;\">&#8220;Eine eigene APP?, warum sollten wir nicht wieder die ersten sein!&#8221;<\/span> <\/b><\/i><\/p>\n<p>Nach langer recherche, zahlreichen experimenten und versuchen haben wir die Plattform\u00fcbergreifende L\u00f6sung f\u00fcr alle Smartphones, Tablets und Betriebssysteme gefunden. Die Homepage des F\u00f6rderverein Kindergarten Sonnenblume Hilgen e.V kann dank entsprechender Anpassung zuk\u00fcnftig problemlos als Web App auf Ihren Endger\u00e4ten genutzt werden. Zuk\u00fcnftig sparen Sie sich zahlreiche Klicks und nutzen unsere Internetpr\u00e4senes wie Sie es von bekannten APPs auf ihrem Smartphone bereits kennen. Mit nur einem klick auf das APP Icons des F\u00f6rderverein Kindergarten Sonnenblume Hilgen e.V gelangen Sie an alle wichtigen Informationen.<\/p>\n<p>Nat\u00fcrlich in der gewohnten Grafik und Darstellung.<\/p>\n<p><i><\/i><i><span class=\"wysiwyg-font-size-x-small\">*Ein Web App ist eine speziell programmierte HTML5 Website,<\/span><\/i> <i><span class=\"wysiwyg-font-size-x-small\">die das Endger\u00e4t erkennt und den Inhalt optimiert daf\u00fcr darstellt. <\/span><\/i><i><span class=\"wysiwyg-font-size-x-small\"><br \/>Das hat den gro\u00dfen Vorteil, dass jedes Endger\u00e4t, das \u00fcber einen Browser verf\u00fcgt, <\/span><\/i><i><span class=\"wysiwyg-font-size-x-small\">die App nutzen kann.<\/span><\/i><\/p>\n<hr \/>\n\n\n<div class=\"wp-block-columns has-2-columns is-layout-flex wp-container-core-columns-is-layout-1 wp-block-columns-is-layout-flex\">\n<div class=\"wp-block-column is-layout-flow wp-block-column-is-layout-flow\">\n<h5 class=\"has-text-align-center wp-block-heading\">F\u00f6rderverein Kindergarten Sonnenblume Hilgen e.V APP mit iOS Ger\u00e4ten (iPhone und iPad)<\/h5>\n\n\n\n<p><strong>Schritt 1: <\/strong>Starten Sie die APP Safari und besuchen Sie die Startseite unserer Homepage <a href=\"http:\/\/www.burscheid-sonnenblume.de\">www.burscheid-sonnenblume.de<\/a><\/p>\n\n\n\n<p><strong>Schritt 2: <\/strong>In der Sockelleiste klicken Sie auf das Icon mit dem Pfeil im Kasten.<br><strong>Schritt 3: <\/strong>Im gerade erschienenen Men\u00fc, haben Sie in der untersten Zeile verschiedene Auswahl m\u00f6glichlichkeiten. Hier wischen Sie mit dem Finger und suchen die option &#8220;Zum Home-Bildschirm&#8221; und klicken auf diese.<br><strong>Schritt 4: <\/strong>Jetzt vergeben Sie der APP einen Namen, der zuk\u00fcnftig unterhalb der APP angezeigt werden soll. <br>Wir empfehlen hier gerne der einfachheitshalber: Kita. Sonnenblume<br><strong>Schritt 5: <\/strong>Den gerade vergebenen Namen best\u00e4tigen Sie oben rechts mit dem abschlie\u00dfenden Klick auf &#8220;Hinzuf\u00fcgen&#8221;.<br><strong>Schritt 6: <\/strong>Fertig !!! Auf dem letzten Homescreen ihres iOS Ger\u00e4tes finden Sie nun kompfortabel das Icon des F\u00f6rdervereins.<\/p>\n<\/div>\n\n\n\n<div class=\"wp-block-column is-layout-flow wp-block-column-is-layout-flow\">\n<h5 class=\"has-text-align-center wp-block-heading\">F\u00f6rderverein Kindergarten Sonnenblume Hilgen e.V Web APP mit Android Ger\u00e4ten <em>(Beispiel f\u00fcr den Chrome-Browser)<\/em><\/h5>\n\n\n\n<p><strong>Schritt 1: <\/strong>Starten Sie den <strong>Chrome-Browser<\/strong> und besuchen Sie die Startseite unserer Homepage <a href=\"http:\/\/www.burscheid-sonnenblume.de\">www.burscheid-sonnenblume.de<\/a><\/p>\n\n\n\n<p><strong>Schritt 2: <\/strong>Tippen Sie oben rechts auf die drei kleinen Punkte, um das Men\u00fc zu \u00f6ffnen<br><strong>Schritt 3: <\/strong>W\u00e4hlen Sie \u201eZum Startbildschirm hinzuf\u00fcgen\u201c aus.<br><strong>Schritt 4: <\/strong>Das Icon mit dem entsprechenden Link zu unserer Web-App wird anschlie\u00dfend auf dem Homescreen abgelegt. <br><strong>Schritt 5: <\/strong>Hier k\u00f6nnen Sie der Verkn\u00fcpfung direkt einen Namen geben. Wir empfehlen hier gerne der einfachheitshalber: Kita. Sonnenblume<br><strong>Schritt 6: <\/strong>Fertig !!! Auf Ihrem Endger\u00e4t finden Sie nun kompfortabel das Icon des F\u00f6rdervereins.<\/p>\n<\/div>\n<\/div>\n\n\n\n<hr class=\"wp-block-separator\"\/>\n\n\n<h5><span style=\"color: #6b8e23;\">Warum wir uns f\u00fcr https:\/\/ entschieden haben \u2013 kleines s mit gro\u00dfer Wirkung<\/span><\/h5>\n<div class=\"wp-block-image\">\n<figure class=\"alignleft\"><img loading=\"lazy\" decoding=\"async\" width=\"300\" height=\"120\" class=\"wp-image-1388\" src=\"https:\/\/burscheid-sonnenblume.de\/wp-content\/uploads\/2019\/10\/https-3344700_640-300x120.jpg\" sizes=\"auto, (max-width: 300px) 100vw, 300px\" srcset=\"https:\/\/burscheid-sonnenblume.de\/wp-content\/uploads\/2019\/10\/https-3344700_640-300x120.jpg 300w, https:\/\/burscheid-sonnenblume.de\/wp-content\/uploads\/2019\/10\/https-3344700_640.jpg 640w\" alt=\"\"><\/figure>\n<\/div>\n<p>Zahlreiche Internetpr\u00e4senzen von Kindertagesst\u00e4tten, Vereinen und\/ oder Firmen nutzen noch das veraltete und nicht mehr sichere hypertext transer protokoll kurz http. Mit diesem Protokoll, wird der Inhalt von Webseiten zum Browser \u00fcbertragen. Warum wir uns f\u00fcr die sichere https \u00fcbertrageung entschieden haben, <a href=\"https:\/\/burscheid-sonnenblume.de\/?p=1462\">erfahren Sie HIER.<\/a><\/p>","protected":false},"excerpt":{"rendered":"<p>Alles in der praktischen Burscheid-Sonnenblume.de Web APP Mehr als euphorisch m\u00f6chten wir Ihnen von unserem neusten Schritt hinsichtlich der digitalisierung berichten. Wir haben es geschafft &#8211; wir haben unsere eigene APP* Vor mehr als 15 Jahren waren wir die erste<\/p>\n","protected":false},"author":1,"featured_media":978,"parent":0,"menu_order":0,"comment_status":"closed","ping_status":"closed","template":"","meta":{"footnotes":""},"class_list":["post-830","page","type-page","status-publish","has-post-thumbnail","hentry"],"_links":{"self":[{"href":"https:\/\/burscheid-sonnenblume.de\/index.php?rest_route=\/wp\/v2\/pages\/830","targetHints":{"allow":["GET"]}}],"collection":[{"href":"https:\/\/burscheid-sonnenblume.de\/index.php?rest_route=\/wp\/v2\/pages"}],"about":[{"href":"https:\/\/burscheid-sonnenblume.de\/index.php?rest_route=\/wp\/v2\/types\/page"}],"author":[{"embeddable":true,"href":"https:\/\/burscheid-sonnenblume.de\/index.php?rest_route=\/wp\/v2\/users\/1"}],"replies":[{"embeddable":true,"href":"https:\/\/burscheid-sonnenblume.de\/index.php?rest_route=%2Fwp%2Fv2%2Fcomments&post=830"}],"version-history":[{"count":35,"href":"https:\/\/burscheid-sonnenblume.de\/index.php?rest_route=\/wp\/v2\/pages\/830\/revisions"}],"predecessor-version":[{"id":6339,"href":"https:\/\/burscheid-sonnenblume.de\/index.php?rest_route=\/wp\/v2\/pages\/830\/revisions\/6339"}],"wp:featuredmedia":[{"embeddable":true,"href":"https:\/\/burscheid-sonnenblume.de\/index.php?rest_route=\/wp\/v2\/media\/978"}],"wp:attachment":[{"href":"https:\/\/burscheid-sonnenblume.de\/index.php?rest_route=%2Fwp%2Fv2%2Fmedia&parent=830"}],"curies":[{"name":"wp","href":"https:\/\/api.w.org\/{rel}","templated":true}]}}