{"id":8062,"date":"2023-11-28T11:43:10","date_gmt":"2023-11-28T10:43:10","guid":{"rendered":"https:\/\/burscheid-sonnenblume.de\/?page_id=8062"},"modified":"2023-12-14T09:15:17","modified_gmt":"2023-12-14T08:15:17","slug":"weihnachtsgruss-2023","status":"publish","type":"page","link":"https:\/\/burscheid-sonnenblume.de\/?page_id=8062","title":{"rendered":"Audio Weihnachtsgru\u00df 2023 &#8211; &#8220;Der alte Mann und das Pferd&#8221;"},"content":{"rendered":"<div class=\"wp-block-image\">\n<figure class=\"aligncenter size-full is-resized\"><img loading=\"lazy\" decoding=\"async\" width=\"800\" height=\"564\" src=\"https:\/\/burscheid-sonnenblume.de\/wp-content\/uploads\/2023\/12\/Weihnachten-Pferde-2023-hp.jpg\" alt=\"\" class=\"wp-image-8112\" style=\"width:580px;height:auto\" srcset=\"https:\/\/burscheid-sonnenblume.de\/wp-content\/uploads\/2023\/12\/Weihnachten-Pferde-2023-hp.jpg 800w, https:\/\/burscheid-sonnenblume.de\/wp-content\/uploads\/2023\/12\/Weihnachten-Pferde-2023-hp-300x212.jpg 300w, https:\/\/burscheid-sonnenblume.de\/wp-content\/uploads\/2023\/12\/Weihnachten-Pferde-2023-hp-768x541.jpg 768w\" sizes=\"auto, (max-width: 800px) 100vw, 800px\" \/><figcaption class=\"wp-element-caption\">Handabdr\u00fccke von Name und Name<\/figcaption><\/figure><\/div>\n\n\n<hr class=\"wp-block-separator has-alpha-channel-opacity\"\/>\n\n\n\n<figure class=\"wp-block-audio\"><audio controls src=\"https:\/\/burscheid-sonnenblume.de\/wp-content\/uploads\/2023\/12\/Audio-Der-alte-Mann-und-das-Pferd.mp3\" autoplay preload=\"auto\"><\/audio><figcaption class=\"wp-element-caption\">Henri erz\u00e4hlt die Geschichte &#8220;Der alte Mann und das Pferd&#8221;<\/figcaption><\/figure>\n\n\n<h5 style=\"text-align: center;\"><span style=\"color: #6b8e23;\">Eine kleine alte Geschichte, die vom Vertrauen in das Leben erz\u00e4hlt und\u00a0uns klar macht, <br \/>dass wir immer nur einen kleinen\u00a0Ausschnitt dieses Lebens sehen\u00a0k\u00f6nnen.<\/span><\/h5>\n<p><em>Eine sch\u00f6ne Geschichte namens \u201eDer alte Mann und das Pferd\u201c hat uns dieses Jahr sehr angesprochen. Sie handelt vom Vertrauen in das Gute im Leben und die F\u00e4higkeit, alle kommenden Niederlagen m\u00f6glichst gelassen hinzunehmen. Oft leichter gesagt als getan, denn bestimmte Ereignisse k\u00f6nnen uns im Leben ziemlich umhauen. Dennoch\u2026 es gibt immer einen Weg nach vorn, auch wenn alles \u00fcber uns hereinbricht. F\u00fcr uns als Sonnenblume war dieses Jahr sicherlich kein leichtes Jahr &#8211; f\u00fcr uns alle sehr herausfordernd und emotional. Doch egal was kommt, man darf niemals die Hoffnung verlieren und aufgeben. Wir schauen frohen Mutes nach vorn und sind dankbar f\u00fcr alles Gute, was wir erleben durften \u2013 auch in diesem turbulenten Jahr 2023.<\/em><\/p>\n<p><em>Es war einmal\u00a0ein alter Mann, der zur Zeit Laotses in einem kleinen\u00a0chinesischen Dorf\u00a0lebte. Der Mann lebte zusammen mit seinem einzigen Sohn\u00a0in einer kleinen\u00a0H\u00fctte am Rande des Dorfes. Ihr einziger Besitz war ein\u00a0wundersch\u00f6ner Hengst,\u00a0um den sie von allen im Dorf beneidet wurden. Es gab\u00a0schon unz\u00e4hlige\u00a0Kaufangebote, diese wurden jedoch immer strickt abgelehnt.\u00a0Das Pferd wurde\u00a0bei der Erntearbeit gebraucht und es geh\u00f6rte zur Familie, fast\u00a0wie ein\u00a0Freund.<\/em><\/p>\n<p><em>Eines Tages\u00a0war der Hengst verschwunden. Nachbarn kamen und sagten: \u201eDu\u00a0Dummkopf,\u00a0warum hast du das Pferd nicht verkauft? Nun ist es weg, die Ernte\u00a0ist\u00a0einzubringen und du hast gar nichts mehr, weder Pferd noch Geld f\u00fcr einen\u00a0Helfer. Was f\u00fcr ein Ungl\u00fcck!\u201c<\/em><\/p>\n<p><em>Der alte Mann sah sie an und sagte nur: \u201eUngl\u00fcck \u2013 Mal sehen, denn wer wei\u00df? Das Leben geht seinen eigenen Weg. Man soll nicht urteilen und kann nur vertrauen\u201c.<\/em><br \/><em>Das Leben musste jetzt ohne Pferd weitergehen und da gerade Erntezeit war, bedeutete das unheimliche Anstrengungen f\u00fcr Vater und Sohn. Es war fraglich ob sie es schaffen w\u00fcrden, die ganze Ernte einzubringen.<\/em><\/p>\n<p><em>Ein paar Tage\u00a0sp\u00e4ter, war der Hengst wieder da und mit ihm war ein Wildpferd\u00a0gekommen, das\u00a0sich dem Hengst angeschlossen hatte. Jetzt waren die Leute im\u00a0Dorf\u00a0begeistert. \u201eDu hast Recht gehabt\u201c, sagten sie zu dem alten Mann.\u00a0Das\u00a0Ungl\u00fcck war in Wirklichkeit ein Gl\u00fcck. Dieses herrliche Wildpferd als\u00a0Geschenk des Himmels, nun bist du ein reicher Mann\u2026\u201c<\/em><\/p>\n<p><em>Der Alte sagte nur: \u201eGl\u00fcck \u2013 Mal sehen, denn wer wei\u00df? Das Leben geht seinen eigenen Weg. Man soll nicht urteilen und kann nur vertrauen.\u201c<\/em><br \/><em>Die\u00a0Dorfbewohner sch\u00fcttelten den Kopf \u00fcber den wunderlichen Alten. Warum\u00a0konnte\u00a0er nicht sehen, was f\u00fcr ein unglaubliches Gl\u00fcck ihm widerfahren war?\u00a0Am\u00a0n\u00e4chsten Tag begann der Sohn des alten Mannes, das neue Wildpferd zu\u00a0z\u00e4hmen\u00a0und zuzureiten. Beim ersten Ausritt warf ihn dieses so heftig ab, dass\u00a0er\u00a0sich beide Beine brach.<\/em><\/p>\n<p><em>Die Nachbarn im Dorf versammelten sich und sagten\u00a0zu\u00a0dem alten Mann: \u201eDu hast Recht gehabt. Das Gl\u00fcck hat sich als Ungl\u00fcck\u00a0erwiesen, dein einziger Sohn ist jetzt ein Kr\u00fcppel. Und wer soll nun auf\u00a0deine\u00a0alten Tage f\u00fcr dich sorgen?\u201c<\/em><\/p>\n<p><em>Aber der Alte blieb gelassen und sagte zu\u00a0den\u00a0Leuten im Dorf:\u00a0\u201eUngl\u00fcck \u2013 Mal sehen, denn wer wei\u00df? Das Leben geht seinen eigenen Weg. Man soll nicht urteilen und kann nur vertrauen.\u201c Es war jetzt\u00a0alleine am alten Mann die restliche Ernte einzubringen. Zumindest\u00a0war das\u00a0neue Pferd soweit gez\u00e4hmt, dass er es als zweites Zugtier f\u00fcr den Pflug\u00a0nutzen konnte. Mit viel Schwei\u00df und Arbeit bis in die Dunkelheit, sicherte er\u00a0das Auskommen f\u00fcr sich und seinen Sohn.<\/em><\/p>\n<p><em>Ein paar Wochen sp\u00e4ter begann ein Krieg. Der K\u00f6nig brauchte Soldaten, und alle wehrf\u00e4higen jungen M\u00e4nner im Dorf wurden in die Armee gezwungen. Nur den Sohn des alten Mannes holten sie nicht ab, denn den konnten sie an seinen Kr\u00fccken nicht gebrauchen. \u201eAch, was hast du wieder f\u00fcr ein Gl\u00fcck gehabt!\u201c riefen die Leute im Dorf.Der Alte sagte:\u00a0<span style=\"color: #6b8e23;\">\u201eMal sehen, denn wer wei\u00df? Ich vertraue darauf, dass das Gl\u00fcck am Ende bei dem ist, der vertrauen kann.\u201c<\/span><\/em><\/p>\n<h5 style=\"text-align: center;\"><em><span style=\"color: #6b8e23;\">Wir w\u00fcnschen allen eine gesegnete Advents- und Weihnachtszeit mit dem Fokus auf alles Sch\u00f6ne in unserem Leben. Und auf ein gutes neues Jahr 2024 f\u00fcr uns alle!<\/span><\/em><\/h5>\n\n\n<hr class=\"wp-block-separator has-alpha-channel-opacity\"\/>\n\n\n\n<style id=\"bwg-style-0\">      #bwg_container1_0 #bwg_container2_0 #bwg_mosaic_thumbnails_div_0 {        width: 100%;        position: relative;        background-color: rgba(255, 255, 255, 0.00);        text-align: center;        justify-content: center;                  margin-left: auto;          margin-right: auto;                    padding-left: 2px;          padding-top: 2px;                }          #bwg_container1_0 #bwg_container2_0 .bwg_mosaic_thumb_0 {        display: block;        -moz-box-sizing: content-box !important;        -webkit-box-sizing: content-box !important;        box-sizing: content-box !important;        border-radius: 0;        border: 0px none #CCCCCC;        margin: 0;        opacity: 1.00;      }      #bwg_container1_0 #bwg_container2_0 .bwg_mosaic_thumb_spun_0 {        display: block;        position: absolute;        background-color:rgba(0,0,0, 0.30);        -moz-box-sizing: content-box !important;        -webkit-box-sizing: content-box !important;        box-sizing: content-box !important;      }      #bwg_container1_0 #bwg_container2_0 .bwg_mosaic_thumb_spun_0:hover {        opacity: 1;        backface-visibility: hidden;        -webkit-backface-visibility: hidden;        -moz-backface-visibility: hidden;        -ms-backface-visibility: hidden;        z-index: 102;      }\t     @media only screen and (min-width: 480px) {\t\t#bwg_container1_0 #bwg_container2_0 .bwg-container-0.bwg-mosaic-thumbnails .bwg-item0 img {\t\t\t-webkit-transition: -webkit-transform .3s; transition: transform .3s;\t\t}\t\t#bwg_container1_0 #bwg_container2_0 .bwg-container-0.bwg-mosaic-thumbnails .bwg-item0 img:hover {\t\t\t-ms-transform: scale(1.08);\t\t\t-webkit-transform: scale(1.08);\t\t\ttransform: scale(1.08);\t\t}\t\t      }\t      #bwg_container1_0 #bwg_container2_0 .bwg_mosaic_thumbnails_0 {        background-color: rgba(255, 255, 255, 0.00);        font-size: 0;        position: relative;        text-align: center;        display: inline-block;        visibility: hidden;              }\t  \/*image title styles*\/      #bwg_container1_0 #bwg_container2_0 .bwg_mosaic_title_spun1_0,      #bwg_container1_0 #bwg_container2_0 .bwg-mosaic-thumbnails .bwg_ecommerce_spun1_0 {        position: absolute;        display: block;        opacity: 0;        box-sizing: border-box;        text-align: center;      }      #bwg_container1_0 #bwg_container2_0 .bwg-mosaic-thumbnails .bwg_mosaic_title_spun2_0,      #bwg_container1_0 #bwg_container2_0 .bwg-mosaic-thumbnails .bwg_ecommerce_spun2_0 {\t\t    color: #323A45;        font-family: Ubuntu;        font-size: 16px;        font-weight: bold;        text-shadow: ;        vertical-align: middle;        word-wrap: break-word;      }            .bwg_mosaic_play_icon_spun_0 {        display: table;        position: absolute;        left: -10000px;        top: 0px;        opacity: 0;      }      .bwg_mosaic_play_icon_0 {        color: #323A45;        font-size: 32px;        vertical-align: middle;        display: table-cell !important;        z-index: 1;        text-align: center;        margin: 0 auto;      }      #bwg_container1_0 #bwg_container2_0 .bwg_gal_title_0 {        background-color: rgba(0, 0, 0, 0);        color: #323A45;        display: block;        font-family: Ubuntu;        font-size: 16px;        font-weight: bold;        padding: 2px;        text-shadow: ;        text-align: center;      }            @media screen and (max-width: 350px) {      div[class^=\"bwg_mosaic_thumbnails_\"],      span[class^=\"bwg_mosaic_thumb_spun_\"] {      width: 100% !important;      }      img[class^=\"bwg_mosaic_thumb_\"] {      width: 100% !important;      height: auto !important;      margin: 0px auto !important;      }      }      <\/style>    <div id=\"bwg_container1_0\"         class=\"bwg_container bwg_thumbnail bwg_thumbnails_mosaic\"         data-right-click-protection=\"0\"         data-bwg=\"0\"         data-gallery-type=\"thumbnails_mosaic\"         data-current-url=\"https:\/\/burscheid-sonnenblume.de\/index.php?rest_route=%2Fwp%2Fv2%2Fpages%2F8062\"         data-lightbox-url=\"https:\/\/burscheid-sonnenblume.de\/wp-admin\/admin-ajax.php?action=GalleryBox&#038;current_view=0&#038;gallery_id=62&#038;tag=0&#038;theme_id=1&#038;shortcode_id=135&#038;sort_by=order&#038;order_by=asc&#038;current_url=https%3A%2F%2Fburscheid-sonnenblume.de%2Findex.php%3Frest_route%3D%252Fwp%252Fv2%252Fpages%252F8062\"         data-gallery-id=\"62\"         data-popup-width=\"800\"         data-popup-height=\"500\"         data-is-album=\"gallery\"         data-buttons-position=\"bottom\">      <div id=\"bwg_container2_0\">             <div id=\"ajax_loading_0\" class=\"bwg_loading_div_1\">      <div class=\"bwg_loading_div_2\">        <div class=\"bwg_loading_div_3\">          <div id=\"loading_div_0\" class=\"bwg_spider_ajax_loading\">          <\/div>        <\/div>      <\/div>    <\/div>            <form id=\"gal_front_form_0\"              class=\"bwg-hidden\"              method=\"post\"              action=\"#\"              data-current=\"0\"              data-shortcode-id=\"135\"              data-gallery-type=\"thumbnails_mosaic\"              data-gallery-id=\"62\"              data-tag=\"0\"              data-album-id=\"0\"              data-theme-id=\"1\"              data-ajax-url=\"https:\/\/burscheid-sonnenblume.de\/wp-admin\/admin-ajax.php?action=bwg_frontend_data\">          <div id=\"bwg_container3_0\" class=\"bwg-background bwg-background-0\">                <div id=\"bwg_mosaic_thumbnails_div_0\"         class=\"bwg-container-0 bwg-container bwg-mosaic-thumbnails\"         data-bwg=\"0\"         data-mosaic-direction=\"vertical\"         data-resizable=\"0\"         data-width=\"250\"         data-height=\"250\"         data-total-width=\"100\"         data-block-id=\"bwg_thumbnails_mosaic_0\"         data-thumb-padding=\"2\"         data-thumb-border=\"0\"         data-title-margin=\"2px\"         data-image-title=\"none\"         data-play-icon=\"1\"         data-ecommerce-icon=\"none\"         data-gallery-id=\"62\"         data-lightbox-url=\"https:\/\/burscheid-sonnenblume.de\/wp-admin\/admin-ajax.php?action=GalleryBox&#038;current_view=0&#038;gallery_id=62&#038;tag=0&#038;theme_id=1&#038;shortcode_id=135&#038;sort_by=order&#038;order_by=asc&#038;current_url=https%3A%2F%2Fburscheid-sonnenblume.de%2Findex.php%3Frest_route%3D%252Fwp%252Fv2%252Fpages%252F8062\"         data-mosaic-thumb-transition=\"1\"         style=\"visibility: hidden\" >      <div id=\"bwg_thumbnails_mosaic_0\" class=\"bwg_mosaic_thumbnails_0\">                <a  class=\"bwg-a bwg_lightbox bwg_lightbox_0\" href=\"https:\/\/burscheid-sonnenblume.de\/wp-content\/uploads\/photo-gallery\/Pferd-2.jpg?bwg=1702541593\" data-image-id=\"784\" data-elementor-open-lightbox=\"no\">          <div class=\"bwg_mosaic_thumb_spun_0 bwg-item0 bwg-mosaic-thumb-span \">            <img decoding=\"async\" class=\"bwg_mosaic_thumb_0 skip-lazy bwg_img_clear bwg_img_custom \"                 id=\"784\"                 src=\"https:\/\/burscheid-sonnenblume.de\/wp-content\/uploads\/photo-gallery\/thumb\/Pferd-2.jpg?bwg=1702541593\"                 data-src=\"https:\/\/burscheid-sonnenblume.de\/wp-content\/uploads\/photo-gallery\/thumb\/Pferd-2.jpg?bwg=1702541593\"                 data-width=\"500\"                 data-height=\"353\"                 alt=\"\" \/>                      <\/div>        <\/a>              <a  class=\"bwg-a bwg_lightbox bwg_lightbox_0\" href=\"https:\/\/burscheid-sonnenblume.de\/wp-content\/uploads\/photo-gallery\/Pferd-1.jpg?bwg=1702541593\" data-image-id=\"785\" data-elementor-open-lightbox=\"no\">          <div class=\"bwg_mosaic_thumb_spun_0 bwg-item0 bwg-mosaic-thumb-span \">            <img decoding=\"async\" class=\"bwg_mosaic_thumb_0 skip-lazy bwg_img_clear bwg_img_custom \"                 id=\"785\"                 src=\"https:\/\/burscheid-sonnenblume.de\/wp-content\/uploads\/photo-gallery\/thumb\/Pferd-1.jpg?bwg=1702541593\"                 data-src=\"https:\/\/burscheid-sonnenblume.de\/wp-content\/uploads\/photo-gallery\/thumb\/Pferd-1.jpg?bwg=1702541593\"                 data-width=\"500\"                 data-height=\"353\"                 alt=\"\" \/>                      <\/div>        <\/a>              <a  class=\"bwg-a bwg_lightbox bwg_lightbox_0\" href=\"https:\/\/burscheid-sonnenblume.de\/wp-content\/uploads\/photo-gallery\/Pferd-4.jpg?bwg=1702541593\" data-image-id=\"786\" data-elementor-open-lightbox=\"no\">          <div class=\"bwg_mosaic_thumb_spun_0 bwg-item0 bwg-mosaic-thumb-span \">            <img decoding=\"async\" class=\"bwg_mosaic_thumb_0 skip-lazy bwg_img_clear bwg_img_custom \"                 id=\"786\"                 src=\"https:\/\/burscheid-sonnenblume.de\/wp-content\/uploads\/photo-gallery\/thumb\/Pferd-4.jpg?bwg=1702541593\"                 data-src=\"https:\/\/burscheid-sonnenblume.de\/wp-content\/uploads\/photo-gallery\/thumb\/Pferd-4.jpg?bwg=1702541593\"                 data-width=\"500\"                 data-height=\"353\"                 alt=\"\" \/>                      <\/div>        <\/a>              <a  class=\"bwg-a bwg_lightbox bwg_lightbox_0\" href=\"https:\/\/burscheid-sonnenblume.de\/wp-content\/uploads\/photo-gallery\/Pferd-3.jpg?bwg=1702541593\" data-image-id=\"787\" data-elementor-open-lightbox=\"no\">          <div class=\"bwg_mosaic_thumb_spun_0 bwg-item0 bwg-mosaic-thumb-span \">            <img decoding=\"async\" class=\"bwg_mosaic_thumb_0 skip-lazy bwg_img_clear bwg_img_custom \"                 id=\"787\"                 src=\"https:\/\/burscheid-sonnenblume.de\/wp-content\/uploads\/photo-gallery\/thumb\/Pferd-3.jpg?bwg=1702541593\"                 data-src=\"https:\/\/burscheid-sonnenblume.de\/wp-content\/uploads\/photo-gallery\/thumb\/Pferd-3.jpg?bwg=1702541593\"                 data-width=\"500\"                 data-height=\"353\"                 alt=\"\" \/>                      <\/div>        <\/a>            <\/div>    <\/div>    <style>      \/*pagination styles*\/      #bwg_container1_0 #bwg_container2_0 .tablenav-pages_0 {\t\t\t\ttext-align: center;\t\t\t\tfont-size: 12px;\t\t\t\tfont-family: Ubuntu;\t\t\t\tfont-weight: bold;\t\t\t\tcolor: #666666;\t\t\t\tmargin: 6px 0 4px;\t\t\t\tdisplay: block;      }      @media only screen and (max-width : 320px) {      #bwg_container1_0 #bwg_container2_0 .displaying-num_0 {     \t display: none;      }      }      #bwg_container1_0 #bwg_container2_0 .displaying-num_0 {\t\t\t\tfont-size: 12px;\t\t\t\tfont-family: Ubuntu;\t\t\t\tfont-weight: bold;\t\t\t\tcolor: #666666;\t\t\t\tmargin-right: 10px;\t\t\t\tvertical-align: middle;      }      #bwg_container1_0 #bwg_container2_0 .paging-input_0 {\t\t\t\tfont-size: 12px;\t\t\t\tfont-family: Ubuntu;\t\t\t\tfont-weight: bold;\t\t\t\tcolor: #666666;\t\t\t\tvertical-align: middle;      }      #bwg_container1_0 #bwg_container2_0 .tablenav-pages_0 a.disabled,      #bwg_container1_0 #bwg_container2_0 .tablenav-pages_0 a.disabled:hover,      #bwg_container1_0 #bwg_container2_0 .tablenav-pages_0 a.disabled:focus,\t\t\t#bwg_container1_0 #bwg_container2_0 .tablenav-pages_0 input.bwg_current_page {\t\t\t\tcursor: default;\t\t\t\tcolor: rgba(102, 102, 102, 0.5);      }      #bwg_container1_0 #bwg_container2_0 .tablenav-pages_0 a,      #bwg_container1_0 #bwg_container2_0 .tablenav-pages_0 input.bwg_current_page {\t\t\t\tcursor: pointer;\t\t\t\ttext-align: center;\t\t\t\tfont-size: 12px;\t\t\t\tfont-family: Ubuntu;\t\t\t\tfont-weight: bold;\t\t\t\tcolor: #666666;\t\t\t\ttext-decoration: none;\t\t\t\tpadding: 3px 6px;\t\t\t\tmargin: 0;\t\t\t\tborder-radius: 0;\t\t\t\tborder-style: solid;\t\t\t\tborder-width: 1px;\t\t\t\tborder-color: #E3E3E3;\t\t\t\tbackground-color: #FFFFFF;\t\t\t\topacity: 1.00;\t\t\t\tbox-shadow: 0;\t\t\t\ttransition: all 0.3s ease 0s;-webkit-transition: all 0.3s ease 0s;      }      <\/style>      <span class=\"bwg_nav_cont_0\">              <div class=\"tablenav-pages_0\">                  <\/div>                <input type=\"hidden\" id=\"page_number_0\" name=\"page_number_0\" value=\"1\" \/>      <script type=\"text\/javascript\">        function spider_page_0(cur, x, y, load_more) {          if (typeof load_more == \"undefined\") {            var load_more = false;          }          if (jQuery(cur).hasClass('disabled')) {            return false;          }          var items_county_0 = 1;          switch (y) {            case 1:              if (x >= items_county_0) {                document.getElementById('page_number_0').value = items_county_0;              }              else {                document.getElementById('page_number_0').value = x + 1;              }              break;            case 2:              document.getElementById('page_number_0').value = items_county_0;              break;            case -1:              if (x == 1) {                document.getElementById('page_number_0').value = 1;              }              else {                document.getElementById('page_number_0').value = x - 1;              }              break;            case -2:              document.getElementById('page_number_0').value = 1;              break;\t\t\t\t\t\tcase 0:              document.getElementById('page_number_0').value = x;              break;            default:              document.getElementById('page_number_0').value = 1;          }          bwg_ajax('gal_front_form_0', '0', 'bwg_thumbnails_mosaic_0', '0', '', 'gallery', 0, '', '', load_more, '', 1);        }                    jQuery('.first-page-0').on('click', function () {              spider_page_0(this, 1, -2, 'numeric');              return false;            });            jQuery('.prev-page-0').on('click', function () {              spider_page_0(this, 1, -1, 'numeric');              return false;            });            jQuery('.next-page-0').on('click', function () {              spider_page_0(this, 1, 1, 'numeric');              return false;            });            jQuery('.last-page-0').on('click', function () {              spider_page_0(this, 1, 2, 'numeric');              return false;            });        \t\t\t\t\/* Change page on input enter. *\/        function bwg_change_page_0( e, that ) {          if (  e.key == 'Enter' ) {            var to_page = parseInt(jQuery(that).val());            var pages_count = jQuery(that).parents(\".pagination-links\").data(\"pages-count\");            var current_url_param = jQuery(that).attr('data-url-info');            if (to_page > pages_count) {              to_page = 1;            }\t \t\t\t\t\t\t\t\t\t\t\t\tspider_page_0(this, to_page, 0, 'numeric');\t\t\t\t\t\t\treturn false;\t\t\t\t\t\t          }          return true;        }        jQuery('.bwg_load_btn_0').on('click', function () {            spider_page_0(this, 1, 1, true);            return false;        });      <\/script>      <\/span>                <\/div>        <\/form>          <style>          #bwg_container1_0 #bwg_container2_0 #spider_popup_overlay_0 {          background-color: #EEEEEE;          opacity: 0.60;          }          <\/style>        <div id=\"bwg_spider_popup_loading_0\" class=\"bwg_spider_popup_loading\"><\/div>        <div id=\"spider_popup_overlay_0\" class=\"spider_popup_overlay\" onclick=\"spider_destroypopup(1000)\"><\/div>        <input type=\"hidden\" id=\"bwg_random_seed_0\" value=\"1089509774\">                <\/div>    <\/div>    <script>      if (document.readyState === 'complete') {        if( typeof bwg_main_ready == 'function' ) {          if ( jQuery(\"#bwg_container1_0\").height() ) {            bwg_main_ready(jQuery(\"#bwg_container1_0\"));          }        }      } else {        document.addEventListener('DOMContentLoaded', function() {          if( typeof bwg_main_ready == 'function' ) {            if ( jQuery(\"#bwg_container1_0\").height() ) {             bwg_main_ready(jQuery(\"#bwg_container1_0\"));            }          }        });      }    <\/script>    \n","protected":false},"excerpt":{"rendered":"<p>Eine kleine alte Geschichte, die vom Vertrauen in das Leben erz\u00e4hlt und\u00a0uns klar macht, dass wir immer nur einen kleinen\u00a0Ausschnitt dieses Lebens sehen\u00a0k\u00f6nnen. Eine sch\u00f6ne Geschichte namens \u201eDer alte Mann und das Pferd\u201c hat uns dieses Jahr sehr angesprochen. Sie<\/p>\n","protected":false},"author":1,"featured_media":8112,"parent":0,"menu_order":0,"comment_status":"closed","ping_status":"closed","template":"","meta":{"footnotes":""},"class_list":["post-8062","page","type-page","status-publish","has-post-thumbnail","hentry"],"_links":{"self":[{"href":"https:\/\/burscheid-sonnenblume.de\/index.php?rest_route=\/wp\/v2\/pages\/8062","targetHints":{"allow":["GET"]}}],"collection":[{"href":"https:\/\/burscheid-sonnenblume.de\/index.php?rest_route=\/wp\/v2\/pages"}],"about":[{"href":"https:\/\/burscheid-sonnenblume.de\/index.php?rest_route=\/wp\/v2\/types\/page"}],"author":[{"embeddable":true,"href":"https:\/\/burscheid-sonnenblume.de\/index.php?rest_route=\/wp\/v2\/users\/1"}],"replies":[{"embeddable":true,"href":"https:\/\/burscheid-sonnenblume.de\/index.php?rest_route=%2Fwp%2Fv2%2Fcomments&post=8062"}],"version-history":[{"count":15,"href":"https:\/\/burscheid-sonnenblume.de\/index.php?rest_route=\/wp\/v2\/pages\/8062\/revisions"}],"predecessor-version":[{"id":8120,"href":"https:\/\/burscheid-sonnenblume.de\/index.php?rest_route=\/wp\/v2\/pages\/8062\/revisions\/8120"}],"wp:featuredmedia":[{"embeddable":true,"href":"https:\/\/burscheid-sonnenblume.de\/index.php?rest_route=\/wp\/v2\/media\/8112"}],"wp:attachment":[{"href":"https:\/\/burscheid-sonnenblume.de\/index.php?rest_route=%2Fwp%2Fv2%2Fmedia&parent=8062"}],"curies":[{"name":"wp","href":"https:\/\/api.w.org\/{rel}","templated":true}]}}