{"id":7931,"date":"2023-11-13T12:19:34","date_gmt":"2023-11-13T11:19:34","guid":{"rendered":"https:\/\/burscheid-sonnenblume.de\/?page_id=7931"},"modified":"2024-05-24T12:18:39","modified_gmt":"2024-05-24T11:18:39","slug":"offener-buecherschrank-auf-dem-vorplatz-liebfrauenkirche","status":"publish","type":"page","link":"https:\/\/burscheid-sonnenblume.de\/?page_id=7931","title":{"rendered":"Offener B\u00fccherschrank der Kita. Sonnenblume"},"content":{"rendered":"<h5><span style=\"color: #6b8e23;\">\u201eLesen ist Tr\u00e4umen mit offenen Augen &#8211; ein offene B\u00fccherschrank f\u00fcr Kinder, Jugend und Familienb\u00fccher\u201c<\/span><\/h5>\n<p><img loading=\"lazy\" decoding=\"async\" class=\"wp-image-8529  alignleft\" src=\"https:\/\/burscheid-sonnenblume.de\/wp-content\/uploads\/2024\/04\/240417_Kinder-Buecherschrank_Buscheid_02.jpg_2013983979-640.jpg\" alt=\"\" width=\"333\" height=\"445\" srcset=\"https:\/\/burscheid-sonnenblume.de\/wp-content\/uploads\/2024\/04\/240417_Kinder-Buecherschrank_Buscheid_02.jpg_2013983979-640.jpg 640w, https:\/\/burscheid-sonnenblume.de\/wp-content\/uploads\/2024\/04\/240417_Kinder-Buecherschrank_Buscheid_02.jpg_2013983979-640-225x300.jpg 225w\" sizes=\"auto, (max-width: 333px) 100vw, 333px\" \/><span style=\"color: #6b8e23;\">Update: 22.04.2024<\/span><br \/><span style=\"color: #6b8e23;\">Auf der Homepage des Caritasverbandes ist ein sch\u00f6ner Artikel zu unserem &#8220;offenen B\u00fccherschrank&#8221; erschienen, den wir Hier gerne verlinken.<\/span><br \/><span style=\"color: #6b8e23;\">Herzlichen Dank&#8230; Link zur Homepage des Caritasverbandes Rheinberg: <a style=\"color: #6b8e23;\" href=\"https:\/\/www.caritas-rheinberg.de\/aktuelles\/Lesen-ist-Traeumen-mit-offenen-Augen\/\">https:\/\/www.caritas-rheinberg.de\/aktuelles\/Lesen-ist-Traeumen-mit-offenen-Augen\/<\/a><\/span><\/p>\n<p>Nun ist es endlich soweit und wir k\u00f6nnen unser \u00f6ffentliches B\u00fccherregal auf dem Vorplatz der Liebfrauenkirche einweihen! Ein langer Wunsch von uns konnte durch ein altes Pf\u00f6rtnerh\u00e4uschen, welches wir in S\u00fcddeutschland erstehen und abholen konnten, realisiert werden.<br \/>An dieser Stelle bedanken wir uns herzlich bei allen Mitwirkenden und Eltern, die beim Aufbau, der Restaurierung, dem Anstrich und anderen Arbeiten tatkr\u00e4ftig und flei\u00dfig mitgeholfen haben. Die M\u00fche hat sich gelohnt, denn aus dem ausrangierten H\u00e4uschen wird nun hoffentlich ein gern genutztes B\u00fccherregal, das jeder und jedem zur Verf\u00fcgung steht.<br \/>Hier d\u00fcrfen Leseratten ausrangierte gut erhaltene B\u00fccher mitbringen und diese f\u00fcr andere zur Verf\u00fcgung stellen sowie sich selbst gern jederzeit bedienen, wenn neuer Lesestoff ben\u00f6tigt wird. Falls man in unserem Regal nicht f\u00fcndig werden sollte, k\u00f6nnen wir auch die benachtbarte <a href=\"https:\/\/www.gl-gutes-leben.de\/Kirchen_Einrichtungen\/koeb-st.-michael\/\">kath. \u00f6ffentliche B\u00fccherei<\/a> oben in der Liebfrauenkirche empfehlen. Auch dort gibt es ein breites Sortiment an unterschiedlicher Literatur.<\/p>\n<p>Bei dem Gebrauch des \u00f6ffentlichen B\u00fccherregals gibt es einige Spielregeln, deren Beachtung uns wichtig ist. Es soll schlie\u00dflich keine \u201eEntsorgungsstelle\u201c werden. <br \/>Die Regeln h\u00e4ngen ebenfalls am H\u00e4uschen aus, und wir hoffen, dass sich alle daran halten.<\/p>\n<p>Tja \u2013 und warum solch ein B\u00fccherregal auch bei uns an der \u201eSonnenblume\u201c?<\/p>\n<p>Wir sind ein gro\u00dfer Fan von B\u00fcchern und von den vielen positiven Eigenschaften des Lesens \u00fcberzeugt. Im Zeitalter von Smartphones, Informationsflut sowie schnelllebigen Bildern und Videos ist es umso wichtiger, das Lesen beizubehalten. Es f\u00f6rdert das Sprachverm\u00f6gen, die Konzentration, die Entspannung und Entschleunigung sowie auch das Einf\u00fchlungsverm\u00f6gen und\u00a0 die Sozialkompetenz. Lesen regt unser Gehirn und unsere Kreativit\u00e4t an, erlaubt uns zu tr\u00e4umen und entf\u00fchrt uns in fremde Welten. Der eigenen Fantasie und Vorstellungskraft sind hier keine Grenzen gesetzt.<\/p>\n<p>Ist das nicht sch\u00f6n? So m\u00f6chten wir mit dem B\u00fccherregal viele Leser und Leserinnen gl\u00fccklich machen.<br \/>Nun hoffen wir auf rege Nutzung und Weiterempfehlung unseres B\u00fccherregals!<\/p>\n<p>Wir w\u00fcnschen freudiges St\u00f6bern, frohes Lesen und \u201esch\u00f6nes Tr\u00e4umen\u201c!\u00a0<\/p>\n\n\n<hr class=\"wp-block-separator has-alpha-channel-opacity\"\/>\n\n\n\n<div class=\"wp-block-columns is-layout-flex wp-container-core-columns-is-layout-1 wp-block-columns-is-layout-flex\">\n<div class=\"wp-block-column is-layout-flow wp-block-column-is-layout-flow\"><\/div>\n\n\n\n<div class=\"wp-block-column is-layout-flow wp-block-column-is-layout-flow\"><\/div>\n<\/div>\n\n\n\n<div class=\"wp-block-columns is-layout-flex wp-container-core-columns-is-layout-2 wp-block-columns-is-layout-flex\">\n<div class=\"wp-block-column is-layout-flow wp-block-column-is-layout-flow\">\n<h5 style=\"text-align: center;\"><span style=\"color: #6b8e23;\">\u00d6ffnungszeiten<\/span> <span style=\"color: #6b8e23;\">des<\/span> <span style=\"color: #6b8e23;\">offenen B\u00fccherschranks:<br \/><\/span><span style=\"color: #6b8e23;\"><br \/><\/span>Montags bis freitags <br \/>von 07:00 bis 16:15 Uhr<\/h5>\n<p style=\"text-align: center;\"><strong>Was ist in den Ferien?<\/strong><br \/>In den Sommer- und Weihnachsschulferien bleibt der offene B\u00fccherschank geschlossen. Decken Sie sich gerne vor den Schlie\u00dfzeiten mit sch\u00f6nen B\u00fcchern ein.<\/p>\n<\/div>\n\n\n\n<div class=\"wp-block-column is-layout-flow wp-block-column-is-layout-flow\">\n<figure class=\"wp-block-image size-large\"><img loading=\"lazy\" decoding=\"async\" width=\"724\" height=\"1024\" src=\"https:\/\/burscheid-sonnenblume.de\/wp-content\/uploads\/2023\/11\/Regeln-Buecherschrank-2023-724x1024.jpg\" alt=\"\" class=\"wp-image-7995\" srcset=\"https:\/\/burscheid-sonnenblume.de\/wp-content\/uploads\/2023\/11\/Regeln-Buecherschrank-2023-724x1024.jpg 724w, https:\/\/burscheid-sonnenblume.de\/wp-content\/uploads\/2023\/11\/Regeln-Buecherschrank-2023-212x300.jpg 212w, https:\/\/burscheid-sonnenblume.de\/wp-content\/uploads\/2023\/11\/Regeln-Buecherschrank-2023-768x1086.jpg 768w, https:\/\/burscheid-sonnenblume.de\/wp-content\/uploads\/2023\/11\/Regeln-Buecherschrank-2023.jpg 794w\" sizes=\"auto, (max-width: 724px) 100vw, 724px\" \/><\/figure>\n<\/div>\n<\/div>\n","protected":false},"excerpt":{"rendered":"<p>\u201eLesen ist Tr\u00e4umen mit offenen Augen &#8211; ein offene B\u00fccherschrank f\u00fcr Kinder, Jugend und Familienb\u00fccher\u201c Update: 22.04.2024Auf der Homepage des Caritasverbandes ist ein sch\u00f6ner Artikel zu unserem &#8220;offenen B\u00fccherschrank&#8221; erschienen, den wir Hier gerne verlinken.Herzlichen Dank&#8230; Link zur Homepage des<\/p>\n","protected":false},"author":1,"featured_media":7998,"parent":0,"menu_order":0,"comment_status":"closed","ping_status":"closed","template":"","meta":{"footnotes":""},"class_list":["post-7931","page","type-page","status-publish","has-post-thumbnail","hentry"],"_links":{"self":[{"href":"https:\/\/burscheid-sonnenblume.de\/index.php?rest_route=\/wp\/v2\/pages\/7931","targetHints":{"allow":["GET"]}}],"collection":[{"href":"https:\/\/burscheid-sonnenblume.de\/index.php?rest_route=\/wp\/v2\/pages"}],"about":[{"href":"https:\/\/burscheid-sonnenblume.de\/index.php?rest_route=\/wp\/v2\/types\/page"}],"author":[{"embeddable":true,"href":"https:\/\/burscheid-sonnenblume.de\/index.php?rest_route=\/wp\/v2\/users\/1"}],"replies":[{"embeddable":true,"href":"https:\/\/burscheid-sonnenblume.de\/index.php?rest_route=%2Fwp%2Fv2%2Fcomments&post=7931"}],"version-history":[{"count":28,"href":"https:\/\/burscheid-sonnenblume.de\/index.php?rest_route=\/wp\/v2\/pages\/7931\/revisions"}],"predecessor-version":[{"id":8656,"href":"https:\/\/burscheid-sonnenblume.de\/index.php?rest_route=\/wp\/v2\/pages\/7931\/revisions\/8656"}],"wp:featuredmedia":[{"embeddable":true,"href":"https:\/\/burscheid-sonnenblume.de\/index.php?rest_route=\/wp\/v2\/media\/7998"}],"wp:attachment":[{"href":"https:\/\/burscheid-sonnenblume.de\/index.php?rest_route=%2Fwp%2Fv2%2Fmedia&parent=7931"}],"curies":[{"name":"wp","href":"https:\/\/api.w.org\/{rel}","templated":true}]}}