{"id":697,"date":"2019-10-13T09:46:43","date_gmt":"2019-10-13T09:46:43","guid":{"rendered":"http:\/\/burscheid-sonnenblume.de\/?page_id=697"},"modified":"2021-06-02T14:43:00","modified_gmt":"2021-06-02T13:43:00","slug":"digitalisierung-begreifen","status":"publish","type":"page","link":"https:\/\/burscheid-sonnenblume.de\/?page_id=697","title":{"rendered":"Digitalisierung (be)greifen"},"content":{"rendered":"\n<hr class=\"wp-block-separator\"\/>\n\n\n\n<hr class=\"wp-block-separator\"\/>\n\n\n<h4><span style=\"color: #6b8e23;\">Digitalisierung (be)greifen f\u00fcr Mitarbeiter<\/span><\/h4>\n<p>Kindertagesst\u00e4tten k\u00f6nnen das Thema Digitalisierung nicht aussparen und haben eine gro\u00dfe Verantwortung und Vorbildfunktion. P\u00e4dagogische Fachkr\u00e4fte m\u00fcssen so geschult und sensi-bilisiert sein, dass sie medienkompetent betreuen und erziehen.<\/p>\n<p>Ferner ist nat\u00fcrlich eine gute digitale Ausstattung der\u00a0Kita deswegen wichtig, weil digitale M\u00fcndigkeit eine Voraussetzung f\u00fcr Chancengleichheit und Mitbestimmung ist. Der Kinder-tageseinrichtung als erster Bildungsinstitution kommt dabei eine besondere Bedeutung zu.<\/p>\n<p>Wir als Caritas Kindertagest\u00e4tte Sonnenblume haben es uns zum Auftrag gemacht, in diesem Punkt Vorreiter zu sein: Seit 2014 wird das Thema Digitalisierung bei uns ganz gro\u00df geschrieben. Bereits damals kurz nach Markteinf\u00fchrung der ersten Tablets, erkannten wir als Einrichtung das Potential dieser Ger\u00e4te und schafften die ersten Tablets an. Zu diesem Zeitpunkt gab es auf dem Markt noch nicht viele entsprechende Apps.<\/p>\n<h5 style=\"text-align: center;\"><span style=\"color: #6b8e23;\"><em>\u201eDer Eine wartet, dass die Zeit sich wandelt. <\/em><\/span><br \/><em><span style=\"color: #6b8e23;\">Der Andere packt sie kr\u00e4ftig an \u2013 und handelt.\u201c<\/span><br \/>Johann Wolfgang von Goethe<\/em><\/h5>\n<p>Hier finden Sie eine Auswahl unserer letzten Aktionen rund zum Thema digitalisierung (be)greifen f\u00fcr Mitarbeiter<\/p>\n\n\n<hr class=\"wp-block-separator\"\/>\n\n\n<div id=\"mtphr-dnt-5591\" class=\"mtphr-dnt mtphr-dnt-5591 mtphr-dnt-default mtphr-dnt-list mtphr-dnt-trim-ticks\"><div class=\"mtphr-dnt-wrapper mtphr-dnt-clearfix\"><div class=\"mtphr-dnt-tick-container\"><div class=\"mtphr-dnt-tick-contents\"><div style=\"margin-bottom:10px;\" class=\"mtphr-dnt-tick mtphr-dnt-default-tick mtphr-dnt-clearfix \"><table class=\"mtphr-dnt-grid\"><tr class=\"mtphr-dnt-grid-row mtphr-dnt-grid-row-1\"><td class=\"mtphr-dnt-grid-item mtphr-dnt-grid-item-1 mtphr-dnt-grid-item-default\" style=\"padding:5px;\"><blockquote class=\"wp-embedded-content\" data-secret=\"XsvqLnpl14\"><a href=\"https:\/\/burscheid-sonnenblume.de\/?p=7840\">Unsere neue Kita\/ Eltern APP &#8211; KIKom-Kita-App<\/a><\/blockquote><iframe loading=\"lazy\" class=\"wp-embedded-content\" sandbox=\"allow-scripts\" security=\"restricted\" style=\"position: absolute; clip: rect(1px, 1px, 1px, 1px);\" title=\"&#8222;Unsere neue Kita\/ Eltern APP &#8211; KIKom-Kita-App&#8220; &#8212; F\u00f6rderverein Kindergarten Sonnenblume Hilgen e. V.\" src=\"https:\/\/burscheid-sonnenblume.de\/?p=7840&#038;embed=true#?secret=gobp3C0BFe#?secret=XsvqLnpl14\" data-secret=\"XsvqLnpl14\" width=\"600\" height=\"338\" frameborder=\"0\" marginwidth=\"0\" marginheight=\"0\" scrolling=\"no\"><\/iframe><\/td><td class=\"mtphr-dnt-grid-item mtphr-dnt-grid-item-2 mtphr-dnt-grid-item-default\" style=\"padding:5px;\"><blockquote class=\"wp-embedded-content\" data-secret=\"DrRvtY0jo5\"><a href=\"https:\/\/burscheid-sonnenblume.de\/?p=6446\">Einladung digitaler Elternabend Sprachbildung \u2013 \u201eGemeinsam Sprachb\u00e4ume pflanzen\u201c<\/a><\/blockquote><iframe loading=\"lazy\" class=\"wp-embedded-content\" sandbox=\"allow-scripts\" security=\"restricted\" style=\"position: absolute; clip: rect(1px, 1px, 1px, 1px);\" title=\"&#8222;Einladung digitaler Elternabend Sprachbildung \u2013 \u201eGemeinsam Sprachb\u00e4ume pflanzen\u201c&#8220; &#8212; F\u00f6rderverein Kindergarten Sonnenblume Hilgen e. V.\" src=\"https:\/\/burscheid-sonnenblume.de\/?p=6446&#038;embed=true#?secret=DrRvtY0jo5\" data-secret=\"DrRvtY0jo5\" width=\"600\" height=\"338\" frameborder=\"0\" marginwidth=\"0\" marginheight=\"0\" scrolling=\"no\"><\/iframe><\/td><\/tr><tr class=\"mtphr-dnt-grid-row mtphr-dnt-grid-row-2\"><td class=\"mtphr-dnt-grid-item mtphr-dnt-grid-item-1 mtphr-dnt-grid-item-default\" style=\"padding:5px;\"><blockquote class=\"wp-embedded-content\" data-secret=\"phx5p4FA4E\"><a href=\"https:\/\/burscheid-sonnenblume.de\/?page_id=934\">Die Kita-Info-App<\/a><\/blockquote><iframe loading=\"lazy\" class=\"wp-embedded-content\" sandbox=\"allow-scripts\" security=\"restricted\" style=\"position: absolute; clip: rect(1px, 1px, 1px, 1px);\" title=\"&#8222;Die Kita-Info-App&#8220; &#8212; F\u00f6rderverein Kindergarten Sonnenblume Hilgen e. V.\" src=\"https:\/\/burscheid-sonnenblume.de\/?page_id=934&#038;embed=true#?secret=phx5p4FA4E\" data-secret=\"phx5p4FA4E\" width=\"600\" height=\"338\" frameborder=\"0\" marginwidth=\"0\" marginheight=\"0\" scrolling=\"no\"><\/iframe><\/td><td class=\"mtphr-dnt-grid-item mtphr-dnt-grid-item-2 mtphr-dnt-grid-item-default\" style=\"padding:5px;\"><blockquote class=\"wp-embedded-content\" data-secret=\"cHEXYUQfar\"><a href=\"https:\/\/burscheid-sonnenblume.de\/?p=6062\">Digitaler Elternabend &#8220;DIE KLEINEN STARK MACHEN&#8221;<\/a><\/blockquote><iframe loading=\"lazy\" class=\"wp-embedded-content\" sandbox=\"allow-scripts\" security=\"restricted\" style=\"position: absolute; clip: rect(1px, 1px, 1px, 1px);\" title=\"&#8222;Digitaler Elternabend &#8220;DIE KLEINEN STARK MACHEN&#8221;&#8220; &#8212; F\u00f6rderverein Kindergarten Sonnenblume Hilgen e. V.\" src=\"https:\/\/burscheid-sonnenblume.de\/?p=6062&#038;embed=true#?secret=cHEXYUQfar\" data-secret=\"cHEXYUQfar\" width=\"600\" height=\"338\" frameborder=\"0\" marginwidth=\"0\" marginheight=\"0\" scrolling=\"no\"><\/iframe><\/td><\/tr><\/table><\/div><div style=\"margin-bottom:10px;\" class=\"mtphr-dnt-tick mtphr-dnt-default-tick mtphr-dnt-clearfix \"><table class=\"mtphr-dnt-grid\"><tr class=\"mtphr-dnt-grid-row mtphr-dnt-grid-row-1\"><td class=\"mtphr-dnt-grid-item mtphr-dnt-grid-item-1 mtphr-dnt-grid-item-default\" style=\"padding:5px;\"><blockquote class=\"wp-embedded-content\" data-secret=\"c5QcseMBiq\"><a href=\"https:\/\/burscheid-sonnenblume.de\/?p=5732\">Neues Konzept &#8220;Digitalisierung in der Kita Sonnenblume&#8221;<\/a><\/blockquote><iframe loading=\"lazy\" class=\"wp-embedded-content\" sandbox=\"allow-scripts\" security=\"restricted\" style=\"position: absolute; clip: rect(1px, 1px, 1px, 1px);\" title=\"&#8222;Neues Konzept &#8220;Digitalisierung in der Kita Sonnenblume&#8221;&#8220; &#8212; F\u00f6rderverein Kindergarten Sonnenblume Hilgen e. V.\" src=\"https:\/\/burscheid-sonnenblume.de\/?p=5732&#038;embed=true#?secret=c5QcseMBiq\" data-secret=\"c5QcseMBiq\" width=\"600\" height=\"338\" frameborder=\"0\" marginwidth=\"0\" marginheight=\"0\" scrolling=\"no\"><\/iframe><\/td><td class=\"mtphr-dnt-grid-item mtphr-dnt-grid-item-2 mtphr-dnt-grid-item-default\" style=\"padding:5px;\"><blockquote class=\"wp-embedded-content\" data-secret=\"pP5uoXDOcH\"><a href=\"https:\/\/burscheid-sonnenblume.de\/?page_id=5571\">Digitaler Elternabend der Neuaufnahmen<\/a><\/blockquote><iframe loading=\"lazy\" class=\"wp-embedded-content\" sandbox=\"allow-scripts\" security=\"restricted\" style=\"position: absolute; clip: rect(1px, 1px, 1px, 1px);\" title=\"&#8222;Digitaler Elternabend der Neuaufnahmen&#8220; &#8212; F\u00f6rderverein Kindergarten Sonnenblume Hilgen e. V.\" src=\"https:\/\/burscheid-sonnenblume.de\/?page_id=5571&#038;embed=true#?secret=pP5uoXDOcH\" data-secret=\"pP5uoXDOcH\" width=\"600\" height=\"338\" frameborder=\"0\" marginwidth=\"0\" marginheight=\"0\" scrolling=\"no\"><\/iframe><\/td><\/tr><tr class=\"mtphr-dnt-grid-row mtphr-dnt-grid-row-2\"><td class=\"mtphr-dnt-grid-item mtphr-dnt-grid-item-1 mtphr-dnt-grid-item-default\" style=\"padding:5px;\"><blockquote class=\"wp-embedded-content\" data-secret=\"RHBzQ9cj6B\"><a href=\"https:\/\/burscheid-sonnenblume.de\/?p=5534\">Zwei weiterer Artikel aus der Kita &#8211; KOMPAKT<\/a><\/blockquote><iframe loading=\"lazy\" class=\"wp-embedded-content\" sandbox=\"allow-scripts\" security=\"restricted\" style=\"position: absolute; clip: rect(1px, 1px, 1px, 1px);\" title=\"&#8222;Zwei weiterer Artikel aus der Kita &#8211; KOMPAKT&#8220; &#8212; F\u00f6rderverein Kindergarten Sonnenblume Hilgen e. V.\" src=\"https:\/\/burscheid-sonnenblume.de\/?p=5534&#038;embed=true#?secret=RHBzQ9cj6B\" data-secret=\"RHBzQ9cj6B\" width=\"600\" height=\"338\" frameborder=\"0\" marginwidth=\"0\" marginheight=\"0\" scrolling=\"no\"><\/iframe><\/td><td class=\"mtphr-dnt-grid-item mtphr-dnt-grid-item-2 mtphr-dnt-grid-item-default\" style=\"padding:5px;\"><blockquote class=\"wp-embedded-content\" data-secret=\"MSCbDgXgou\"><a href=\"https:\/\/burscheid-sonnenblume.de\/?p=5505\">Der Sonnenblumen LETTER &#8211; Newsletter, Zeitung, Update?<\/a><\/blockquote><iframe loading=\"lazy\" class=\"wp-embedded-content\" sandbox=\"allow-scripts\" security=\"restricted\" style=\"position: absolute; clip: rect(1px, 1px, 1px, 1px);\" title=\"&#8222;Der Sonnenblumen LETTER &#8211; Newsletter, Zeitung, Update?&#8220; &#8212; F\u00f6rderverein Kindergarten Sonnenblume Hilgen e. V.\" src=\"https:\/\/burscheid-sonnenblume.de\/?p=5505&#038;embed=true#?secret=MSCbDgXgou\" data-secret=\"MSCbDgXgou\" width=\"600\" height=\"338\" frameborder=\"0\" marginwidth=\"0\" marginheight=\"0\" scrolling=\"no\"><\/iframe><\/td><\/tr><\/table><\/div><div style=\"margin-bottom:10px;\" class=\"mtphr-dnt-tick mtphr-dnt-default-tick mtphr-dnt-clearfix \"><table class=\"mtphr-dnt-grid\"><tr class=\"mtphr-dnt-grid-row mtphr-dnt-grid-row-1\"><td class=\"mtphr-dnt-grid-item mtphr-dnt-grid-item-1 mtphr-dnt-grid-item-default\" style=\"padding:5px;\"><blockquote class=\"wp-embedded-content\" data-secret=\"yYBiE9qEnz\"><a href=\"https:\/\/burscheid-sonnenblume.de\/?page_id=4104\">Erfolgreiche Online-Wahl des Elternbeirates<\/a><\/blockquote><iframe loading=\"lazy\" class=\"wp-embedded-content\" sandbox=\"allow-scripts\" security=\"restricted\" style=\"position: absolute; clip: rect(1px, 1px, 1px, 1px);\" title=\"&#8222;Erfolgreiche Online-Wahl des Elternbeirates&#8220; &#8212; F\u00f6rderverein Kindergarten Sonnenblume Hilgen e. V.\" src=\"https:\/\/burscheid-sonnenblume.de\/?page_id=4104&#038;embed=true#?secret=yYBiE9qEnz\" data-secret=\"yYBiE9qEnz\" width=\"600\" height=\"338\" frameborder=\"0\" marginwidth=\"0\" marginheight=\"0\" scrolling=\"no\"><\/iframe><\/td><td class=\"mtphr-dnt-grid-item mtphr-dnt-grid-item-2 mtphr-dnt-grid-item-default\" style=\"padding:5px;\"><blockquote class=\"wp-embedded-content\" data-secret=\"IinYI1CRhw\"><a href=\"https:\/\/burscheid-sonnenblume.de\/?p=1473\">KOMPAKT &#8211; &#8220;Vom Papier zum Tablet&#8221;<\/a><\/blockquote><iframe loading=\"lazy\" class=\"wp-embedded-content\" sandbox=\"allow-scripts\" security=\"restricted\" style=\"position: absolute; clip: rect(1px, 1px, 1px, 1px);\" title=\"&#8222;KOMPAKT &#8211; &#8220;Vom Papier zum Tablet&#8221;&#8220; &#8212; F\u00f6rderverein Kindergarten Sonnenblume Hilgen e. V.\" src=\"https:\/\/burscheid-sonnenblume.de\/?p=1473&#038;embed=true#?secret=IinYI1CRhw\" data-secret=\"IinYI1CRhw\" width=\"600\" height=\"338\" frameborder=\"0\" marginwidth=\"0\" marginheight=\"0\" scrolling=\"no\"><\/iframe><\/td><\/tr><tr class=\"mtphr-dnt-grid-row mtphr-dnt-grid-row-2\"><td class=\"mtphr-dnt-grid-item mtphr-dnt-grid-item-1 mtphr-dnt-grid-item-default\" style=\"padding:5px;\"><blockquote class=\"wp-embedded-content\" data-secret=\"ujlqgxcRFe\"><a href=\"https:\/\/burscheid-sonnenblume.de\/?p=4942\">Video &#8211; Einladung zur \u201efast\u201c LIVE Lesung<\/a><\/blockquote><iframe loading=\"lazy\" class=\"wp-embedded-content\" sandbox=\"allow-scripts\" security=\"restricted\" style=\"position: absolute; clip: rect(1px, 1px, 1px, 1px);\" title=\"&#8222;Video &#8211; Einladung zur \u201efast\u201c LIVE Lesung&#8220; &#8212; F\u00f6rderverein Kindergarten Sonnenblume Hilgen e. V.\" src=\"https:\/\/burscheid-sonnenblume.de\/?p=4942&#038;embed=true#?secret=ujlqgxcRFe\" data-secret=\"ujlqgxcRFe\" width=\"600\" height=\"338\" frameborder=\"0\" marginwidth=\"0\" marginheight=\"0\" scrolling=\"no\"><\/iframe><\/td><td class=\"mtphr-dnt-grid-item mtphr-dnt-grid-item-2 mtphr-dnt-grid-item-default\" style=\"padding:5px;\"><blockquote class=\"wp-embedded-content\" data-secret=\"etfG8tP6jn\"><a href=\"https:\/\/burscheid-sonnenblume.de\/?p=5602\">KOMPAKT &#8211; Das Schutzkonzept zur Einhaltung des Infektionsschutzes<\/a><\/blockquote><iframe loading=\"lazy\" class=\"wp-embedded-content\" sandbox=\"allow-scripts\" security=\"restricted\" style=\"position: absolute; clip: rect(1px, 1px, 1px, 1px);\" title=\"&#8222;KOMPAKT &#8211; Das Schutzkonzept zur Einhaltung des Infektionsschutzes&#8220; &#8212; F\u00f6rderverein Kindergarten Sonnenblume Hilgen e. V.\" src=\"https:\/\/burscheid-sonnenblume.de\/?p=5602&#038;embed=true#?secret=etfG8tP6jn\" data-secret=\"etfG8tP6jn\" width=\"600\" height=\"338\" frameborder=\"0\" marginwidth=\"0\" marginheight=\"0\" scrolling=\"no\"><\/iframe><\/td><\/tr><\/table><\/div><div class=\"mtphr-dnt-tick mtphr-dnt-default-tick mtphr-dnt-clearfix \"><table class=\"mtphr-dnt-grid\"><tr class=\"mtphr-dnt-grid-row mtphr-dnt-grid-row-1\"><td class=\"mtphr-dnt-grid-item mtphr-dnt-grid-item-1 mtphr-dnt-grid-item-default\" style=\"padding:5px;\"><blockquote class=\"wp-embedded-content\" data-secret=\"4pMQoaADm1\"><a href=\"https:\/\/burscheid-sonnenblume.de\/?p=5611\">Die Netiquette f\u00fcr die Mitarbeiter<\/a><\/blockquote><iframe loading=\"lazy\" class=\"wp-embedded-content\" sandbox=\"allow-scripts\" security=\"restricted\" style=\"position: absolute; clip: rect(1px, 1px, 1px, 1px);\" title=\"&#8222;Die Netiquette f\u00fcr die Mitarbeiter&#8220; &#8212; F\u00f6rderverein Kindergarten Sonnenblume Hilgen e. V.\" src=\"https:\/\/burscheid-sonnenblume.de\/?p=5611&#038;embed=true#?secret=4pMQoaADm1\" data-secret=\"4pMQoaADm1\" width=\"600\" height=\"338\" frameborder=\"0\" marginwidth=\"0\" marginheight=\"0\" scrolling=\"no\"><\/iframe><\/td><td class=\"mtphr-dnt-grid-item mtphr-dnt-grid-item-2 mtphr-dnt-grid-item-default\" style=\"padding:5px;\"><blockquote class=\"wp-embedded-content\" data-secret=\"8soJGD63uq\"><a href=\"https:\/\/burscheid-sonnenblume.de\/?page_id=4925\">Das digitale Raupenzimmer f\u00fcr die Kinder<\/a><\/blockquote><iframe loading=\"lazy\" class=\"wp-embedded-content\" sandbox=\"allow-scripts\" security=\"restricted\" style=\"position: absolute; clip: rect(1px, 1px, 1px, 1px);\" title=\"&#8222;Das digitale Raupenzimmer f\u00fcr die Kinder&#8220; &#8212; F\u00f6rderverein Kindergarten Sonnenblume Hilgen e. V.\" src=\"https:\/\/burscheid-sonnenblume.de\/?page_id=4925&#038;embed=true#?secret=8soJGD63uq\" data-secret=\"8soJGD63uq\" width=\"600\" height=\"338\" frameborder=\"0\" marginwidth=\"0\" marginheight=\"0\" scrolling=\"no\"><\/iframe><\/td><\/tr><tr class=\"mtphr-dnt-grid-row mtphr-dnt-grid-row-2\"><td class=\"mtphr-dnt-grid-item mtphr-dnt-grid-item-1 mtphr-dnt-grid-item-default\" style=\"padding:5px;\"><blockquote class=\"wp-embedded-content\" data-secret=\"ZvfIQzUYO1\"><a href=\"https:\/\/burscheid-sonnenblume.de\/?page_id=830\">Unsere Homepage als App<\/a><\/blockquote><iframe loading=\"lazy\" class=\"wp-embedded-content\" sandbox=\"allow-scripts\" security=\"restricted\" style=\"position: absolute; clip: rect(1px, 1px, 1px, 1px);\" title=\"&#8222;Unsere Homepage als App&#8220; &#8212; F\u00f6rderverein Kindergarten Sonnenblume Hilgen e. V.\" src=\"https:\/\/burscheid-sonnenblume.de\/?page_id=830&#038;embed=true#?secret=ZvfIQzUYO1\" data-secret=\"ZvfIQzUYO1\" width=\"600\" height=\"338\" frameborder=\"0\" marginwidth=\"0\" marginheight=\"0\" scrolling=\"no\"><\/iframe><\/td><td class=\"mtphr-dnt-grid-item mtphr-dnt-grid-item-2\" style=\"padding:5px;\"><\/td><\/tr><\/table><\/div><\/div><\/div><div class=\"mtphr-dnt-tick-paging\" style=\"margin-top:10px;\"><\/div><\/div><\/div>\n\n\n\n<p><\/p>\n","protected":false},"excerpt":{"rendered":"<p>Digitalisierung (be)greifen f\u00fcr Mitarbeiter Kindertagesst\u00e4tten k\u00f6nnen das Thema Digitalisierung nicht aussparen und haben eine gro\u00dfe Verantwortung und Vorbildfunktion. P\u00e4dagogische Fachkr\u00e4fte m\u00fcssen so geschult und sensi-bilisiert sein, dass sie medienkompetent betreuen und erziehen. Ferner ist nat\u00fcrlich eine gute digitale Ausstattung der\u00a0Kita<\/p>\n","protected":false},"author":1,"featured_media":3529,"parent":0,"menu_order":0,"comment_status":"closed","ping_status":"closed","template":"","meta":{"footnotes":""},"class_list":["post-697","page","type-page","status-publish","has-post-thumbnail","hentry"],"_links":{"self":[{"href":"https:\/\/burscheid-sonnenblume.de\/index.php?rest_route=\/wp\/v2\/pages\/697","targetHints":{"allow":["GET"]}}],"collection":[{"href":"https:\/\/burscheid-sonnenblume.de\/index.php?rest_route=\/wp\/v2\/pages"}],"about":[{"href":"https:\/\/burscheid-sonnenblume.de\/index.php?rest_route=\/wp\/v2\/types\/page"}],"author":[{"embeddable":true,"href":"https:\/\/burscheid-sonnenblume.de\/index.php?rest_route=\/wp\/v2\/users\/1"}],"replies":[{"embeddable":true,"href":"https:\/\/burscheid-sonnenblume.de\/index.php?rest_route=%2Fwp%2Fv2%2Fcomments&post=697"}],"version-history":[{"count":45,"href":"https:\/\/burscheid-sonnenblume.de\/index.php?rest_route=\/wp\/v2\/pages\/697\/revisions"}],"predecessor-version":[{"id":5622,"href":"https:\/\/burscheid-sonnenblume.de\/index.php?rest_route=\/wp\/v2\/pages\/697\/revisions\/5622"}],"wp:featuredmedia":[{"embeddable":true,"href":"https:\/\/burscheid-sonnenblume.de\/index.php?rest_route=\/wp\/v2\/media\/3529"}],"wp:attachment":[{"href":"https:\/\/burscheid-sonnenblume.de\/index.php?rest_route=%2Fwp%2Fv2%2Fmedia&parent=697"}],"curies":[{"name":"wp","href":"https:\/\/api.w.org\/{rel}","templated":true}]}}