{"id":6373,"date":"2022-01-14T21:42:35","date_gmt":"2022-01-14T20:42:35","guid":{"rendered":"https:\/\/burscheid-sonnenblume.de\/?page_id=6373"},"modified":"2022-01-19T23:39:35","modified_gmt":"2022-01-19T22:39:35","slug":"die-regelmaessigen-pool-testung-in-der-sonnenblume","status":"publish","type":"page","link":"https:\/\/burscheid-sonnenblume.de\/?page_id=6373","title":{"rendered":"Die regelm\u00e4\u00dfigen PCR Pool Testung in der Sonnenblume"},"content":{"rendered":"\n<figure class=\"wp-block-gallery columns-2 is-cropped wp-block-gallery-2 is-layout-flex wp-block-gallery-is-layout-flex\"><ul class=\"blocks-gallery-grid\"><li class=\"blocks-gallery-item\"><figure><img loading=\"lazy\" decoding=\"async\" width=\"800\" height=\"600\" src=\"https:\/\/burscheid-sonnenblume.de\/wp-content\/uploads\/2022\/01\/IMG_0722.jpeg\" alt=\"\" data-id=\"6432\" data-full-url=\"https:\/\/burscheid-sonnenblume.de\/wp-content\/uploads\/2022\/01\/IMG_0722.jpeg\" data-link=\"https:\/\/burscheid-sonnenblume.de\/?attachment_id=6432\" class=\"wp-image-6432\" srcset=\"https:\/\/burscheid-sonnenblume.de\/wp-content\/uploads\/2022\/01\/IMG_0722.jpeg 800w, https:\/\/burscheid-sonnenblume.de\/wp-content\/uploads\/2022\/01\/IMG_0722-300x225.jpeg 300w, https:\/\/burscheid-sonnenblume.de\/wp-content\/uploads\/2022\/01\/IMG_0722-768x576.jpeg 768w\" sizes=\"auto, (max-width: 800px) 100vw, 800px\" \/><\/figure><\/li><li class=\"blocks-gallery-item\"><figure><img loading=\"lazy\" decoding=\"async\" width=\"800\" height=\"600\" src=\"https:\/\/burscheid-sonnenblume.de\/wp-content\/uploads\/2022\/01\/IMG_0725.jpeg\" alt=\"\" data-id=\"6431\" data-full-url=\"https:\/\/burscheid-sonnenblume.de\/wp-content\/uploads\/2022\/01\/IMG_0725.jpeg\" data-link=\"https:\/\/burscheid-sonnenblume.de\/?attachment_id=6431\" class=\"wp-image-6431\" srcset=\"https:\/\/burscheid-sonnenblume.de\/wp-content\/uploads\/2022\/01\/IMG_0725.jpeg 800w, https:\/\/burscheid-sonnenblume.de\/wp-content\/uploads\/2022\/01\/IMG_0725-300x225.jpeg 300w, https:\/\/burscheid-sonnenblume.de\/wp-content\/uploads\/2022\/01\/IMG_0725-768x576.jpeg 768w\" sizes=\"auto, (max-width: 800px) 100vw, 800px\" \/><\/figure><\/li><li class=\"blocks-gallery-item\"><figure><img loading=\"lazy\" decoding=\"async\" width=\"1024\" height=\"568\" src=\"https:\/\/burscheid-sonnenblume.de\/wp-content\/uploads\/2022\/01\/Bildschirmfoto-2022-01-14-um-21.03.00-1024x568.png\" alt=\"\" data-id=\"6390\" data-link=\"https:\/\/burscheid-sonnenblume.de\/?attachment_id=6390\" class=\"wp-image-6390\" srcset=\"https:\/\/burscheid-sonnenblume.de\/wp-content\/uploads\/2022\/01\/Bildschirmfoto-2022-01-14-um-21.03.00-1024x568.png 1024w, https:\/\/burscheid-sonnenblume.de\/wp-content\/uploads\/2022\/01\/Bildschirmfoto-2022-01-14-um-21.03.00-300x166.png 300w, https:\/\/burscheid-sonnenblume.de\/wp-content\/uploads\/2022\/01\/Bildschirmfoto-2022-01-14-um-21.03.00-768x426.png 768w, https:\/\/burscheid-sonnenblume.de\/wp-content\/uploads\/2022\/01\/Bildschirmfoto-2022-01-14-um-21.03.00-1536x852.png 1536w, https:\/\/burscheid-sonnenblume.de\/wp-content\/uploads\/2022\/01\/Bildschirmfoto-2022-01-14-um-21.03.00.png 1670w\" sizes=\"auto, (max-width: 1024px) 100vw, 1024px\" \/><\/figure><\/li><li class=\"blocks-gallery-item\"><figure><img loading=\"lazy\" decoding=\"async\" width=\"1024\" height=\"568\" src=\"https:\/\/burscheid-sonnenblume.de\/wp-content\/uploads\/2022\/01\/Bildschirmfoto-2022-01-14-um-21.02.01-1-1024x568.png\" alt=\"\" data-id=\"6389\" data-link=\"https:\/\/burscheid-sonnenblume.de\/?attachment_id=6389\" class=\"wp-image-6389\" srcset=\"https:\/\/burscheid-sonnenblume.de\/wp-content\/uploads\/2022\/01\/Bildschirmfoto-2022-01-14-um-21.02.01-1-1024x568.png 1024w, https:\/\/burscheid-sonnenblume.de\/wp-content\/uploads\/2022\/01\/Bildschirmfoto-2022-01-14-um-21.02.01-1-300x166.png 300w, https:\/\/burscheid-sonnenblume.de\/wp-content\/uploads\/2022\/01\/Bildschirmfoto-2022-01-14-um-21.02.01-1-768x426.png 768w, https:\/\/burscheid-sonnenblume.de\/wp-content\/uploads\/2022\/01\/Bildschirmfoto-2022-01-14-um-21.02.01-1-1536x852.png 1536w, https:\/\/burscheid-sonnenblume.de\/wp-content\/uploads\/2022\/01\/Bildschirmfoto-2022-01-14-um-21.02.01-1.png 1670w\" sizes=\"auto, (max-width: 1024px) 100vw, 1024px\" \/><\/figure><\/li><\/ul><\/figure>\n\n\n<h5><span style=\"color: #6b8e23;\">Wir sind dabei&#8230;<\/span><\/h5>\n<p>Wir sind zum Schutze der Kinder, deren Familien und der Mitarbeitenden gerne bereit, die Pooltestungen in der Kita durchzuf\u00fchren. Dar\u00fcber hinaus hoffen wir sehr,<span class=\"Apple-converted-space\">&nbsp; <\/span>durch die Teilnahme an den Pooltestungen einen Beitrag zur Eind\u00e4mmung der Pandemie zu leisten. Aufgrund der zugespitzten Infektionslage, auch vor allem durch die sich schnell ausbreitende Omikron-Variante, hat der Rheinisch Bergische Kreis entschieden, dass ab dem 17. Januar diesen Jahres Lolli-PCR-Pool-Testungen in allen Kitas des Kreises durchgef\u00fchrt werden sollen. Diese Tests sollen voraussichtlich zwei Mal pro Woche stattfinden.&nbsp;Dies ist ein wichtiger Baustein, um weiterhin eine sichere und solide Kinderbetreuung gew\u00e4hrleisten zu k\u00f6nnen und gleichzeitig ein Infektionsgeschehen fr\u00fchzeitig zu erkennen und die Ausbreitung zu vermeiden.<\/p>\n<p style=\"text-align: center;\"><strong><em>Die Teilnahme an diesen Testungen ist daher ein sehr wichtiger und sinnvoller Beitrag zur Eind\u00e4mmung des Pandemiegeschehens.<\/em><\/strong><\/p>\n<p>Wir sind sehr froh, dass wir bereits die Zustimmung f\u00fcr die Teilnahme f\u00fcr knapp 100 Kinder erhalten haben und danken allen Eltern herzlich f\u00fcrs Mitmachen.&nbsp;F\u00fcr die Kinder wird dies keine gro\u00dfe Beeintr\u00e4chtigung darstellen. Die Tests werden pro Gruppe jeweils morgens durchgef\u00fchrt und von den Kollegen betreut. Diese garantieren im Anschluss eine richtige Zuordnung der Etiketten an den Proben zur Weiterleitung ans Labor.&nbsp;Bei den Tupfern handelt es sich um CE-zertifizierte Medizinprodukte, die aus einem handels\u00fcblichen Kunststoff namens ABS (Acrylnitril-Butadien-Styrol) bestehen, der am Ende mit 100% medizinischem Nylon beflockt ist. Dieser ist geschmacksneutral. Pro Sammel-r\u00f6hrchen werden maximal 25 dieser Tupfer platziert sein.<\/p>\n<p>Sollte nach der Testung ein Pool positiv ausfallen, m\u00fcssen im Anschluss bei allen Betroffenen des Pools Einzeltestungen durchgef\u00fchrt werden. Die Probeentnahme der Einzeltestung findet dann jeweils zu Hause mit dem vorab \u00fcbergebenen Einzeltupfer statt. Erst bei negativem Ergebnis darf das Kind wieder die Einrichtung besuchen.&nbsp;<\/p>\n<p>Wir hoffen sehr, dass wir durch die regelm\u00e4\u00dfigen Testungen f\u00fcr alle mehr Sicherheit und Kontinuit\u00e4t schaffen k\u00f6nnen und freuen uns \u00fcber diese M\u00f6glichkeit des zus\u00e4tzlichen Schutzes f\u00fcr unsere Kinder, Familien und Mitarbeiter.<\/p>\n\n\n<figure class=\"wp-block-video\"><video controls poster=\"https:\/\/burscheid-sonnenblume.de\/wp-content\/uploads\/2022\/01\/Bildschirmfoto-2022-01-14-um-22.09.02.png\" src=\"https:\/\/burscheid-sonnenblume.de\/wp-content\/uploads\/2022\/01\/Inga-erklaert-den-PCR-Test-540g-1.mp4\"><\/video><figcaption>Film &#8211; Inga erkl\u00e4rt die Lolli-PCR Pool Testung<\/figcaption><\/figure>\n\n\n\n<hr class=\"wp-block-separator\"\/>\n\n\n\n<div class=\"wp-block-columns is-layout-flex wp-container-core-columns-is-layout-1 wp-block-columns-is-layout-flex\">\n<div class=\"wp-block-column is-layout-flow wp-block-column-is-layout-flow\" style=\"flex-basis:66.66%\">\n<div class=\"wp-block-image\"><figure class=\"aligncenter size-large\"><a href=\"https:\/\/burscheid-sonnenblume.de\/wp-content\/uploads\/2022\/01\/Ankuendigung_zur_bevorstehenden_Pooltestung.png\"><img loading=\"lazy\" decoding=\"async\" width=\"782\" height=\"1024\" src=\"https:\/\/burscheid-sonnenblume.de\/wp-content\/uploads\/2022\/01\/Ankuendigung_zur_bevorstehenden_Pooltestung-782x1024.png\" alt=\"\" class=\"wp-image-6414\" srcset=\"https:\/\/burscheid-sonnenblume.de\/wp-content\/uploads\/2022\/01\/Ankuendigung_zur_bevorstehenden_Pooltestung-782x1024.png 782w, https:\/\/burscheid-sonnenblume.de\/wp-content\/uploads\/2022\/01\/Ankuendigung_zur_bevorstehenden_Pooltestung-229x300.png 229w, https:\/\/burscheid-sonnenblume.de\/wp-content\/uploads\/2022\/01\/Ankuendigung_zur_bevorstehenden_Pooltestung-768x1006.png 768w, https:\/\/burscheid-sonnenblume.de\/wp-content\/uploads\/2022\/01\/Ankuendigung_zur_bevorstehenden_Pooltestung.png 1046w\" sizes=\"auto, (max-width: 782px) 100vw, 782px\" \/><\/a><figcaption>Ablauf &#8220;LOLLI-POOL&#8221; Testung<\/figcaption><\/figure><\/div>\n\n\n\n<hr class=\"wp-block-separator\"\/>\n\n\n\n<h5><span style=\"color: #6b8e23;\">Dokumente zum Download<\/span><\/h5>\n\n\n\n<div class=\"wp-block-file\"><a href=\"https:\/\/burscheid-sonnenblume.de\/wp-content\/uploads\/2022\/01\/FAQ-Pooltests_BKO.pdf\">FAQs Lolli-PCR-Pooltestung in Burscheid, K\u00fcrten und Odenthal<strong> <\/strong>(Update 19.01.2022)<\/a><a href=\"https:\/\/burscheid-sonnenblume.de\/wp-content\/uploads\/2022\/01\/FAQ-Pooltests_BKO.pdf\" class=\"wp-block-file__button\" download>Herunterladen<\/a><\/div>\n\n\n\n<div class=\"wp-block-file\"><a href=\"https:\/\/burscheid-sonnenblume.de\/wp-content\/uploads\/2022\/01\/Anleitung_Einzeltestung_Daheim.pdf\">Anleitung Einzeltestung Daheim (Update 17.01.2021)<\/a><a href=\"https:\/\/burscheid-sonnenblume.de\/wp-content\/uploads\/2022\/01\/Anleitung_Einzeltestung_Daheim.pdf\" class=\"wp-block-file__button\" download>Herunterladen<\/a><\/div>\n\n\n\n<div class=\"wp-block-file\"><a href=\"https:\/\/burscheid-sonnenblume.de\/wp-content\/uploads\/2022\/01\/FAQs_Kitas.pdf\">FAQs f\u00fcr Kitas und Eltern (Update 17.01.2022)<\/a><a href=\"https:\/\/burscheid-sonnenblume.de\/wp-content\/uploads\/2022\/01\/FAQs_Kitas.pdf\" class=\"wp-block-file__button\" download>Herunterladen<\/a><\/div>\n\n\n\n<div class=\"wp-block-file\"><a href=\"https:\/\/burscheid-sonnenblume.de\/wp-content\/uploads\/2022\/01\/Anleitung-Pool-Test.pdf\">Anleitung-Pool-Test in der Einrichtung<\/a><a href=\"https:\/\/burscheid-sonnenblume.de\/wp-content\/uploads\/2022\/01\/Anleitung-Pool-Test.pdf\" class=\"wp-block-file__button\" download>Herunterladen<\/a><\/div>\n\n\n\n<div class=\"wp-block-file\"><a href=\"https:\/\/burscheid-sonnenblume.de\/wp-content\/uploads\/2022\/01\/Elternbrief-inkl.-Anlagen-bevorstehende-Pooltestung.pdf\">Elternbrief RBK inkl. Anlagen bevorstehende Pooltestung<\/a><a href=\"https:\/\/burscheid-sonnenblume.de\/wp-content\/uploads\/2022\/01\/Elternbrief-inkl.-Anlagen-bevorstehende-Pooltestung.pdf\" class=\"wp-block-file__button\" download>Herunterladen<\/a><\/div>\n\n\n\n<div class=\"wp-block-file\"><a href=\"https:\/\/burscheid-sonnenblume.de\/wp-content\/uploads\/2022\/01\/Einwilligung-zur-Teilnahme-an-PCR-Testungen.pdf\">Einwilligung zur Teilnahme an PCR-Testungen<\/a><a href=\"https:\/\/burscheid-sonnenblume.de\/wp-content\/uploads\/2022\/01\/Einwilligung-zur-Teilnahme-an-PCR-Testungen.pdf\" class=\"wp-block-file__button\" download>Herunterladen<\/a><\/div>\n<\/div>\n<\/div>\n\n\n\n<p><\/p>\n","protected":false},"excerpt":{"rendered":"<p>Wir sind dabei&#8230; Wir sind zum Schutze der Kinder, deren Familien und der Mitarbeitenden gerne bereit, die Pooltestungen in der Kita durchzuf\u00fchren. Dar\u00fcber hinaus hoffen wir sehr,&nbsp; durch die Teilnahme an den Pooltestungen einen Beitrag zur Eind\u00e4mmung der Pandemie zu<\/p>\n","protected":false},"author":1,"featured_media":6390,"parent":0,"menu_order":0,"comment_status":"closed","ping_status":"closed","template":"","meta":{"footnotes":""},"class_list":["post-6373","page","type-page","status-publish","has-post-thumbnail","hentry"],"_links":{"self":[{"href":"https:\/\/burscheid-sonnenblume.de\/index.php?rest_route=\/wp\/v2\/pages\/6373","targetHints":{"allow":["GET"]}}],"collection":[{"href":"https:\/\/burscheid-sonnenblume.de\/index.php?rest_route=\/wp\/v2\/pages"}],"about":[{"href":"https:\/\/burscheid-sonnenblume.de\/index.php?rest_route=\/wp\/v2\/types\/page"}],"author":[{"embeddable":true,"href":"https:\/\/burscheid-sonnenblume.de\/index.php?rest_route=\/wp\/v2\/users\/1"}],"replies":[{"embeddable":true,"href":"https:\/\/burscheid-sonnenblume.de\/index.php?rest_route=%2Fwp%2Fv2%2Fcomments&post=6373"}],"version-history":[{"count":29,"href":"https:\/\/burscheid-sonnenblume.de\/index.php?rest_route=\/wp\/v2\/pages\/6373\/revisions"}],"predecessor-version":[{"id":6445,"href":"https:\/\/burscheid-sonnenblume.de\/index.php?rest_route=\/wp\/v2\/pages\/6373\/revisions\/6445"}],"wp:featuredmedia":[{"embeddable":true,"href":"https:\/\/burscheid-sonnenblume.de\/index.php?rest_route=\/wp\/v2\/media\/6390"}],"wp:attachment":[{"href":"https:\/\/burscheid-sonnenblume.de\/index.php?rest_route=%2Fwp%2Fv2%2Fmedia&parent=6373"}],"curies":[{"name":"wp","href":"https:\/\/api.w.org\/{rel}","templated":true}]}}