{"id":5656,"date":"2021-06-11T14:19:23","date_gmt":"2021-06-11T13:19:23","guid":{"rendered":"https:\/\/burscheid-sonnenblume.de\/?page_id=5656"},"modified":"2021-06-16T10:05:58","modified_gmt":"2021-06-16T09:05:58","slug":"die-abschlussfeier-der-vorschulkinder-2021","status":"publish","type":"page","link":"https:\/\/burscheid-sonnenblume.de\/?page_id=5656","title":{"rendered":"Video &#8211; Die Abschlussfeier der Vorschulkinder 2021"},"content":{"rendered":"<h5><span style=\"color: #6b8e23;\">Ein besonderer Tag f\u00fcr die Vorschulkinder der Sonnenblume<\/span><\/h5>\n<p><img loading=\"lazy\" decoding=\"async\" class=\"wp-image-5669 size-medium alignleft\" src=\"https:\/\/burscheid-sonnenblume.de\/wp-content\/uploads\/2021\/06\/IMG_4599-300x200.jpg\" alt=\"\" width=\"300\" height=\"200\" srcset=\"https:\/\/burscheid-sonnenblume.de\/wp-content\/uploads\/2021\/06\/IMG_4599-300x200.jpg 300w, https:\/\/burscheid-sonnenblume.de\/wp-content\/uploads\/2021\/06\/IMG_4599.jpg 640w\" sizes=\"auto, (max-width: 300px) 100vw, 300px\" \/><\/p>\n<p>Am Freitag, den 28.05.2021 war es f\u00fcr unsere 22 Vorschulkinder endlich so weit. Der langersehnte \u00dcberraschungstag &#8211; die Abschlussfeier der Vorschulkinder fand statt.&nbsp;P\u00fcnktlich um 10 Uhr versammelten sich alle Kinder gut gelaunt und sichtlich aufgeregt auf dem Hof der Kita. Nach einer kurzen Verabschiedung der ebenfalls aufgeregten Eltern starteten wir in einen erlebnisreichen Tag mit vielen \u00dcberraschungen. <br>Das Schminken der Kinder, die Schnitzeljagd, das gemeinsame Abendessen sowie der Auftritt des <a href=\"https:\/\/zauberkunstler-pascal-thomas.business.site\">Zauberers Pascal Thomas<\/a>&nbsp;durfte dabei nat\u00fcrlich auch beim Jahrgang 2020\/2021 nicht fehlen.<\/p>\n<p>Da Bilder mehr als tausend Worte sagen, haben wir nach vorheriger Einverst\u00e4ndniserkl\u00e4rung aller Eltern einen 15 min\u00fctigen Film zur Erinnerung an diesen Tag zusammengeschnitten. Wir w\u00fcnschen viel Spass und sagen auch von unserer Seite:<\/p>\n<h5 style=\"text-align: center;\"><span style=\"color: #6b8e23;\"><em>Danke, dass wir euch die Jahre begleiten durften, wir w\u00fcnschen Euch eine sch\u00f6ne Schulzeit !!<\/em><\/span><\/h5>\n\n\n<hr class=\"wp-block-separator\"\/>\n\n\n\n<figure class=\"wp-block-video\"><video controls src=\"https:\/\/burscheid-sonnenblume.de\/wp-content\/uploads\/2021\/06\/Abschluss-der-Vorschulkinder-1167.mp4\"><\/video><figcaption>Der Abschlusstag der Vorschulkinder<\/figcaption><\/figure>\n\n\n\n<p><\/p>\n","protected":false},"excerpt":{"rendered":"<p>Ein besonderer Tag f\u00fcr die Vorschulkinder der Sonnenblume Am Freitag, den 28.05.2021 war es f\u00fcr unsere 22 Vorschulkinder endlich so weit. Der langersehnte \u00dcberraschungstag &#8211; die Abschlussfeier der Vorschulkinder fand statt.&nbsp;P\u00fcnktlich um 10 Uhr versammelten sich alle Kinder gut gelaunt<\/p>\n","protected":false},"author":1,"featured_media":5669,"parent":0,"menu_order":0,"comment_status":"closed","ping_status":"closed","template":"","meta":{"footnotes":""},"class_list":["post-5656","page","type-page","status-publish","has-post-thumbnail","hentry"],"_links":{"self":[{"href":"https:\/\/burscheid-sonnenblume.de\/index.php?rest_route=\/wp\/v2\/pages\/5656","targetHints":{"allow":["GET"]}}],"collection":[{"href":"https:\/\/burscheid-sonnenblume.de\/index.php?rest_route=\/wp\/v2\/pages"}],"about":[{"href":"https:\/\/burscheid-sonnenblume.de\/index.php?rest_route=\/wp\/v2\/types\/page"}],"author":[{"embeddable":true,"href":"https:\/\/burscheid-sonnenblume.de\/index.php?rest_route=\/wp\/v2\/users\/1"}],"replies":[{"embeddable":true,"href":"https:\/\/burscheid-sonnenblume.de\/index.php?rest_route=%2Fwp%2Fv2%2Fcomments&post=5656"}],"version-history":[{"count":8,"href":"https:\/\/burscheid-sonnenblume.de\/index.php?rest_route=\/wp\/v2\/pages\/5656\/revisions"}],"predecessor-version":[{"id":5674,"href":"https:\/\/burscheid-sonnenblume.de\/index.php?rest_route=\/wp\/v2\/pages\/5656\/revisions\/5674"}],"wp:featuredmedia":[{"embeddable":true,"href":"https:\/\/burscheid-sonnenblume.de\/index.php?rest_route=\/wp\/v2\/media\/5669"}],"wp:attachment":[{"href":"https:\/\/burscheid-sonnenblume.de\/index.php?rest_route=%2Fwp%2Fv2%2Fmedia&parent=5656"}],"curies":[{"name":"wp","href":"https:\/\/api.w.org\/{rel}","templated":true}]}}