{"id":5350,"date":"2021-04-26T12:26:57","date_gmt":"2021-04-26T11:26:57","guid":{"rendered":"https:\/\/burscheid-sonnenblume.de\/?page_id=5350"},"modified":"2021-05-06T08:43:45","modified_gmt":"2021-05-06T07:43:45","slug":"nachhaltigkeitspreis-auf-dem-weg-zum-sozial-oekologischen-wandel","status":"publish","type":"page","link":"https:\/\/burscheid-sonnenblume.de\/?page_id=5350","title":{"rendered":"Nachhaltigkeitspreis &#8211; Auf dem Weg zum sozial-\u00f6kologischen Wandel"},"content":{"rendered":"<h5><span style=\"color: #6b8e23;\">Freude an der Sch\u00f6pfung finden und diese sch\u00fctzen<\/span><\/h5>\n<p><img loading=\"lazy\" decoding=\"async\" class=\" wp-image-5402 alignleft\" src=\"https:\/\/burscheid-sonnenblume.de\/wp-content\/uploads\/2021\/04\/Deckblatt-Henri-Antrag-600pixel-300x212.jpg\" alt=\"\" width=\"308\" height=\"218\" srcset=\"https:\/\/burscheid-sonnenblume.de\/wp-content\/uploads\/2021\/04\/Deckblatt-Henri-Antrag-600pixel-300x212.jpg 300w, https:\/\/burscheid-sonnenblume.de\/wp-content\/uploads\/2021\/04\/Deckblatt-Henri-Antrag-600pixel.jpg 640w\" sizes=\"auto, (max-width: 308px) 100vw, 308px\" \/>Unser Planet Erde mit seiner ganzen herrlichen Sch\u00f6pfung, den Menschen, den Tieren, den Pflanzen, der atemberaubenden Natur und allen perfekt aufeinander abgestimmten Prozessen ist sehr gut! Und die Erde ist nicht nur sehr gut, sondern ist f\u00fcr uns Menschen und allen bekannten Lebewesen die Lebensgrundlage, der Ursprungsort und unsere Heimat \u2013 ein Geschenk Gottes.<\/p>\n<p>Gott erschuf die Erde und alles, was darauf ist und zuletzt den Menschen als Kr\u00f6nung der Sch\u00f6pfung. Er gab uns den Auftrag \u201eMacht euch der Erde untertan\u201c, denn die Erde war so geplant und konzipiert, dass die Natur uns alles gibt, was wir zum Leben und \u00dcberleben ben\u00f6tigen. Welch gro\u00dfes Geschenk!<\/p>\n<p>Wir denken, dass es in einer Kindertagesst\u00e4tte besondere Aufgabe und Pflicht ist, schon fr\u00fch im Kindergartenalltag dieses wichtige Thema besonders in den Blick zu nehmen!<\/p>\n<hr \/>\n\n\n<figure class=\"wp-block-video aligncenter\"><video controls src=\"https:\/\/burscheid-sonnenblume.de\/wp-content\/uploads\/2021\/05\/Auf-dem-Weg-zum-sozial-oekologischen-Wandel.mp4\"><\/video><figcaption>Zusammenfassung &#8211; Nachhaltigkeitspreis &#8211; Auf dem Weg zum sozial-\u00f6kologischen Wandel<\/figcaption><\/figure>\n\n\n\n<hr class=\"wp-block-separator\"\/>\n\n\n<h5 style=\"text-align: center;\"><span style=\"color: #6b8e23;\">\u201eDenn nur was ich kennen und dadurch lieben gelernt habe, <\/span><br><span style=\"color: #6b8e23;\">bin ich bereit zu sch\u00fctzen und zu bewahren.\u201c<\/span><\/h5>\n<hr>\n<p>Vor diesem Hintergrund nehmen wir mit gro\u00dfer Freude und Motivation an dem Projekt \u201eNachhaltigkeitspreis des Erzbistums K\u00f6ln\u201c teil. Wir m\u00f6chten aufzeigen, dass wir als Kindertagesst\u00e4tte unterwegs sind \u2013 auf einem Weg zu mehr Bewusstsein, Verst\u00e4ndnis und Achtung der Natur, zu Nachhaltigkeit und zu verantwortungsvollem Umgang mit Ressourcen.<\/p>\n\n\n<hr class=\"wp-block-separator\"\/>\n\n\n\n<style id=\"bwg-style-0\">  #bwg_container1_0 {\t\/*visibility: hidden;*\/  }  #bwg_container1_0 * {\t  -moz-user-select: none;\t  -khtml-user-select: none;\t  -webkit-user-select: none;\t  -ms-user-select: none;\t  user-select: none;  }  #bwg_container1_0 #bwg_container2_0 .bwg_slideshow_image_wrap_0 {\t  background-color: #F2F2F2;\t  width: 800px;\t  height: 500px;  }  #bwg_container1_0 #bwg_container2_0 .bwg_slideshow_image_0 {\t  max-width: 800px;\t  max-height: 410px;  }  #bwg_container1_0 #bwg_container2_0 .bwg_slideshow_embed_0 {    width: 800px;    height: 410px;  }  #bwg_container1_0 #bwg_container2_0 #bwg_slideshow_play_pause_0 {\t  background: transparent url(\"https:\/\/burscheid-sonnenblume.de\/wp-content\/plugins\/photo-gallery\/images\/blank.gif\") repeat scroll 0 0;  }  #bwg_container1_0 #bwg_container2_0 #bwg_slideshow_play_pause-ico_0 {    color: #D6D6D6;    font-size: 35px;  }  #bwg_container1_0 #bwg_container2_0 #bwg_slideshow_play_pause-ico_0:hover {\t  color: #BABABA;  }  #bwg_container1_0 #bwg_container2_0 #spider_slideshow_left_0,  #bwg_container1_0 #bwg_container2_0 #spider_slideshow_right_0 {\t  background: transparent url(\"https:\/\/burscheid-sonnenblume.de\/wp-content\/plugins\/photo-gallery\/images\/blank.gif\") repeat scroll 0 0;  }  #bwg_container1_0 #bwg_container2_0 #spider_slideshow_left-ico_0,  #bwg_container1_0 #bwg_container2_0 #spider_slideshow_right-ico_0 {\t  background-color: #FFFFFF;\t  border-radius: 20px;\t  border: 0px none #FFFFFF;\t  box-shadow: ;\t  color: #D6D6D6;\t  height: 37px;\t  font-size: 12px;\t  width: 37px;\t  opacity: 1.00;  }  #bwg_container1_0 #bwg_container2_0 #spider_slideshow_left-ico_0:hover,  #bwg_container1_0 #bwg_container2_0 #spider_slideshow_right-ico_0:hover {\t  color: #BABABA;  }      #spider_slideshow_left-ico_0{      left: -9999px;    }    #spider_slideshow_right-ico_0{      left: -9999px;    }      #bwg_container1_0 #bwg_container2_0 .bwg_slideshow_image_container_0 {\t  bottom: 90px;\t  width: 800px;\t  height: 500px;\t  }\t  #bwg_container1_0 #bwg_container2_0 .bwg_slideshow_filmstrip_container_0 {\t  display: table;\t  height: 90px;\t  width: 800px;\t  bottom: 0;  }  #bwg_container1_0 #bwg_container2_0 .bwg_slideshow_filmstrip_0 {\t  left: 20px;\t  width: 760px;\t  \/*z-index: 10106;*\/  }  #bwg_container1_0 #bwg_container2_0 .bwg_slideshow_filmstrip_thumbnails_0 {\t  height: 90px;\t  left: 0px;\t  width: 815px;  }  #bwg_container1_0 #bwg_container2_0 .bwg_slideshow_filmstrip_thumbnail_0 {\t  border: 0px none #000000;\t  border-radius: 0;\t  height: 90px;\t  margin: 0px 2px 0 0 ;\t  width: 161px;  }  #bwg_container1_0 #bwg_container2_0 .bwg_slideshow_thumb_active_0 {\t  border: 0px solid #FFFFFF;  }  #bwg_container1_0 #bwg_container2_0 .bwg_slideshow_thumb_deactive_0 {    opacity: 1.00;  }  #bwg_container1_0 #bwg_container2_0 .bwg_slideshow_filmstrip_left_0 {\t  background-color: #F2F2F2;\t  display: table-cell;\t  width: 20px;\t  left: 0;\t  \t    }  #bwg_container1_0 #bwg_container2_0 .bwg_slideshow_filmstrip_right_0 {\t  background-color: #F2F2F2;\t  right: 0;\t  width: 20px;\t  display: table-cell;\t  \t    }  #bwg_container1_0 #bwg_container2_0 .bwg_slideshow_filmstrip_left_0 i,  #bwg_container1_0 #bwg_container2_0 .bwg_slideshow_filmstrip_right_0 i {\t  color: #BABABA;\t  font-size: 20px;  }  #bwg_container1_0 #bwg_container2_0 .bwg_slideshow_watermark_spun_0 {\t  text-align: left;\t  vertical-align: bottom;  }  #bwg_container1_0 #bwg_container2_0 .bwg_slideshow_title_spun_0 {\t  text-align: right;\t  vertical-align: top;  }  #bwg_container1_0 #bwg_container2_0 .bwg_slideshow_description_spun_0 {\t  text-align: right;\t  vertical-align: bottom;  }  #bwg_container1_0 #bwg_container2_0 .bwg_slideshow_watermark_image_0 {\t  max-height: 90px;\t  max-width: 90px;\t  opacity: 0.30;  }  #bwg_container1_0 #bwg_container2_0 .bwg_slideshow_watermark_text_0,  #bwg_container1_0 #bwg_container2_0 .bwg_slideshow_watermark_text_0:hover {\t  text-decoration: none;\t  margin: 4px;\t  position: relative;\t  z-index: 15;  }  #bwg_container1_0 #bwg_container2_0 .bwg_slideshow_title_text_0 {\t  font-size: 16px;\t  font-family: Ubuntu;\t  color: #FFFFFF !important;\t  opacity: 0.70;    border-radius: 5px;\t  background-color: #000000;\t  padding: 0 0 0 0;\t  \t\tmargin: 5px;\t  \t    }  #bwg_container1_0 #bwg_container2_0 .bwg_slideshow_description_text_0 {\t  font-size: 14px;\t  font-family: Ubuntu;\t  color: #FFFFFF !important;\t  opacity: 0.70;    border-radius: 0;\t  background-color: #000000;\t  padding: 5px 10px 5px 10px;\t    }  #bwg_container1_0 #bwg_container2_0 .bwg_slideshow_description_text_0 * {\ttext-decoration: none;\tcolor: #FFFFFF !important;  }  #bwg_container1_0 #bwg_container2_0 .bwg_slideshow_dots_0 {\t  width: 12px;\t  height: 12px;\t  border-radius: 5px;\t  background: #F2D22E;\t  margin: 3px;  }  #bwg_container1_0 #bwg_container2_0 .bwg_slideshow_dots_container_0 {\t  width: 800px;\t  bottom: 0;  }  #bwg_container1_0 #bwg_container2_0 .bwg_slideshow_dots_thumbnails_0 {\t  height: 18px;\t  width: 90px;  }  #bwg_container1_0 #bwg_container2_0 .bwg_slideshow_dots_active_0 {\t  background: #FFFFFF;\t  border: 1px solid #000000;  }  <\/style>    <div id=\"bwg_container1_0\"         class=\"bwg_container bwg_thumbnail bwg_slideshow\"         data-right-click-protection=\"0\"         data-bwg=\"0\"         data-gallery-type=\"slideshow\"         data-current-url=\"https:\/\/burscheid-sonnenblume.de\/index.php?rest_route=%2Fwp%2Fv2%2Fpages%2F5350\"         data-lightbox-url=\"https:\/\/burscheid-sonnenblume.de\/wp-admin\/admin-ajax.php?action=GalleryBox&#038;current_view=0&#038;gallery_id=25&#038;tag=0&#038;theme_id=1&#038;shortcode_id=62&#038;sort_by=order&#038;order_by=asc&#038;current_url=https%3A%2F%2Fburscheid-sonnenblume.de%2Findex.php%3Frest_route%3D%252Fwp%252Fv2%252Fpages%252F5350\"         data-gallery-id=\"25\"         data-popup-width=\"800\"         data-popup-height=\"500\"         data-is-album=\"gallery\"         data-buttons-position=\"bottom\">      <div id=\"bwg_container2_0\">             <div id=\"ajax_loading_0\" class=\"bwg_loading_div_1\">      <div class=\"bwg_loading_div_2\">        <div class=\"bwg_loading_div_3\">          <div id=\"loading_div_0\" class=\"bwg_spider_ajax_loading\">          <\/div>        <\/div>      <\/div>    <\/div>            <form id=\"gal_front_form_0\"              class=\"bwg-hidden\"              method=\"post\"              action=\"#\"              data-current=\"0\"              data-shortcode-id=\"62\"              data-gallery-type=\"slideshow\"              data-gallery-id=\"25\"              data-tag=\"0\"              data-album-id=\"0\"              data-theme-id=\"1\"              data-ajax-url=\"https:\/\/burscheid-sonnenblume.de\/wp-admin\/admin-ajax.php?action=bwg_frontend_data\">          <div id=\"bwg_container3_0\" class=\"bwg-background bwg-background-0\">              <div class=\"bwg_slideshow_image_wrap_0 bwg-slideshow-images-wrapper bwg-container\"       data-bwg=\"0\"       data-lightbox-url=\"https:\/\/burscheid-sonnenblume.de\/wp-admin\/admin-ajax.php?action=GalleryBox&#038;current_view=0&#038;gallery_id=25&#038;tag=0&#038;theme_id=1&#038;shortcode_id=62&#038;sort_by=order&#038;order_by=asc&#038;current_url=https%3A%2F%2Fburscheid-sonnenblume.de%2Findex.php%3Frest_route%3D%252Fwp%252Fv2%252Fpages%252F5350\">          <div class=\"bwg_slideshow_filmstrip_container_0\">        <div class=\"bwg_slideshow_filmstrip_left_0\">          <i class=\"bwg-icon-angle-left\"><\/i>        <\/div>        <div class=\"bwg_slideshow_filmstrip_0 bwg_slideshow_filmstrip\">          <div class=\"bwg_slideshow_filmstrip_thumbnails_0\">                          <div id=\"bwg_filmstrip_thumbnail_0_0\" class=\"bwg_slideshow_filmstrip_thumbnail_0 bwg_slideshow_thumb_active_0\">                <img decoding=\"async\" style=\"width:161px; height:120.106px; margin-left: 0px; margin-top: -15.053px;\"                     class=\"skip-lazy bwg_filmstrip_thumbnail_img bwg_slideshow_filmstrip_thumbnail_img_0 \"                     src=\"https:\/\/burscheid-sonnenblume.de\/wp-content\/uploads\/photo-gallery\/thumb\/Gemu\u0308se.jpg?bwg=1620048899\"                     data-src=\"https:\/\/burscheid-sonnenblume.de\/wp-content\/uploads\/photo-gallery\/thumb\/Gemu\u0308se.jpg?bwg=1620048899\"                     onclick=\"bwg_change_image(parseInt(jQuery('#bwg_current_image_key_0').val()), '0', '', '', '0')\"                     image_id=\"321\"                     image_key=\"0\"                     alt=\"\" \/>              <\/div>                            <div id=\"bwg_filmstrip_thumbnail_1_0\" class=\"bwg_slideshow_filmstrip_thumbnail_0 bwg_slideshow_thumb_deactive_0\">                <img decoding=\"async\" style=\"width:161px; height:120.106px; margin-left: 0px; margin-top: -15.053px;\"                     class=\"skip-lazy bwg_filmstrip_thumbnail_img bwg_slideshow_filmstrip_thumbnail_img_0 \"                     src=\"https:\/\/burscheid-sonnenblume.de\/wp-content\/uploads\/photo-gallery\/thumb\/Wasser.jpg?bwg=1620048899\"                     data-src=\"https:\/\/burscheid-sonnenblume.de\/wp-content\/uploads\/photo-gallery\/thumb\/Wasser.jpg?bwg=1620048899\"                     onclick=\"bwg_change_image(parseInt(jQuery('#bwg_current_image_key_0').val()), '1', '', '', '0')\"                     image_id=\"319\"                     image_key=\"1\"                     alt=\"\" \/>              <\/div>                            <div id=\"bwg_filmstrip_thumbnail_2_0\" class=\"bwg_slideshow_filmstrip_thumbnail_0 bwg_slideshow_thumb_deactive_0\">                <img decoding=\"async\" style=\"width:161px; height:122.038px; margin-left: 0px; margin-top: -16.019px;\"                     class=\"skip-lazy bwg_filmstrip_thumbnail_img bwg_slideshow_filmstrip_thumbnail_img_0 \"                     src=\"https:\/\/burscheid-sonnenblume.de\/wp-content\/uploads\/photo-gallery\/thumb\/Pflanzen.jpg?bwg=1620048899\"                     data-src=\"https:\/\/burscheid-sonnenblume.de\/wp-content\/uploads\/photo-gallery\/thumb\/Pflanzen.jpg?bwg=1620048899\"                     onclick=\"bwg_change_image(parseInt(jQuery('#bwg_current_image_key_0').val()), '2', '', '', '0')\"                     image_id=\"322\"                     image_key=\"2\"                     alt=\"\" \/>              <\/div>                            <div id=\"bwg_filmstrip_thumbnail_3_0\" class=\"bwg_slideshow_filmstrip_thumbnail_0 bwg_slideshow_thumb_deactive_0\">                <img decoding=\"async\" style=\"width:161px; height:120.106px; margin-left: 0px; margin-top: -15.053px;\"                     class=\"skip-lazy bwg_filmstrip_thumbnail_img bwg_slideshow_filmstrip_thumbnail_img_0 \"                     src=\"https:\/\/burscheid-sonnenblume.de\/wp-content\/uploads\/photo-gallery\/thumb\/Laternen.jpg?bwg=1620048899\"                     data-src=\"https:\/\/burscheid-sonnenblume.de\/wp-content\/uploads\/photo-gallery\/thumb\/Laternen.jpg?bwg=1620048899\"                     onclick=\"bwg_change_image(parseInt(jQuery('#bwg_current_image_key_0').val()), '3', '', '', '0')\"                     image_id=\"320\"                     image_key=\"3\"                     alt=\"\" \/>              <\/div>                            <div id=\"bwg_filmstrip_thumbnail_4_0\" class=\"bwg_slideshow_filmstrip_thumbnail_0 bwg_slideshow_thumb_deactive_0\">                <img decoding=\"async\" style=\"width:161px; height:121.394px; margin-left: 0px; margin-top: -15.697px;\"                     class=\"skip-lazy bwg_filmstrip_thumbnail_img bwg_slideshow_filmstrip_thumbnail_img_0 \"                     src=\"https:\/\/burscheid-sonnenblume.de\/wp-content\/uploads\/photo-gallery\/thumb\/Regenwurm.jpg?bwg=1620048899\"                     data-src=\"https:\/\/burscheid-sonnenblume.de\/wp-content\/uploads\/photo-gallery\/thumb\/Regenwurm.jpg?bwg=1620048899\"                     onclick=\"bwg_change_image(parseInt(jQuery('#bwg_current_image_key_0').val()), '4', '', '', '0')\"                     image_id=\"318\"                     image_key=\"4\"                     alt=\"\" \/>              <\/div>                        <\/div>        <\/div>        <div class=\"bwg_slideshow_filmstrip_right_0\">          <i class=\"bwg-icon-angle-right\"><\/i>        <\/div>      <\/div>          <div id=\"bwg_slideshow_image_container_0\" class=\"bwg_slideshow_image_container_0\" data-params='{&quot;bwg_source&quot;:&quot;slider&quot;,&quot;bwg_current_key&quot;:&quot;&quot;,&quot;bwg_transition_duration&quot;:100,&quot;bwg_trans_in_progress&quot;:false,&quot;data&quot;:[{&quot;id&quot;:&quot;321&quot;,&quot;alt&quot;:&quot;&quot;,&quot;description&quot;:&quot;&quot;,&quot;filetype&quot;:&quot;JPG&quot;,&quot;filename&quot;:&quot;Gemu\\u0308se&quot;,&quot;image_url&quot;:&quot;\\\/Gemu\\u0308se.jpg?bwg=1620048899&quot;,&quot;thumb_url&quot;:&quot;\\\/thumb\\\/Gemu\\u0308se.jpg?bwg=1620048899&quot;,&quot;redirect_url&quot;:&quot;&quot;,&quot;date&quot;:&quot;2021-05-03 13:32:24&quot;,&quot;is_embed&quot;:false,&quot;is_embed_video&quot;:false,&quot;image_width&quot;:&quot;640&quot;,&quot;image_height&quot;:&quot;478&quot;},{&quot;id&quot;:&quot;319&quot;,&quot;alt&quot;:&quot;&quot;,&quot;description&quot;:&quot;&quot;,&quot;filetype&quot;:&quot;JPG&quot;,&quot;filename&quot;:&quot;Wasser&quot;,&quot;image_url&quot;:&quot;\\\/Wasser.jpg?bwg=1620048899&quot;,&quot;thumb_url&quot;:&quot;\\\/thumb\\\/Wasser.jpg?bwg=1620048899&quot;,&quot;redirect_url&quot;:&quot;&quot;,&quot;date&quot;:&quot;2021-05-03 13:32:41&quot;,&quot;is_embed&quot;:false,&quot;is_embed_video&quot;:false,&quot;image_width&quot;:&quot;640&quot;,&quot;image_height&quot;:&quot;478&quot;},{&quot;id&quot;:&quot;322&quot;,&quot;alt&quot;:&quot;&quot;,&quot;description&quot;:&quot;&quot;,&quot;filetype&quot;:&quot;JPG&quot;,&quot;filename&quot;:&quot;Pflanzen&quot;,&quot;image_url&quot;:&quot;\\\/Pflanzen.jpg?bwg=1620048899&quot;,&quot;thumb_url&quot;:&quot;\\\/thumb\\\/Pflanzen.jpg?bwg=1620048899&quot;,&quot;redirect_url&quot;:&quot;&quot;,&quot;date&quot;:&quot;2021-05-03 13:32:09&quot;,&quot;is_embed&quot;:false,&quot;is_embed_video&quot;:false,&quot;image_width&quot;:&quot;640&quot;,&quot;image_height&quot;:&quot;485&quot;},{&quot;id&quot;:&quot;320&quot;,&quot;alt&quot;:&quot;&quot;,&quot;description&quot;:&quot;&quot;,&quot;filetype&quot;:&quot;JPG&quot;,&quot;filename&quot;:&quot;Laternen&quot;,&quot;image_url&quot;:&quot;\\\/Laternen.jpg?bwg=1620048899&quot;,&quot;thumb_url&quot;:&quot;\\\/thumb\\\/Laternen.jpg?bwg=1620048899&quot;,&quot;redirect_url&quot;:&quot;&quot;,&quot;date&quot;:&quot;2021-05-03 13:32:25&quot;,&quot;is_embed&quot;:false,&quot;is_embed_video&quot;:false,&quot;image_width&quot;:&quot;640&quot;,&quot;image_height&quot;:&quot;478&quot;},{&quot;id&quot;:&quot;318&quot;,&quot;alt&quot;:&quot;&quot;,&quot;description&quot;:&quot;&quot;,&quot;filetype&quot;:&quot;JPG&quot;,&quot;filename&quot;:&quot;Regenwurm&quot;,&quot;image_url&quot;:&quot;\\\/Regenwurm.jpg?bwg=1620048899&quot;,&quot;thumb_url&quot;:&quot;\\\/thumb\\\/Regenwurm.jpg?bwg=1620048899&quot;,&quot;redirect_url&quot;:&quot;&quot;,&quot;date&quot;:&quot;2021-05-03 13:33:42&quot;,&quot;is_embed&quot;:false,&quot;is_embed_video&quot;:false,&quot;image_width&quot;:&quot;640&quot;,&quot;image_height&quot;:&quot;482&quot;}],&quot;width_or_height&quot;:&quot;width&quot;,&quot;filmstrip_thumb_margin_hor&quot;:2,&quot;left_or_top&quot;:&quot;left&quot;,&quot;outerWidth_or_outerHeight&quot;:&quot;outerWidth&quot;,&quot;enable_slideshow_shuffle&quot;:&quot;0&quot;,&quot;lightbox_filmstrip_thumb_border_width&quot;:&quot;1&quot;,&quot;thumb_click_action&quot;:&quot;open_lightbox&quot;,&quot;thumb_link_target&quot;:&quot;1&quot;,&quot;upload_url&quot;:&quot;https:\\\/\\\/burscheid-sonnenblume.de\\\/wp-content\\\/uploads\\\/photo-gallery&quot;,&quot;preload_images&quot;:&quot;1&quot;,&quot;slideshow_effect&quot;:&quot;fade&quot;,&quot;enable_slideshow_filmstrip&quot;:&quot;1&quot;,&quot;event_stack&quot;:&quot;&quot;,&quot;preload_images_count&quot;:10,&quot;image_width&quot;:&quot;800&quot;,&quot;image_height&quot;:&quot;500&quot;,&quot;filmstrip_direction&quot;:&quot;horizontal&quot;,&quot;slideshow_filmstrip_width&quot;:161,&quot;slideshow_filmstrip_height&quot;:&quot;90&quot;,&quot;slideshow_play_pause_btn_size&quot;:&quot;35&quot;,&quot;watermark_type&quot;:&quot;90&quot;,&quot;watermark_height&quot;:&quot;90&quot;,&quot;watermark_font_size&quot;:&quot;20&quot;,&quot;slideshow_title_font_size&quot;:&quot;16&quot;,&quot;slideshow_description_font_size&quot;:&quot;14&quot;,&quot;bwg_playInterval&quot;:&quot;&quot;,&quot;slideshow_interval&quot;:5,&quot;image_right_click&quot;:&quot;0&quot;,&quot;enable_slideshow_autoplay&quot;:&quot;0&quot;,&quot;enable_slideshow_music&quot;:&quot;0&quot;,&quot;bwg_current_filmstrip_pos&quot;:0}'>      <div class=\"bwg_slide_container_0\">        <div class=\"bwg_slide_bg_0\">          <div class=\"bwg_slider_0\">                            <span class=\"bwg_slideshow_image_spun_0\" id=\"image_id_0_321\">                    <span class=\"bwg_slideshow_image_spun1_0\">                      <span class=\"bwg_slideshow_image_spun2_0\">                                                  <a  class=\"bwg-a bwg_lightbox\" href=\"https:\/\/burscheid-sonnenblume.de\/wp-content\/uploads\/photo-gallery\/Gemu\u0308se.jpg?bwg=1620048899\" data-image-id=\"321\" data-elementor-open-lightbox=\"no\">                          <img decoding=\"async\" id=\"bwg_slideshow_image_0\"                               class=\"skip-lazy bwg_slide bwg_slideshow_image_0 \"                               src=\"https:\/\/burscheid-sonnenblume.de\/wp-content\/uploads\/photo-gallery\/Gemu\u0308se.jpg?bwg=1620048899\"                               data-src=\"https:\/\/burscheid-sonnenblume.de\/wp-content\/uploads\/photo-gallery\/Gemu\u0308se.jpg?bwg=1620048899\"                               image_id=\"321\"                               alt=\"\" \/>                          <\/a>                                                <\/span>                    <\/span>                  <\/span>                <span class=\"bwg_slideshow_image_second_spun_0\">                  <\/span>                <input type=\"hidden\" id=\"bwg_current_image_key_0\" value=\"0\" \/>                          <\/div>        <\/div>      <\/div>              <a class=\"bwg-a\" id=\"spider_slideshow_left_0\" onclick=\"bwg_change_image(parseInt(jQuery('#bwg_current_image_key_0').val()), (parseInt(jQuery('#bwg_current_image_key_0').val()) + 5 - bwg_iterator(0)) % 5, '', '', 0); return false;\"><span id=\"spider_slideshow_left-ico_0\"><span><i class=\"bwg-icon-angle-left bwg_slideshow_prev_btn_0\"><\/i><\/span><\/span><\/a>        <span id=\"bwg_slideshow_play_pause_0\" class=\"bwg_slideshow_play_pause\" style=\"display: ;\"><span><span id=\"bwg_slideshow_play_pause-ico_0\"><i class=\"bwg-icon-play bwg_ctrl_btn_0 bwg_slideshow_play_pause_0\"><\/i><\/span><\/span><\/span>        <a class=\"bwg-a\" id=\"spider_slideshow_right_0\" onclick=\"bwg_change_image(parseInt(jQuery('#bwg_current_image_key_0').val()), (parseInt(jQuery('#bwg_current_image_key_0').val()) + bwg_iterator(0)) % 5, '', '', 0); return false;\"><span id=\"spider_slideshow_right-ico_0\"><span><i class=\"bwg-icon-angle-right bwg_slideshow_next_btn_0\"><\/i><\/span><\/span><\/a>            <\/div>      <\/div>            <\/div>        <\/form>          <style>          #bwg_container1_0 #bwg_container2_0 #spider_popup_overlay_0 {          background-color: #EEEEEE;          opacity: 0.60;          }          <\/style>        <div id=\"bwg_spider_popup_loading_0\" class=\"bwg_spider_popup_loading\"><\/div>        <div id=\"spider_popup_overlay_0\" class=\"spider_popup_overlay\" onclick=\"spider_destroypopup(1000)\"><\/div>        <input type=\"hidden\" id=\"bwg_random_seed_0\" value=\"711973071\">                <\/div>    <\/div>    <script>      if (document.readyState === 'complete') {        if( typeof bwg_main_ready == 'function' ) {          if ( jQuery(\"#bwg_container1_0\").height() ) {            bwg_main_ready(jQuery(\"#bwg_container1_0\"));          }        }      } else {        document.addEventListener('DOMContentLoaded', function() {          if( typeof bwg_main_ready == 'function' ) {            if ( jQuery(\"#bwg_container1_0\").height() ) {             bwg_main_ready(jQuery(\"#bwg_container1_0\"));            }          }        });      }    <\/script>    \n\n\n\n<div class=\"wp-block-columns is-layout-flex wp-container-core-columns-is-layout-1 wp-block-columns-is-layout-flex\">\n<div class=\"wp-block-column is-layout-flow wp-block-column-is-layout-flow\"><\/div>\n\n\n\n<div class=\"wp-block-column is-layout-flow wp-block-column-is-layout-flow\"><\/div>\n<\/div>\n\n\n\n<div class=\"wp-block-columns is-layout-flex wp-container-core-columns-is-layout-2 wp-block-columns-is-layout-flex\">\n<div class=\"wp-block-column is-layout-flow wp-block-column-is-layout-flow\"><\/div>\n<\/div>\n","protected":false},"excerpt":{"rendered":"<p>Freude an der Sch\u00f6pfung finden und diese sch\u00fctzen Unser Planet Erde mit seiner ganzen herrlichen Sch\u00f6pfung, den Menschen, den Tieren, den Pflanzen, der atemberaubenden Natur und allen perfekt aufeinander abgestimmten Prozessen ist sehr gut! Und die Erde ist nicht nur<\/p>\n","protected":false},"author":1,"featured_media":5402,"parent":0,"menu_order":0,"comment_status":"closed","ping_status":"closed","template":"","meta":{"footnotes":""},"class_list":["post-5350","page","type-page","status-publish","has-post-thumbnail","hentry"],"_links":{"self":[{"href":"https:\/\/burscheid-sonnenblume.de\/index.php?rest_route=\/wp\/v2\/pages\/5350","targetHints":{"allow":["GET"]}}],"collection":[{"href":"https:\/\/burscheid-sonnenblume.de\/index.php?rest_route=\/wp\/v2\/pages"}],"about":[{"href":"https:\/\/burscheid-sonnenblume.de\/index.php?rest_route=\/wp\/v2\/types\/page"}],"author":[{"embeddable":true,"href":"https:\/\/burscheid-sonnenblume.de\/index.php?rest_route=\/wp\/v2\/users\/1"}],"replies":[{"embeddable":true,"href":"https:\/\/burscheid-sonnenblume.de\/index.php?rest_route=%2Fwp%2Fv2%2Fcomments&post=5350"}],"version-history":[{"count":18,"href":"https:\/\/burscheid-sonnenblume.de\/index.php?rest_route=\/wp\/v2\/pages\/5350\/revisions"}],"predecessor-version":[{"id":5458,"href":"https:\/\/burscheid-sonnenblume.de\/index.php?rest_route=\/wp\/v2\/pages\/5350\/revisions\/5458"}],"wp:featuredmedia":[{"embeddable":true,"href":"https:\/\/burscheid-sonnenblume.de\/index.php?rest_route=\/wp\/v2\/media\/5402"}],"wp:attachment":[{"href":"https:\/\/burscheid-sonnenblume.de\/index.php?rest_route=%2Fwp%2Fv2%2Fmedia&parent=5350"}],"curies":[{"name":"wp","href":"https:\/\/api.w.org\/{rel}","templated":true}]}}