{"id":5308,"date":"2021-04-22T11:38:07","date_gmt":"2021-04-22T10:38:07","guid":{"rendered":"https:\/\/burscheid-sonnenblume.de\/?page_id=5308"},"modified":"2021-11-30T14:51:37","modified_gmt":"2021-11-30T13:51:37","slug":"anleitung-und-weitere-informationen-zum-corona-schnelltest","status":"publish","type":"page","link":"https:\/\/burscheid-sonnenblume.de\/?page_id=5308","title":{"rendered":"Anleitung und weitere Informationen zum Corona Selbsttest"},"content":{"rendered":"\n<p><\/p>\n\n\n<p><img loading=\"lazy\" decoding=\"async\" class=\"size-medium wp-image-5313 alignleft\" src=\"https:\/\/burscheid-sonnenblume.de\/wp-content\/uploads\/2021\/04\/IMG_7897-225x300.jpg\" alt=\"\" width=\"225\" height=\"300\" srcset=\"https:\/\/burscheid-sonnenblume.de\/wp-content\/uploads\/2021\/04\/IMG_7897-225x300.jpg 225w, https:\/\/burscheid-sonnenblume.de\/wp-content\/uploads\/2021\/04\/IMG_7897-768x1024.jpg 768w, https:\/\/burscheid-sonnenblume.de\/wp-content\/uploads\/2021\/04\/IMG_7897-1152x1536.jpg 1152w, https:\/\/burscheid-sonnenblume.de\/wp-content\/uploads\/2021\/04\/IMG_7897-1536x2048.jpg 1536w, https:\/\/burscheid-sonnenblume.de\/wp-content\/uploads\/2021\/04\/IMG_7897-scaled.jpg 1920w\" sizes=\"auto, (max-width: 225px) 100vw, 225px\" \/>Liebe Eltern,<br \/>liebe Besucher,<br \/>wie in der Kita-Info-App vom 12.04.2021 mitgeteilt, verz\u00f6gerte sich die vom Ministerium f\u00fcr Kinder, Familie, Fl\u00fcchtlinge und Integration angek\u00fcndigten Selbsttests. Am 20.04.2021 konnten wir die uns zur Verf\u00fcgung gestellten Coronavirus Antigentestest in Engelskirchen abholen.<\/p>\n<p>Mit der ersten Lieferungen wurden allen Einrichtungen Selbsttests der <a href=\"https:\/\/hotgen-coronatest.de\/?gclid=EAIaIQobChMI-aP3x9GR8AIV2ud3Ch27oAnfEAAYAiAAEgL0O_D_BwE\">Firma \u201eHotgen\u201c<\/a> \u00fcberreicht. Neben diesen Laien-Schnelltests werden mit den n\u00e4chsten Lieferungen auch Selbsttests der Firma \u201eLEPU MEDICAL\u201c mit dem Produktnamen \u201eNASOCHECKcomfort SARS-CoV-2-Antigen-Schnelltest\u201c ausgeliefert. <br \/>Diese Tests sind ebenfalls durch das Bundesinstitut f\u00fcr Arzneimittel und Medizinprodukte f\u00fcr die Selbstanwendung durch Laien zugelassen. Sie unterscheiden sich zwar geringf\u00fcgig von den Selbsttests der Firma \u201eHotgen\u201c, sind jedoch in ihrer Qualit\u00e4t ebenso wirksam. Diese Auslieferung umfasst 5-er Packungen.<\/p>\n<p><strong>WICHTIG:<\/strong> Trotz des Hinweises auf der Packung \u201eKeine Einzelabgabe oder Vereinzelung erlaubt\u201c mussten wir\u00a0 diese gem. Aufforderung des MKFFI auspacken und einzeln verteilen. Bis auf die Gebrauchsanweisung sind alle Bestandteile vereinzelt und im Umfang von 5 Teilen vorhanden.<\/p>\n<p>Auf der Homepage <a href=\"https:\/\/materialwiese.de\/\">www.spielwiese.de<\/a> finden Sie praktische Tipps und Bastelanleitung f\u00fcr einen &#8220;kindgerechten&#8221; umgang zum Thema Selbsttest mit Kindern. Unteranderem finden Sie hier auch ein Selbsttest &#8211;\u00a0 Leporello als Bastelanleitung.<\/p>\n\n\n<hr class=\"wp-block-separator\"\/>\n\n\n\n<div class=\"wp-block-columns is-layout-flex wp-container-core-columns-is-layout-1 wp-block-columns-is-layout-flex\">\n<div class=\"wp-block-column is-layout-flow wp-block-column-is-layout-flow\">\n<h5><span style=\"color: #6b8e23;\">Informationen zum Hotgen Selbsttest (aktueller)<br><\/span><\/h5>\n<p><a href=\"https:\/\/burscheid-sonnenblume.de\/wp-content\/uploads\/2021\/04\/Film-Hotgen-Coronatest.mp4\"><img loading=\"lazy\" decoding=\"async\" class=\"size-medium wp-image-5320 aligncenter\" src=\"https:\/\/burscheid-sonnenblume.de\/wp-content\/uploads\/2021\/04\/IMG_7901-300x261.jpg\" alt=\"\" width=\"300\" height=\"261\" srcset=\"https:\/\/burscheid-sonnenblume.de\/wp-content\/uploads\/2021\/04\/IMG_7901-300x261.jpg 300w, https:\/\/burscheid-sonnenblume.de\/wp-content\/uploads\/2021\/04\/IMG_7901-1024x890.jpg 1024w, https:\/\/burscheid-sonnenblume.de\/wp-content\/uploads\/2021\/04\/IMG_7901-768x668.jpg 768w, https:\/\/burscheid-sonnenblume.de\/wp-content\/uploads\/2021\/04\/IMG_7901.jpg 1242w\" sizes=\"auto, (max-width: 300px) 100vw, 300px\" \/><\/a><\/p>\n<ul>\n<li><a href=\"https:\/\/burscheid-sonnenblume.de\/wp-content\/uploads\/2021\/04\/Anlage-Selbsttest-Gebrauchsanweisung.pdf\">Gebrauchsanweisung Hotgen Selbsttest als PDF<\/a><\/li>\n<li><a href=\"https:\/\/burscheid-sonnenblume.de\/wp-content\/uploads\/2021\/04\/Hotgen-Zertifikat.pdf\">Hotgen Zertifikat als PDF<\/a><\/li>\n<\/ul>\n<\/div>\n\n\n\n<div class=\"wp-block-column is-layout-flow wp-block-column-is-layout-flow\">\n<h5><span style=\"color: #6b8e23;\">Informationen zum LEPU MEDICAL Selbsttest<\/span><\/h5>\n<p><a href=\"https:\/\/www.lepu-medical.de\/nasocheck\/\"><img loading=\"lazy\" decoding=\"async\" class=\"size-medium wp-image-5316 aligncenter\" src=\"https:\/\/burscheid-sonnenblume.de\/wp-content\/uploads\/2021\/04\/Bild-LEPU-Medical-300x168.jpg\" alt=\"\" width=\"300\" height=\"168\" srcset=\"https:\/\/burscheid-sonnenblume.de\/wp-content\/uploads\/2021\/04\/Bild-LEPU-Medical-300x168.jpg 300w, https:\/\/burscheid-sonnenblume.de\/wp-content\/uploads\/2021\/04\/Bild-LEPU-Medical-1024x574.jpg 1024w, https:\/\/burscheid-sonnenblume.de\/wp-content\/uploads\/2021\/04\/Bild-LEPU-Medical-768x431.jpg 768w, https:\/\/burscheid-sonnenblume.de\/wp-content\/uploads\/2021\/04\/Bild-LEPU-Medical.jpg 1123w\" sizes=\"auto, (max-width: 300px) 100vw, 300px\" \/><\/a><\/p>\n<ul>\n<li><a href=\"https:\/\/burscheid-sonnenblume.de\/wp-content\/uploads\/2021\/04\/20210422-Anlage-Offizielle-Information-Weiteres-Produkt-Selbsttests.pdf\">Gebrauchsanweisung LEPU MEDICAL Selbsttests als PDF<\/a><\/li>\n<\/ul>\n\n\n\n<p><\/p>\n<\/div>\n<\/div>\n\n\n\n<hr class=\"wp-block-separator\"\/>\n","protected":false},"excerpt":{"rendered":"<p>Liebe Eltern,liebe Besucher,wie in der Kita-Info-App vom 12.04.2021 mitgeteilt, verz\u00f6gerte sich die vom Ministerium f\u00fcr Kinder, Familie, Fl\u00fcchtlinge und Integration angek\u00fcndigten Selbsttests. Am 20.04.2021 konnten wir die uns zur Verf\u00fcgung gestellten Coronavirus Antigentestest in Engelskirchen abholen. Mit der ersten Lieferungen<\/p>\n","protected":false},"author":1,"featured_media":5343,"parent":0,"menu_order":0,"comment_status":"closed","ping_status":"closed","template":"","meta":{"footnotes":""},"class_list":["post-5308","page","type-page","status-publish","has-post-thumbnail","hentry"],"_links":{"self":[{"href":"https:\/\/burscheid-sonnenblume.de\/index.php?rest_route=\/wp\/v2\/pages\/5308","targetHints":{"allow":["GET"]}}],"collection":[{"href":"https:\/\/burscheid-sonnenblume.de\/index.php?rest_route=\/wp\/v2\/pages"}],"about":[{"href":"https:\/\/burscheid-sonnenblume.de\/index.php?rest_route=\/wp\/v2\/types\/page"}],"author":[{"embeddable":true,"href":"https:\/\/burscheid-sonnenblume.de\/index.php?rest_route=\/wp\/v2\/users\/1"}],"replies":[{"embeddable":true,"href":"https:\/\/burscheid-sonnenblume.de\/index.php?rest_route=%2Fwp%2Fv2%2Fcomments&post=5308"}],"version-history":[{"count":11,"href":"https:\/\/burscheid-sonnenblume.de\/index.php?rest_route=\/wp\/v2\/pages\/5308\/revisions"}],"predecessor-version":[{"id":6222,"href":"https:\/\/burscheid-sonnenblume.de\/index.php?rest_route=\/wp\/v2\/pages\/5308\/revisions\/6222"}],"wp:featuredmedia":[{"embeddable":true,"href":"https:\/\/burscheid-sonnenblume.de\/index.php?rest_route=\/wp\/v2\/media\/5343"}],"wp:attachment":[{"href":"https:\/\/burscheid-sonnenblume.de\/index.php?rest_route=%2Fwp%2Fv2%2Fmedia&parent=5308"}],"curies":[{"name":"wp","href":"https:\/\/api.w.org\/{rel}","templated":true}]}}