{"id":4925,"date":"2021-02-12T09:39:02","date_gmt":"2021-02-12T08:39:02","guid":{"rendered":"https:\/\/burscheid-sonnenblume.de\/?page_id=4925"},"modified":"2021-06-02T15:10:29","modified_gmt":"2021-06-02T14:10:29","slug":"das-digitale-raupenzimmer-fuer-die-kinder","status":"publish","type":"page","link":"https:\/\/burscheid-sonnenblume.de\/?page_id=4925","title":{"rendered":"Das digitale Raupenzimmer f\u00fcr die Kinder"},"content":{"rendered":"<h5><span style=\"color: #6b8e23;\">Wir starten mit der Arbeit am Kind<\/span><\/h5>\n<p><img loading=\"lazy\" decoding=\"async\" class=\"size-medium wp-image-992 alignleft\" src=\"http:\/\/burscheid-sonnenblume.de\/wp-content\/uploads\/2019\/10\/IMG_0369-205x300.jpeg\" sizes=\"auto, (max-width: 205px) 100vw, 205px\" srcset=\"https:\/\/burscheid-sonnenblume.de\/wp-content\/uploads\/2019\/10\/IMG_0369-205x300.jpeg 205w, https:\/\/burscheid-sonnenblume.de\/wp-content\/uploads\/2019\/10\/IMG_0369-768x1124.jpeg 768w, https:\/\/burscheid-sonnenblume.de\/wp-content\/uploads\/2019\/10\/IMG_0369-700x1024.jpeg 700w, https:\/\/burscheid-sonnenblume.de\/wp-content\/uploads\/2019\/10\/IMG_0369.jpeg 1371w\" alt=\"\" width=\"205\" height=\"300\" \/>Im Sommer 2018 gestalteten wir unseren Eingangsbereich neu. Ein gro\u00dfer Medienschrank infomiert seit dem alle Eltern \u00fcber Tagesaktuelle Informationen.\u00a0 In H\u00f6he der Kinder, werden aktuelle impressionen bzw. Fotos von vergangenen Ausfl\u00fcgen\/ Ereignisse durch einen hinter einer Plexiglasscheibe eingelassenen Monitor pr\u00e4sentiert.<\/p>\n<p>Im Zuge dieser umbauten, wurde unser \u201eRaupenzimmer\u201c in eigenregie in das \u201edigitale\u201c Raupenzimmer umgestaltet. Hier werden zuk\u00fcnftig ausgew\u00e4hlte Projekte rund um das Thema digiatlisierung\/ neue Medien entstehen.<\/p>\n<p>Der K\u00f6lner Stadtanzeiger ver\u00f6ffentlichte \u00fcber unsere Arbeit und das \u201edigitale Raupenzimmer\u201c einen Artikel.<\/p>\n<ul>\n<li><a href=\"https:\/\/burscheid-sonnenblume.de\/wp-content\/uploads\/2019\/11\/Digitales-Raupenzimmer.pdf\"> Den Artikel &#8220;Revolution im Raupenzimmer&#8221; finden SIE HIER zum praktischen Download als PDF Digitales Raupenzimmer<\/a><\/li>\n<\/ul>\n","protected":false},"excerpt":{"rendered":"<p>Wir starten mit der Arbeit am Kind Im Sommer 2018 gestalteten wir unseren Eingangsbereich neu. Ein gro\u00dfer Medienschrank infomiert seit dem alle Eltern \u00fcber Tagesaktuelle Informationen.\u00a0 In H\u00f6he der Kinder, werden aktuelle impressionen bzw. Fotos von vergangenen Ausfl\u00fcgen\/ Ereignisse durch<\/p>\n","protected":false},"author":1,"featured_media":5632,"parent":0,"menu_order":0,"comment_status":"closed","ping_status":"closed","template":"","meta":{"footnotes":""},"class_list":["post-4925","page","type-page","status-publish","has-post-thumbnail","hentry"],"_links":{"self":[{"href":"https:\/\/burscheid-sonnenblume.de\/index.php?rest_route=\/wp\/v2\/pages\/4925","targetHints":{"allow":["GET"]}}],"collection":[{"href":"https:\/\/burscheid-sonnenblume.de\/index.php?rest_route=\/wp\/v2\/pages"}],"about":[{"href":"https:\/\/burscheid-sonnenblume.de\/index.php?rest_route=\/wp\/v2\/types\/page"}],"author":[{"embeddable":true,"href":"https:\/\/burscheid-sonnenblume.de\/index.php?rest_route=\/wp\/v2\/users\/1"}],"replies":[{"embeddable":true,"href":"https:\/\/burscheid-sonnenblume.de\/index.php?rest_route=%2Fwp%2Fv2%2Fcomments&post=4925"}],"version-history":[{"count":2,"href":"https:\/\/burscheid-sonnenblume.de\/index.php?rest_route=\/wp\/v2\/pages\/4925\/revisions"}],"predecessor-version":[{"id":4927,"href":"https:\/\/burscheid-sonnenblume.de\/index.php?rest_route=\/wp\/v2\/pages\/4925\/revisions\/4927"}],"wp:featuredmedia":[{"embeddable":true,"href":"https:\/\/burscheid-sonnenblume.de\/index.php?rest_route=\/wp\/v2\/media\/5632"}],"wp:attachment":[{"href":"https:\/\/burscheid-sonnenblume.de\/index.php?rest_route=%2Fwp%2Fv2%2Fmedia&parent=4925"}],"curies":[{"name":"wp","href":"https:\/\/api.w.org\/{rel}","templated":true}]}}