{"id":4578,"date":"2021-01-27T18:33:53","date_gmt":"2021-01-27T17:33:53","guid":{"rendered":"https:\/\/burscheid-sonnenblume.de\/?page_id=4578"},"modified":"2021-02-02T14:52:38","modified_gmt":"2021-02-02T13:52:38","slug":"4578-2","status":"publish","type":"page","link":"https:\/\/burscheid-sonnenblume.de\/?page_id=4578","title":{"rendered":"Video &#8211; Ingas Konfetti Kanone"},"content":{"rendered":"<h5><span style=\"color: #6b8323;\">Bastelanleitung Konfetti Kanone<br \/><\/span><\/h5>\n<p>Unser Musterkind Inga pr\u00e4sentiert Euch in diesem kleinen Video eine Bastelanleitung f\u00fcr eine tolle Konfetti Kanone. Die folgende Anleitung ist super geeignet f\u00fcr Kinder, da (fast) alle Schritte von den Kleinen selbst ausgef\u00fchrt werden k\u00f6nnen. Alles was Ihr daf\u00fcr ben\u00f6tigt sind eine Toilettenpapierrolle, einen Luftballon, einen Locher und etwas Klebeband. Viel Spa\u00df beim Anschauen und Nachbasteln.<\/p>\n<p>\u00a0<\/p>\n\n\n<figure class=\"wp-block-video\"><video controls poster=\"https:\/\/burscheid-sonnenblume.de\/wp-content\/uploads\/2021\/01\/Inga-Konfettikanone-2-scaled.jpg\" src=\"https:\/\/burscheid-sonnenblume.de\/wp-content\/uploads\/2021\/01\/Konfettikanone.mp4\"><\/video><\/figure>\n","protected":false},"excerpt":{"rendered":"<p>Bastelanleitung Konfetti Kanone Unser Musterkind Inga pr\u00e4sentiert Euch in diesem kleinen Video eine Bastelanleitung f\u00fcr eine tolle Konfetti Kanone. Die folgende Anleitung ist super geeignet f\u00fcr Kinder, da (fast) alle Schritte von den Kleinen selbst ausgef\u00fchrt werden k\u00f6nnen. Alles was<\/p>\n","protected":false},"author":1,"featured_media":0,"parent":0,"menu_order":0,"comment_status":"closed","ping_status":"closed","template":"","meta":{"footnotes":""},"class_list":["post-4578","page","type-page","status-publish","hentry"],"_links":{"self":[{"href":"https:\/\/burscheid-sonnenblume.de\/index.php?rest_route=\/wp\/v2\/pages\/4578","targetHints":{"allow":["GET"]}}],"collection":[{"href":"https:\/\/burscheid-sonnenblume.de\/index.php?rest_route=\/wp\/v2\/pages"}],"about":[{"href":"https:\/\/burscheid-sonnenblume.de\/index.php?rest_route=\/wp\/v2\/types\/page"}],"author":[{"embeddable":true,"href":"https:\/\/burscheid-sonnenblume.de\/index.php?rest_route=\/wp\/v2\/users\/1"}],"replies":[{"embeddable":true,"href":"https:\/\/burscheid-sonnenblume.de\/index.php?rest_route=%2Fwp%2Fv2%2Fcomments&post=4578"}],"version-history":[{"count":4,"href":"https:\/\/burscheid-sonnenblume.de\/index.php?rest_route=\/wp\/v2\/pages\/4578\/revisions"}],"predecessor-version":[{"id":4810,"href":"https:\/\/burscheid-sonnenblume.de\/index.php?rest_route=\/wp\/v2\/pages\/4578\/revisions\/4810"}],"wp:attachment":[{"href":"https:\/\/burscheid-sonnenblume.de\/index.php?rest_route=%2Fwp%2Fv2%2Fmedia&parent=4578"}],"curies":[{"name":"wp","href":"https:\/\/api.w.org\/{rel}","templated":true}]}}