{"id":2955,"date":"2020-04-30T11:29:59","date_gmt":"2020-04-30T10:29:59","guid":{"rendered":"https:\/\/burscheid-sonnenblume.de\/?page_id=2955"},"modified":"2021-04-28T11:37:39","modified_gmt":"2021-04-28T10:37:39","slug":"video-richtig-haendewachen-mit-inga","status":"publish","type":"page","link":"https:\/\/burscheid-sonnenblume.de\/?page_id=2955","title":{"rendered":"Video &#8211; Richtig H\u00e4ndewachen mit Inga"},"content":{"rendered":"<h5><span style=\"color: #6b8e23;\">Inga Sorglos singt Happy Birthday\u2026<\/span><\/h5>\n<p>Alle Kindergartenkinder sind inzwischen H\u00e4ndewaschexperten und wir sind sicher, dass in vielen Badezimmern t\u00e4glich mehrmals das Lied Happy Birthday gesunden wird.<\/p>\n<p>Damit Ihr Euch jederzeit erinnern und Euren Eltern erkl\u00e4ren k\u00f6nnt, wie wir uns die H\u00e4nde richtig waschen, hat unser Inga Sorglos sich wieder als Hauptdarstellerin f\u00fcr den Films \u201e Inga Sorglos singt Happy Birthday\u2026\u201c zur Verf\u00fcgung gestellt.<\/p>\n<p>Viel Spa\u00df !<\/p>\n\n\n<figure class=\"wp-block-video\"><video controls src=\"https:\/\/burscheid-sonnenblume.de\/wp-content\/uploads\/2020\/04\/H\u00e4ndewaschen-mit-Inga-1.mp4\"><\/video><figcaption>H\u00e4ndewaschen mit Inga<\/figcaption><\/figure>\n","protected":false},"excerpt":{"rendered":"<p>Inga Sorglos singt Happy Birthday\u2026 Alle Kindergartenkinder sind inzwischen H\u00e4ndewaschexperten und wir sind sicher, dass in vielen Badezimmern t\u00e4glich mehrmals das Lied Happy Birthday gesunden wird. Damit Ihr Euch jederzeit erinnern und Euren Eltern erkl\u00e4ren k\u00f6nnt, wie wir uns die<\/p>\n","protected":false},"author":1,"featured_media":5392,"parent":0,"menu_order":0,"comment_status":"closed","ping_status":"closed","template":"","meta":{"footnotes":""},"class_list":["post-2955","page","type-page","status-publish","has-post-thumbnail","hentry"],"_links":{"self":[{"href":"https:\/\/burscheid-sonnenblume.de\/index.php?rest_route=\/wp\/v2\/pages\/2955","targetHints":{"allow":["GET"]}}],"collection":[{"href":"https:\/\/burscheid-sonnenblume.de\/index.php?rest_route=\/wp\/v2\/pages"}],"about":[{"href":"https:\/\/burscheid-sonnenblume.de\/index.php?rest_route=\/wp\/v2\/types\/page"}],"author":[{"embeddable":true,"href":"https:\/\/burscheid-sonnenblume.de\/index.php?rest_route=\/wp\/v2\/users\/1"}],"replies":[{"embeddable":true,"href":"https:\/\/burscheid-sonnenblume.de\/index.php?rest_route=%2Fwp%2Fv2%2Fcomments&post=2955"}],"version-history":[{"count":1,"href":"https:\/\/burscheid-sonnenblume.de\/index.php?rest_route=\/wp\/v2\/pages\/2955\/revisions"}],"predecessor-version":[{"id":2956,"href":"https:\/\/burscheid-sonnenblume.de\/index.php?rest_route=\/wp\/v2\/pages\/2955\/revisions\/2956"}],"wp:featuredmedia":[{"embeddable":true,"href":"https:\/\/burscheid-sonnenblume.de\/index.php?rest_route=\/wp\/v2\/media\/5392"}],"wp:attachment":[{"href":"https:\/\/burscheid-sonnenblume.de\/index.php?rest_route=%2Fwp%2Fv2%2Fmedia&parent=2955"}],"curies":[{"name":"wp","href":"https:\/\/api.w.org\/{rel}","templated":true}]}}