{"id":2951,"date":"2020-04-30T11:04:51","date_gmt":"2020-04-30T10:04:51","guid":{"rendered":"https:\/\/burscheid-sonnenblume.de\/?page_id=2951"},"modified":"2020-05-04T18:39:35","modified_gmt":"2020-05-04T17:39:35","slug":"audio-tipp-aramsamsam","status":"publish","type":"page","link":"https:\/\/burscheid-sonnenblume.de\/?page_id=2951","title":{"rendered":"Audio &#8211; Tipp Aramsamsam"},"content":{"rendered":"<h5><span style=\"color: #6b8e23;\">Aramsamsam<\/span><\/h5>\n<p>Und wieder ist die Klarinette im Einsatz, nat\u00fcrlich mit Frau Achatz!<\/p>\n<p><img loading=\"lazy\" decoding=\"async\" class=\"size-medium wp-image-3020 alignleft\" src=\"https:\/\/burscheid-sonnenblume.de\/wp-content\/uploads\/2020\/05\/singing-304617_1280-300x150.png\" alt=\"\" width=\"300\" height=\"150\" srcset=\"https:\/\/burscheid-sonnenblume.de\/wp-content\/uploads\/2020\/05\/singing-304617_1280-300x150.png 300w, https:\/\/burscheid-sonnenblume.de\/wp-content\/uploads\/2020\/05\/singing-304617_1280-768x384.png 768w, https:\/\/burscheid-sonnenblume.de\/wp-content\/uploads\/2020\/05\/singing-304617_1280-1024x512.png 1024w, https:\/\/burscheid-sonnenblume.de\/wp-content\/uploads\/2020\/05\/singing-304617_1280.png 1280w\" sizes=\"auto, (max-width: 300px) 100vw, 300px\" \/>Das Lied \u201eAramsamsam\u201c geh\u00f6rt zu den absoluten Lieblingsliedern aller Kinder, ob klein oder gro\u00df.<br \/>In der Version mit der Klarinette nat\u00fcrlich besonders sch\u00f6n, vielen Dank an Frau\u00a0 Achatz.<\/p>\n<p>Aramsamsam, Aramsamsam,<br \/>guli, guli, guli, guli, guli ram sam sam.<br \/>Aramsamsam, Aramsamsam,<br \/>guli, guli, guli, guli, guli ram sam sam.<br \/>Arafi, Arafi, guli, guli, guli, guli, guli ram sam sam.<br \/>Arafi, Arafi, guli, guli, guli, guli, guli ram sam sam.<\/p>\n\n\n<figure class=\"wp-block-audio\"><audio controls src=\"https:\/\/burscheid-sonnenblume.de\/wp-content\/uploads\/2020\/04\/Aram-sam-sam.mp3\"><\/audio><figcaption> Aramsamsam auf der Klarinette<\/figcaption><\/figure>\n","protected":false},"excerpt":{"rendered":"<p>Aramsamsam Und wieder ist die Klarinette im Einsatz, nat\u00fcrlich mit Frau Achatz! Das Lied \u201eAramsamsam\u201c geh\u00f6rt zu den absoluten Lieblingsliedern aller Kinder, ob klein oder gro\u00df.In der Version mit der Klarinette nat\u00fcrlich besonders sch\u00f6n, vielen Dank an Frau\u00a0 Achatz. Aramsamsam,<\/p>\n","protected":false},"author":1,"featured_media":0,"parent":0,"menu_order":0,"comment_status":"closed","ping_status":"closed","template":"","meta":{"footnotes":""},"class_list":["post-2951","page","type-page","status-publish","hentry"],"_links":{"self":[{"href":"https:\/\/burscheid-sonnenblume.de\/index.php?rest_route=\/wp\/v2\/pages\/2951","targetHints":{"allow":["GET"]}}],"collection":[{"href":"https:\/\/burscheid-sonnenblume.de\/index.php?rest_route=\/wp\/v2\/pages"}],"about":[{"href":"https:\/\/burscheid-sonnenblume.de\/index.php?rest_route=\/wp\/v2\/types\/page"}],"author":[{"embeddable":true,"href":"https:\/\/burscheid-sonnenblume.de\/index.php?rest_route=\/wp\/v2\/users\/1"}],"replies":[{"embeddable":true,"href":"https:\/\/burscheid-sonnenblume.de\/index.php?rest_route=%2Fwp%2Fv2%2Fcomments&post=2951"}],"version-history":[{"count":3,"href":"https:\/\/burscheid-sonnenblume.de\/index.php?rest_route=\/wp\/v2\/pages\/2951\/revisions"}],"predecessor-version":[{"id":3021,"href":"https:\/\/burscheid-sonnenblume.de\/index.php?rest_route=\/wp\/v2\/pages\/2951\/revisions\/3021"}],"wp:attachment":[{"href":"https:\/\/burscheid-sonnenblume.de\/index.php?rest_route=%2Fwp%2Fv2%2Fmedia&parent=2951"}],"curies":[{"name":"wp","href":"https:\/\/api.w.org\/{rel}","templated":true}]}}