{"id":2944,"date":"2020-04-30T10:09:12","date_gmt":"2020-04-30T09:09:12","guid":{"rendered":"https:\/\/burscheid-sonnenblume.de\/?page_id=2944"},"modified":"2020-06-04T15:40:10","modified_gmt":"2020-06-04T14:40:10","slug":"video-hygiene-und-verhaltensregeln","status":"publish","type":"page","link":"https:\/\/burscheid-sonnenblume.de\/?page_id=2944","title":{"rendered":"Schutzkonzept&#8230; zur St\u00e4rkung des Infektionsschutzes"},"content":{"rendered":"<h5><span style=\"color: #6b8e23;\">Die neuen Hygiene- und Verhaltensregeln in der Caritas Kita \u201eSonnenblume\u201c <br><\/span><\/h5>\n<p>Mit dem vorliegenden Konzept m\u00f6chten wir beschreiben, wie wir die Einhaltung von Schutzma\u00dfnahmen durch die intensivierten Hygienema\u00dfnahmen und ver\u00e4nderten Verhaltensweisen gew\u00e4hrleisten m\u00f6chten.<\/p>\n<p><img loading=\"lazy\" decoding=\"async\" class=\"size-medium wp-image-3040 alignleft\" src=\"https:\/\/burscheid-sonnenblume.de\/wp-content\/uploads\/2020\/05\/Deckblatt-300x189.jpg\" alt=\"\" width=\"300\" height=\"189\" srcset=\"https:\/\/burscheid-sonnenblume.de\/wp-content\/uploads\/2020\/05\/Deckblatt-300x189.jpg 300w, https:\/\/burscheid-sonnenblume.de\/wp-content\/uploads\/2020\/05\/Deckblatt.jpg 656w\" sizes=\"auto, (max-width: 300px) 100vw, 300px\" \/>Mit der stufenweisen \u00d6ffnung unserer Kindertagesst\u00e4tte geht die Verpflichtung unsererseits einher, ein solches Konzept zu erstellen, in welchem die konkrete Umsetzung der Ma\u00dfnahmen dokumentiert wird.<\/p>\n<p>Die Einhaltung der Hygienema\u00dfnahmen und Verhaltensregeln gew\u00e4hrleisten, dass wir Ihnen, Ihren Kindern und uns, den MitarbeiterInnen der Kita \u201eSonnenblume\u201c, den gro\u00dfm\u00f6glichsten Schutz vor einer Infektion geben.<\/p>\n<p>Dieses Konzept ber\u00fccksichtigt die Fachempfehlungen der Landesregierung und des Robert Koch-Institutes (RKI) sowie die Tr\u00e4gervorgaben des Caritasverbandes f\u00fcr den Rheinisch-Bergischen Kreis.<\/p>\n<p>Das Konzept unterliegt einer Dynamik, weil sich die gesetzlichen Voraussetzungen, im Zusammenhang mit den Bestimmungen und Empfehlungen zur Eind\u00e4mmung der COVID-19-Infektion h\u00e4ufig \u00e4ndern. Dies erfordert eine regelm\u00e4\u00dfige Evaluation, durch \u00dcberpr\u00fcfung der Stimmigkeit und Sinnhaftigkeit der Ma\u00dfnahmen sowie der entsprechenden Anpassung.&nbsp;&nbsp;<\/p>\n<p>Wir hoffen sehr auf Ihr Verst\u00e4ndnis, der verbindlichen Einhaltung unserer Schutzma\u00dfnahmen zur St\u00e4rkung des Infektionsschutz.<\/p>\n<p>Unser gro\u00dfes Plakat im Eingangsbereich informiert Sie und Ihre Kinder anschaulich \u00fcber unsere Hygiene- und Verhaltensregeln.<\/p>\n\n\n<hr class=\"wp-block-separator\"\/>\n\n\n<h5><span style=\"color: #6b8e23;\">Wichtige Dokumente f\u00fcr Sie als Eltern<\/span><\/h5>\n<p>Liebe Eltern,<br \/>wir freuen uns \u00fcber die stufenweise \u00d6ffnung des Betreuungsverbotes. Anbei finden Sie notwendige Dokumente die Sie f\u00fcr die Aufl\u00f6sung des Betretungsverbotes ben\u00f6tigen.<\/p>\n<ul>\n<li><a href=\"https:\/\/burscheid-sonnenblume.de\/wp-content\/uploads\/2020\/06\/final_04.06.2020_Homepage_Schutzkonzept-zur-Einhaltung-von-Schutzma\u00dfnahmen-zur-Sta\u0308rkung-des-Infektionsschutzes_.pdf\">Schutzkonzept zur Einhaltung von Schutzma\u00dfnahmen zur Sta\u0308rkung des Infektionsschutzes (Stand: 04.06.2020) (PDF)<\/a><\/li>\n<li><a href=\"https:\/\/burscheid-sonnenblume.de\/wp-content\/uploads\/2020\/05\/Lesebest\u00e4tigung-zum-Schutzkonzept.pdf\">Lesebest\u00e4tigung zum Schutzkonzept (PDF)<\/a><\/li>\n<li><a href=\"https:\/\/burscheid-sonnenblume.de\/wp-content\/uploads\/2020\/06\/Ru\u0308ckkehrbogen-in-Zeiten-von-Corona-interaktiv.pdf\">R\u00fcckkehrbogen in Zeiten von Corona (PDF)<\/a><\/li>\n<\/ul>\n<p>Wir bitten Sie, sich vor dem Wiedereinstieg Ihres Kindes, telefonisch unter\u00a0 02174\/ 5213 mit uns in Verbindung zu setzen.\u00a0<\/p>\n\n\n<hr class=\"wp-block-separator\"\/>\n\n\n<h5><span style=\"color: #6b8e23;\">Die Hygiene- und Verhaltensregeln in der Caritas Kita \u201eSonnenblume\u201c als Film<br><\/span><\/h5>\n<p>Damit wir gut ger\u00fcstet sind, wenn weitere Kinder die Notbetreuung in Anspruch nehmen, haben wir ein Schutzkonzept entwickelt, in welchem wir die Hygiene- und Verhaltensregeln in der Caritas Kita \u201eSonnenblume\u201c beschrieben haben.<\/p>\n<p>Es ist wichtig, dass die Ma\u00dfnahmen nachvollziehbar und mit Freude zur Kenntnis genommen werden.<\/p>\n<p>Unser inzwischen eingearbeitetes Foto-, Film und Synchronisierungsteam hat mit der Hauptdarstellerin, Inga Sorglos, f\u00fcr Sie und Euch den richtigen Weg in den Kindergarten und wieder hinaus in einem Film festgehalten. &nbsp;<\/p>\n<p>Viel Spa\u00df beim Anschauen und auch hier gilt, Wiederholung tut gut!<\/p>\n\n\n<figure class=\"wp-block-video\"><video controls src=\"https:\/\/burscheid-sonnenblume.de\/wp-content\/uploads\/2020\/04\/Inga-Ankommen-mit-dem-Hygienekonzept-1.mp4\"><\/video><figcaption>Ankommen mit dem Hygienekonzept<\/figcaption><\/figure>\n\n\n\n<hr class=\"wp-block-separator\"\/>\n\n\n<div class=\"inner-wrap\">\n<div id=\"primary\">\n<div id=\"content\">\n<article id=\"post-2955\" class=\"post-2955 page type-page status-publish hentry\">\n<div class=\"entry-content\">\n<h5><span style=\"color: #6b8e23;\">Richtiges H\u00e4ndewaschen mit Inga Sorglos (Happy Birthday\u2026)<\/span><\/h5>\n<\/div>\n<\/article>\n<\/div>\n<\/div>\n<\/div>\n\n\n<figure class=\"wp-block-video\"><video controls src=\"https:\/\/burscheid-sonnenblume.de\/wp-content\/uploads\/2020\/04\/H\u00e4ndewaschen-mit-Inga-1.mp4\"><\/video><figcaption>H\u00e4ndewaschen mit Inga Sorglos<\/figcaption><\/figure>\n","protected":false},"excerpt":{"rendered":"<p>Die neuen Hygiene- und Verhaltensregeln in der Caritas Kita \u201eSonnenblume\u201c Mit dem vorliegenden Konzept m\u00f6chten wir beschreiben, wie wir die Einhaltung von Schutzma\u00dfnahmen durch die intensivierten Hygienema\u00dfnahmen und ver\u00e4nderten Verhaltensweisen gew\u00e4hrleisten m\u00f6chten. Mit der stufenweisen \u00d6ffnung unserer Kindertagesst\u00e4tte geht die<\/p>\n","protected":false},"author":1,"featured_media":3040,"parent":0,"menu_order":0,"comment_status":"closed","ping_status":"closed","template":"","meta":{"footnotes":""},"class_list":["post-2944","page","type-page","status-publish","has-post-thumbnail","hentry"],"_links":{"self":[{"href":"https:\/\/burscheid-sonnenblume.de\/index.php?rest_route=\/wp\/v2\/pages\/2944","targetHints":{"allow":["GET"]}}],"collection":[{"href":"https:\/\/burscheid-sonnenblume.de\/index.php?rest_route=\/wp\/v2\/pages"}],"about":[{"href":"https:\/\/burscheid-sonnenblume.de\/index.php?rest_route=\/wp\/v2\/types\/page"}],"author":[{"embeddable":true,"href":"https:\/\/burscheid-sonnenblume.de\/index.php?rest_route=\/wp\/v2\/users\/1"}],"replies":[{"embeddable":true,"href":"https:\/\/burscheid-sonnenblume.de\/index.php?rest_route=%2Fwp%2Fv2%2Fcomments&post=2944"}],"version-history":[{"count":36,"href":"https:\/\/burscheid-sonnenblume.de\/index.php?rest_route=\/wp\/v2\/pages\/2944\/revisions"}],"predecessor-version":[{"id":3404,"href":"https:\/\/burscheid-sonnenblume.de\/index.php?rest_route=\/wp\/v2\/pages\/2944\/revisions\/3404"}],"wp:featuredmedia":[{"embeddable":true,"href":"https:\/\/burscheid-sonnenblume.de\/index.php?rest_route=\/wp\/v2\/media\/3040"}],"wp:attachment":[{"href":"https:\/\/burscheid-sonnenblume.de\/index.php?rest_route=%2Fwp%2Fv2%2Fmedia&parent=2944"}],"curies":[{"name":"wp","href":"https:\/\/api.w.org\/{rel}","templated":true}]}}