{"id":2853,"date":"2020-04-23T10:32:16","date_gmt":"2020-04-23T09:32:16","guid":{"rendered":"https:\/\/burscheid-sonnenblume.de\/?page_id=2853"},"modified":"2020-04-30T10:50:11","modified_gmt":"2020-04-30T09:50:11","slug":"video-rapunzel-maerchen","status":"publish","type":"page","link":"https:\/\/burscheid-sonnenblume.de\/?page_id=2853","title":{"rendered":"Video &#8211; Rapunzel M\u00e4rchen"},"content":{"rendered":"<h5><span style=\"color: #6b8e23;\">Das M\u00e4rchen &#8211; Rapunzel<strong><br><\/strong><\/span><\/h5>\n<p>Dieses M\u00e4rchen der Br\u00fcder Grimm ist sicher eines der bekanntesten und beliebtesten M\u00e4rchen, die wir kennen.<\/p>\n<p>Die M\u00e4rchenerz\u00e4hlerin der Sonnenblume, Frau Heidi Neumann f\u00fchrt das M\u00e4rchen mit Hilfe des Kamischibai auf. Tatkr\u00e4ftig unterst\u00fctzt von Charlotte aus der Hummelgruppe wurden einige kreative Ideen mit eingearbeitet. Lasst euch \u00fcberraschen, was der lange Zopf von Rapunzel so alles kann.<\/p>\n<p>Nachdem ihr dem M\u00e4rchen gelauscht habt, l\u00e4dt Inga euch noch zu einem R\u00e4tsel ein.<\/p>\n<p>Viel Spass!<\/p>\n\n\n<figure class=\"wp-block-video\"><video controls src=\"https:\/\/burscheid-sonnenblume.de\/wp-content\/uploads\/2020\/04\/Rapunzel.mp4\"><\/video><figcaption>Rapunzel<\/figcaption><\/figure>\n\n\n<hr \/>\n<h5><span style=\"color: #6b8e23;\">R\u00e4tselfrage zum M\u00e4rchen<\/span><\/h5>\n<p><img loading=\"lazy\" decoding=\"async\" class=\"size-medium wp-image-2857 alignleft\" src=\"https:\/\/burscheid-sonnenblume.de\/wp-content\/uploads\/2020\/04\/Inga-1-e1587634531803-247x300.jpg\" alt=\"\" width=\"247\" height=\"300\" srcset=\"https:\/\/burscheid-sonnenblume.de\/wp-content\/uploads\/2020\/04\/Inga-1-e1587634531803-247x300.jpg 247w, https:\/\/burscheid-sonnenblume.de\/wp-content\/uploads\/2020\/04\/Inga-1-e1587634531803.jpg 643w\" sizes=\"auto, (max-width: 247px) 100vw, 247px\" \/>Was sind denn das, liebe Kinder? &#8211; Rapunzeln? Nun fragt ihr Euch bestimmt, was k\u00f6nnte das nur sein?<\/p>\n<p>Wenn Ihr beim Zuh\u00f6ren aufgepasst habt, dann wisst ihr, dass man Rapunzeln essen kann.<\/p>\n<p>Die meisten Erwachsenen essen die Rapunzeln sehr gerne.<br \/>Ich esse sie am liebsten mit leckerer Salatso\u00dfe\u2026.<\/p>\n<p>Nun \u00fcberlegt mal gut &#8211; Ich bin schon ganz gespannt&#8230;<\/p>\n<p>\u00a0<\/p>","protected":false},"excerpt":{"rendered":"<p>Das M\u00e4rchen &#8211; Rapunzel Dieses M\u00e4rchen der Br\u00fcder Grimm ist sicher eines der bekanntesten und beliebtesten M\u00e4rchen, die wir kennen. Die M\u00e4rchenerz\u00e4hlerin der Sonnenblume, Frau Heidi Neumann f\u00fchrt das M\u00e4rchen mit Hilfe des Kamischibai auf. Tatkr\u00e4ftig unterst\u00fctzt von Charlotte aus<\/p>\n","protected":false},"author":1,"featured_media":0,"parent":0,"menu_order":0,"comment_status":"closed","ping_status":"closed","template":"","meta":{"footnotes":""},"class_list":["post-2853","page","type-page","status-publish","hentry"],"_links":{"self":[{"href":"https:\/\/burscheid-sonnenblume.de\/index.php?rest_route=\/wp\/v2\/pages\/2853","targetHints":{"allow":["GET"]}}],"collection":[{"href":"https:\/\/burscheid-sonnenblume.de\/index.php?rest_route=\/wp\/v2\/pages"}],"about":[{"href":"https:\/\/burscheid-sonnenblume.de\/index.php?rest_route=\/wp\/v2\/types\/page"}],"author":[{"embeddable":true,"href":"https:\/\/burscheid-sonnenblume.de\/index.php?rest_route=\/wp\/v2\/users\/1"}],"replies":[{"embeddable":true,"href":"https:\/\/burscheid-sonnenblume.de\/index.php?rest_route=%2Fwp%2Fv2%2Fcomments&post=2853"}],"version-history":[{"count":14,"href":"https:\/\/burscheid-sonnenblume.de\/index.php?rest_route=\/wp\/v2\/pages\/2853\/revisions"}],"predecessor-version":[{"id":2950,"href":"https:\/\/burscheid-sonnenblume.de\/index.php?rest_route=\/wp\/v2\/pages\/2853\/revisions\/2950"}],"wp:attachment":[{"href":"https:\/\/burscheid-sonnenblume.de\/index.php?rest_route=%2Fwp%2Fv2%2Fmedia&parent=2853"}],"curies":[{"name":"wp","href":"https:\/\/api.w.org\/{rel}","templated":true}]}}