{"id":2801,"date":"2020-04-21T10:46:56","date_gmt":"2020-04-21T09:46:56","guid":{"rendered":"https:\/\/burscheid-sonnenblume.de\/?page_id=2801"},"modified":"2020-07-06T09:47:47","modified_gmt":"2020-07-06T08:47:47","slug":"video-was-ist-in-der-sonnengruppe-los","status":"publish","type":"page","link":"https:\/\/burscheid-sonnenblume.de\/?page_id=2801","title":{"rendered":"Video &#8211; Inga pr\u00e4sentiert die neuen Gruppen"},"content":{"rendered":"<h5><span style=\"color: #6b8e23;\">Inga pr\u00e4sentiert die Hummelgruppe<\/span><\/h5>\n<p>Gespannt hat Inga Sorglos in den letzten Tagen das Treiben in der M\u00e4usegruppe beobachtet.<\/p>\n<p>Nun endlich d\u00fcrfte Sie und Ihr euch davon \u00fcberzeugen, dass auch hier alles wieder sch\u00f6n und neu ist- jetzt fehlt nur noch der sch\u00f6ne Fu\u00dfboden, der kommt im Sommer.&nbsp; Sie und Ihr seid sicherlich auch gespannt, wie die M\u00e4usegruppe versch\u00f6nert wurde, jetzt fehlen nur noch die Kinder.<\/p>\n\n\n<figure class=\"wp-block-video\"><video controls src=\"https:\/\/burscheid-sonnenblume.de\/wp-content\/uploads\/2020\/05\/Was-ist-in-der-Hummelgruppe.mp4\"><\/video><figcaption>Inga pr\u00e4sentiert die Hummelgruppe<\/figcaption><\/figure>\n\n\n<hr \/>\n<h5><span style=\"color: #6b8e23;\">Inga pr\u00e4sentiert die M\u00e4usegruppe<\/span><\/h5>\n<p>Gespannt hat Inga Sorglos in den letzten Tagen das Treiben in der M\u00e4usegruppe beobachtet.<\/p>\n<p>Nun endlich d\u00fcrfte Sie und Ihr euch davon \u00fcberzeugen, dass auch hier alles wieder sch\u00f6n und neu ist- jetzt fehlt nur noch der sch\u00f6ne Fu\u00dfboden, der kommt im Sommer. \u00a0Sie und Ihr seid sicherlich auch gespannt, wie die M\u00e4usegruppe versch\u00f6nert wurde, jetzt fehlen nur noch die Kinder.<\/p>\n<p>Wir w\u00fcnschen viel Spa\u00df mit unserem Musterkind Inga Sorglos<\/p>\n\n\n<figure class=\"wp-block-video\"><video controls src=\"https:\/\/burscheid-sonnenblume.de\/wp-content\/uploads\/2020\/07\/final-Inga-pr\u00e4sentiert-die-renovierte-M\u00e4usegruppe.mp4\"><\/video><figcaption>Inga pr\u00e4sentiert die M\u00e4usegruppe<\/figcaption><\/figure>\n\n\n<hr>\n<h5><span style=\"color: #6b8e23;\">Inga pr\u00e4sentiert die Sonnengruppe<\/span><\/h5>\n<p>Im Corona Ferien Newsletter Tag: 09 vom 01.04.2020 haben wir Sie und Euch \u00fcber die geplanten Versch\u00f6nerungsarbeiten in der Sonnengruppe informiert. Nun ist alles fertig und erstrahlt in neuem Glanz.<\/p>\n<p>Gemeinsam haben Frau Jana Romaker, Frau Amelie R\u00f6dder und Frau Christina Krekel-Sch\u00fctz ein lustiges Video produziert.<\/p>\n<p>Wir w\u00fcnschen viel Spa\u00df mit unserem Musterkind Inga Sorglos<\/p>\n\n\n<figure class=\"wp-block-video\"><video controls src=\"https:\/\/burscheid-sonnenblume.de\/wp-content\/uploads\/2020\/04\/Was-ist-in-der-Sonnengruppe-los.mp4\"><\/video><figcaption>Inga pr\u00e4sentiert die Sonnengruppe<\/figcaption><\/figure>\n","protected":false},"excerpt":{"rendered":"<p>Inga pr\u00e4sentiert die Hummelgruppe Gespannt hat Inga Sorglos in den letzten Tagen das Treiben in der M\u00e4usegruppe beobachtet. Nun endlich d\u00fcrfte Sie und Ihr euch davon \u00fcberzeugen, dass auch hier alles wieder sch\u00f6n und neu ist- jetzt fehlt nur noch<\/p>\n","protected":false},"author":1,"featured_media":0,"parent":0,"menu_order":0,"comment_status":"closed","ping_status":"closed","template":"","meta":{"footnotes":""},"class_list":["post-2801","page","type-page","status-publish","hentry"],"_links":{"self":[{"href":"https:\/\/burscheid-sonnenblume.de\/index.php?rest_route=\/wp\/v2\/pages\/2801","targetHints":{"allow":["GET"]}}],"collection":[{"href":"https:\/\/burscheid-sonnenblume.de\/index.php?rest_route=\/wp\/v2\/pages"}],"about":[{"href":"https:\/\/burscheid-sonnenblume.de\/index.php?rest_route=\/wp\/v2\/types\/page"}],"author":[{"embeddable":true,"href":"https:\/\/burscheid-sonnenblume.de\/index.php?rest_route=\/wp\/v2\/users\/1"}],"replies":[{"embeddable":true,"href":"https:\/\/burscheid-sonnenblume.de\/index.php?rest_route=%2Fwp%2Fv2%2Fcomments&post=2801"}],"version-history":[{"count":10,"href":"https:\/\/burscheid-sonnenblume.de\/index.php?rest_route=\/wp\/v2\/pages\/2801\/revisions"}],"predecessor-version":[{"id":3625,"href":"https:\/\/burscheid-sonnenblume.de\/index.php?rest_route=\/wp\/v2\/pages\/2801\/revisions\/3625"}],"wp:attachment":[{"href":"https:\/\/burscheid-sonnenblume.de\/index.php?rest_route=%2Fwp%2Fv2%2Fmedia&parent=2801"}],"curies":[{"name":"wp","href":"https:\/\/api.w.org\/{rel}","templated":true}]}}