{"id":2698,"date":"2020-04-16T11:40:40","date_gmt":"2020-04-16T10:40:40","guid":{"rendered":"https:\/\/burscheid-sonnenblume.de\/?page_id=2698"},"modified":"2020-04-16T11:40:40","modified_gmt":"2020-04-16T10:40:40","slug":"basteltipp-wasserfarben-fadenbilder","status":"publish","type":"page","link":"https:\/\/burscheid-sonnenblume.de\/?page_id=2698","title":{"rendered":"Basteltipp &#8211; Wasserfarben Fadenbilder"},"content":{"rendered":"<h5><span style=\"color: #6b8e23;\">Wasserfarben Fadenbilder<\/span><\/h5>\n<p><img loading=\"lazy\" decoding=\"async\" class=\" wp-image-2699 alignleft\" src=\"https:\/\/burscheid-sonnenblume.de\/wp-content\/uploads\/2020\/04\/5-Fadenbild-300x224.jpg\" alt=\"\" width=\"191\" height=\"143\" srcset=\"https:\/\/burscheid-sonnenblume.de\/wp-content\/uploads\/2020\/04\/5-Fadenbild-300x224.jpg 300w, https:\/\/burscheid-sonnenblume.de\/wp-content\/uploads\/2020\/04\/5-Fadenbild-768x574.jpg 768w, https:\/\/burscheid-sonnenblume.de\/wp-content\/uploads\/2020\/04\/5-Fadenbild-1024x765.jpg 1024w\" sizes=\"auto, (max-width: 191px) 100vw, 191px\" \/>Diese Maltechnik mit \u00dcberraschungseffekt ist super leicht anzuwenden. Im Handumdrehen zauberst du dir selbst ein St\u00fcck DIY Art. Spiele mit Wasserfarben und Faden und lass dich von dem Ergebnis \u00fcberraschen.<\/p>\n<p>Heute haben wir eine kreative Anregung f\u00fcr alle Kinder, die gern mit Wasserfarben malen.<\/p>\n\n\n<div class=\"wp-block-file aligncenter\"><a href=\"https:\/\/burscheid-sonnenblume.de\/wp-content\/uploads\/2020\/04\/Wasserfarben-Fadenbilder.pdf\">Bastelanleitung Wasserfarben Fadenbilder<\/a><a href=\"https:\/\/burscheid-sonnenblume.de\/wp-content\/uploads\/2020\/04\/Wasserfarben-Fadenbilder.pdf\" class=\"wp-block-file__button\" download>PDF<\/a><\/div>\n","protected":false},"excerpt":{"rendered":"<p>Wasserfarben Fadenbilder Diese Maltechnik mit \u00dcberraschungseffekt ist super leicht anzuwenden. Im Handumdrehen zauberst du dir selbst ein St\u00fcck DIY Art. Spiele mit Wasserfarben und Faden und lass dich von dem Ergebnis \u00fcberraschen. Heute haben wir eine kreative Anregung f\u00fcr alle<\/p>\n","protected":false},"author":1,"featured_media":0,"parent":0,"menu_order":0,"comment_status":"closed","ping_status":"closed","template":"","meta":{"footnotes":""},"class_list":["post-2698","page","type-page","status-publish","hentry"],"_links":{"self":[{"href":"https:\/\/burscheid-sonnenblume.de\/index.php?rest_route=\/wp\/v2\/pages\/2698","targetHints":{"allow":["GET"]}}],"collection":[{"href":"https:\/\/burscheid-sonnenblume.de\/index.php?rest_route=\/wp\/v2\/pages"}],"about":[{"href":"https:\/\/burscheid-sonnenblume.de\/index.php?rest_route=\/wp\/v2\/types\/page"}],"author":[{"embeddable":true,"href":"https:\/\/burscheid-sonnenblume.de\/index.php?rest_route=\/wp\/v2\/users\/1"}],"replies":[{"embeddable":true,"href":"https:\/\/burscheid-sonnenblume.de\/index.php?rest_route=%2Fwp%2Fv2%2Fcomments&post=2698"}],"version-history":[{"count":1,"href":"https:\/\/burscheid-sonnenblume.de\/index.php?rest_route=\/wp\/v2\/pages\/2698\/revisions"}],"predecessor-version":[{"id":2701,"href":"https:\/\/burscheid-sonnenblume.de\/index.php?rest_route=\/wp\/v2\/pages\/2698\/revisions\/2701"}],"wp:attachment":[{"href":"https:\/\/burscheid-sonnenblume.de\/index.php?rest_route=%2Fwp%2Fv2%2Fmedia&parent=2698"}],"curies":[{"name":"wp","href":"https:\/\/api.w.org\/{rel}","templated":true}]}}