{"id":2694,"date":"2020-04-16T10:50:59","date_gmt":"2020-04-16T09:50:59","guid":{"rendered":"https:\/\/burscheid-sonnenblume.de\/?page_id=2694"},"modified":"2020-04-16T10:51:00","modified_gmt":"2020-04-16T09:51:00","slug":"basteltipp-twister","status":"publish","type":"page","link":"https:\/\/burscheid-sonnenblume.de\/?page_id=2694","title":{"rendered":"Basteltipp &#8211; Twister"},"content":{"rendered":"<h5><span style=\"color: #6b8e23;\">Bewegungsspiel \u201eTwister\u201c<\/span><\/h5>\n<p><img loading=\"lazy\" decoding=\"async\" class=\" wp-image-2696 alignleft\" src=\"https:\/\/burscheid-sonnenblume.de\/wp-content\/uploads\/2020\/04\/twister-300x224.jpg\" alt=\"\" width=\"178\" height=\"133\" srcset=\"https:\/\/burscheid-sonnenblume.de\/wp-content\/uploads\/2020\/04\/twister-300x224.jpg 300w, https:\/\/burscheid-sonnenblume.de\/wp-content\/uploads\/2020\/04\/twister.jpg 496w\" sizes=\"auto, (max-width: 178px) 100vw, 178px\" \/>Das man auch in den eigenen Vier-W\u00e4nden Spa\u00df an Bewegung haben kann, zeigt zum anderen das vielen bekannte Spiel \u201eTwister\u201c.<\/p>\n<p>Bei diesem bunten Bewegungsspiel setzt Ihr Eure H\u00e4nde und F\u00fc\u00dfe auf die zuvor gedrehten Farbkreise, ohne das Gleichgewicht zu verlieren.<\/p>\n<p>Da\u00a0 nicht jeder \u00fcber dieses Spiel verf\u00fcgt, hat Frau Jennifer Meyer heute eine DIY Varianten f\u00fcr Euch vorbereitet.<\/p>\n\n\n<div class=\"wp-block-file aligncenter\"><a href=\"https:\/\/burscheid-sonnenblume.de\/wp-content\/uploads\/2020\/04\/Selbstgemacht-Twister.pdf\">Bastelanleitung &#8220;Selbstgemacht &#8211; Twister&#8221;<\/a><a href=\"https:\/\/burscheid-sonnenblume.de\/wp-content\/uploads\/2020\/04\/Selbstgemacht-Twister.pdf\" class=\"wp-block-file__button\" download>PDF<\/a><\/div>\n","protected":false},"excerpt":{"rendered":"<p>Bewegungsspiel \u201eTwister\u201c Das man auch in den eigenen Vier-W\u00e4nden Spa\u00df an Bewegung haben kann, zeigt zum anderen das vielen bekannte Spiel \u201eTwister\u201c. Bei diesem bunten Bewegungsspiel setzt Ihr Eure H\u00e4nde und F\u00fc\u00dfe auf die zuvor gedrehten Farbkreise, ohne das Gleichgewicht<\/p>\n","protected":false},"author":1,"featured_media":0,"parent":0,"menu_order":0,"comment_status":"closed","ping_status":"closed","template":"","meta":{"footnotes":""},"class_list":["post-2694","page","type-page","status-publish","hentry"],"_links":{"self":[{"href":"https:\/\/burscheid-sonnenblume.de\/index.php?rest_route=\/wp\/v2\/pages\/2694","targetHints":{"allow":["GET"]}}],"collection":[{"href":"https:\/\/burscheid-sonnenblume.de\/index.php?rest_route=\/wp\/v2\/pages"}],"about":[{"href":"https:\/\/burscheid-sonnenblume.de\/index.php?rest_route=\/wp\/v2\/types\/page"}],"author":[{"embeddable":true,"href":"https:\/\/burscheid-sonnenblume.de\/index.php?rest_route=\/wp\/v2\/users\/1"}],"replies":[{"embeddable":true,"href":"https:\/\/burscheid-sonnenblume.de\/index.php?rest_route=%2Fwp%2Fv2%2Fcomments&post=2694"}],"version-history":[{"count":1,"href":"https:\/\/burscheid-sonnenblume.de\/index.php?rest_route=\/wp\/v2\/pages\/2694\/revisions"}],"predecessor-version":[{"id":2697,"href":"https:\/\/burscheid-sonnenblume.de\/index.php?rest_route=\/wp\/v2\/pages\/2694\/revisions\/2697"}],"wp:attachment":[{"href":"https:\/\/burscheid-sonnenblume.de\/index.php?rest_route=%2Fwp%2Fv2%2Fmedia&parent=2694"}],"curies":[{"name":"wp","href":"https:\/\/api.w.org\/{rel}","templated":true}]}}