{"id":2686,"date":"2020-04-16T09:17:29","date_gmt":"2020-04-16T08:17:29","guid":{"rendered":"https:\/\/burscheid-sonnenblume.de\/?page_id=2686"},"modified":"2020-04-16T09:21:41","modified_gmt":"2020-04-16T08:21:41","slug":"audio-reim-der-kaefer","status":"publish","type":"page","link":"https:\/\/burscheid-sonnenblume.de\/?page_id=2686","title":{"rendered":"Audio &#8211; Reim &#8220;Der K\u00e4fer&#8221;"},"content":{"rendered":"<h5><span style=\"color: #6b8e23;\">Das Fingerspiel &#8220;Der K\u00e4fer&#8221;<\/span><\/h5>\n<p><img loading=\"lazy\" decoding=\"async\" class=\" wp-image-2691 alignleft\" src=\"https:\/\/burscheid-sonnenblume.de\/wp-content\/uploads\/2020\/04\/ladybug-31674_640-300x263.png\" alt=\"\" width=\"124\" height=\"109\" srcset=\"https:\/\/burscheid-sonnenblume.de\/wp-content\/uploads\/2020\/04\/ladybug-31674_640-300x263.png 300w, https:\/\/burscheid-sonnenblume.de\/wp-content\/uploads\/2020\/04\/ladybug-31674_640.png 640w\" sizes=\"auto, (max-width: 124px) 100vw, 124px\" \/>Passend zum Fr\u00fchling, wo viele K\u00e4fer nun sichtbar werde, hat Frau Grosse aus der M\u00e4usegruppe f\u00fcr euch ein sch\u00f6nes Fingerspiel vorbereitet \u00fcber den K\u00e4fer.<\/p>\n<p>Viel Spa\u00df beim Anh\u00f6ren und nach sprechen\/spielen<\/p>\n\n\n<figure class=\"wp-block-audio\"><audio controls src=\"https:\/\/burscheid-sonnenblume.de\/wp-content\/uploads\/2020\/04\/Der-Kaefer.mp3\"><\/audio><figcaption>Der K\u00e4fer<\/figcaption><\/figure>\n\n\n<p><strong>Der K\u00e4fer<\/strong><\/p>\n<p>Der K\u00e4fer f\u00e4ngt zu klettern an<br>Er steigt so weit er steigen kann<\/p>\n<p>An einem Grashalm hoch hinauf<br>Und h\u00e4lt erst oben im Lauf.<\/p>\n<p>Nun steigt er wie auf einem Turm,<br>da bl\u00e4st ein arger Wirbelsturm.<\/p>\n<p>Der Halm schwankt in,<br>der Halm schwankt her.<\/p>\n<p>Er beugt sich tief,<br>er biegt sich sehr.<\/p>\n<p>Der K\u00e4fer sich am Grashalm h\u00e4lt,<br>damit er nicht herunterf\u00e4llt.<\/p>\n<p>Da bl\u00e4st noch mehr der dolle Wind<br>Und wirft ihn doch hinab geschwind.<\/p>\n<p>Ihr meint jetzt tat er sich sehr weh?<br>Oh nein, er guckt nur in die H\u00f6h\u00b4<\/p>\n<p>Und lacht und rappelt sich schnell auf<br>Und steigt am n\u00e4chsten Halm hinauf.<\/p>\n<p><strong><u>Spielanleitung:<\/u><\/strong> <br>Ein Arm mit hochgestreckter Hand ist der Grashalm.<br>Die andere Hand ist der K\u00e4fer.<\/p>","protected":false},"excerpt":{"rendered":"<p>Das Fingerspiel &#8220;Der K\u00e4fer&#8221; Passend zum Fr\u00fchling, wo viele K\u00e4fer nun sichtbar werde, hat Frau Grosse aus der M\u00e4usegruppe f\u00fcr euch ein sch\u00f6nes Fingerspiel vorbereitet \u00fcber den K\u00e4fer. Viel Spa\u00df beim Anh\u00f6ren und nach sprechen\/spielen Der K\u00e4fer Der K\u00e4fer f\u00e4ngt<\/p>\n","protected":false},"author":1,"featured_media":0,"parent":0,"menu_order":0,"comment_status":"closed","ping_status":"closed","template":"","meta":{"footnotes":""},"class_list":["post-2686","page","type-page","status-publish","hentry"],"_links":{"self":[{"href":"https:\/\/burscheid-sonnenblume.de\/index.php?rest_route=\/wp\/v2\/pages\/2686","targetHints":{"allow":["GET"]}}],"collection":[{"href":"https:\/\/burscheid-sonnenblume.de\/index.php?rest_route=\/wp\/v2\/pages"}],"about":[{"href":"https:\/\/burscheid-sonnenblume.de\/index.php?rest_route=\/wp\/v2\/types\/page"}],"author":[{"embeddable":true,"href":"https:\/\/burscheid-sonnenblume.de\/index.php?rest_route=\/wp\/v2\/users\/1"}],"replies":[{"embeddable":true,"href":"https:\/\/burscheid-sonnenblume.de\/index.php?rest_route=%2Fwp%2Fv2%2Fcomments&post=2686"}],"version-history":[{"count":4,"href":"https:\/\/burscheid-sonnenblume.de\/index.php?rest_route=\/wp\/v2\/pages\/2686\/revisions"}],"predecessor-version":[{"id":2693,"href":"https:\/\/burscheid-sonnenblume.de\/index.php?rest_route=\/wp\/v2\/pages\/2686\/revisions\/2693"}],"wp:attachment":[{"href":"https:\/\/burscheid-sonnenblume.de\/index.php?rest_route=%2Fwp%2Fv2%2Fmedia&parent=2686"}],"curies":[{"name":"wp","href":"https:\/\/api.w.org\/{rel}","templated":true}]}}