{"id":2679,"date":"2020-04-16T08:55:54","date_gmt":"2020-04-16T07:55:54","guid":{"rendered":"https:\/\/burscheid-sonnenblume.de\/?page_id=2679"},"modified":"2020-04-16T09:00:14","modified_gmt":"2020-04-16T08:00:14","slug":"video-bastelanleitung-roehrenflieger","status":"publish","type":"page","link":"https:\/\/burscheid-sonnenblume.de\/?page_id=2679","title":{"rendered":"Video &#8211; Bastelanleitung R\u00f6hrenflieger"},"content":{"rendered":"<h5><span style=\"color: #6b8e23;\">R\u00f6hrenflieger falten<\/span><\/h5>\n<p><img loading=\"lazy\" decoding=\"async\" class=\" wp-image-2680 alignleft\" src=\"https:\/\/burscheid-sonnenblume.de\/wp-content\/uploads\/2020\/04\/20200406_110949-300x188.jpg\" alt=\"\" width=\"224\" height=\"140\" srcset=\"https:\/\/burscheid-sonnenblume.de\/wp-content\/uploads\/2020\/04\/20200406_110949-300x188.jpg 300w, https:\/\/burscheid-sonnenblume.de\/wp-content\/uploads\/2020\/04\/20200406_110949-768x480.jpg 768w, https:\/\/burscheid-sonnenblume.de\/wp-content\/uploads\/2020\/04\/20200406_110949-1024x640.jpg 1024w\" sizes=\"auto, (max-width: 224px) 100vw, 224px\" \/>Den R\u00f6hrenflieger bekommt ihr mit einfachen Mittel ganz leicht und schnell gebastelt. Am meisten macht es spa\u00df den Flieger drau\u00dfen steigen zu lassen, da fliegt er n\u00e4mlich viel l\u00e4nger und hat gen\u00fcgend Freiraum zum Fliegen.<\/p>\n<p>Frau Jana Romaker hat es f\u00fcr euch in der Kita den R\u00f6hrenflieger gefaltet und ausprobiert.<\/p>\n<p>Der Link zu einer Bastelanleitung auf Youtube, finden Sie HIER:<br \/><a href=\"https:\/\/www.youtube.com\/watch?v=MdYEhxu2HSY\">https:\/\/www.youtube.com\/watch?v=MdYEhxu2HSY<\/a><\/p>\n\n\n<figure class=\"wp-block-video\"><video controls src=\"https:\/\/burscheid-sonnenblume.de\/wp-content\/uploads\/2020\/04\/Der-R\u00f6hrenflieger.mp4\"><\/video><figcaption>Der R\u00f6hrenflieger<\/figcaption><\/figure>\n","protected":false},"excerpt":{"rendered":"<p>R\u00f6hrenflieger falten Den R\u00f6hrenflieger bekommt ihr mit einfachen Mittel ganz leicht und schnell gebastelt. Am meisten macht es spa\u00df den Flieger drau\u00dfen steigen zu lassen, da fliegt er n\u00e4mlich viel l\u00e4nger und hat gen\u00fcgend Freiraum zum Fliegen. Frau Jana Romaker<\/p>\n","protected":false},"author":1,"featured_media":0,"parent":0,"menu_order":0,"comment_status":"closed","ping_status":"closed","template":"","meta":{"footnotes":""},"class_list":["post-2679","page","type-page","status-publish","hentry"],"_links":{"self":[{"href":"https:\/\/burscheid-sonnenblume.de\/index.php?rest_route=\/wp\/v2\/pages\/2679","targetHints":{"allow":["GET"]}}],"collection":[{"href":"https:\/\/burscheid-sonnenblume.de\/index.php?rest_route=\/wp\/v2\/pages"}],"about":[{"href":"https:\/\/burscheid-sonnenblume.de\/index.php?rest_route=\/wp\/v2\/types\/page"}],"author":[{"embeddable":true,"href":"https:\/\/burscheid-sonnenblume.de\/index.php?rest_route=\/wp\/v2\/users\/1"}],"replies":[{"embeddable":true,"href":"https:\/\/burscheid-sonnenblume.de\/index.php?rest_route=%2Fwp%2Fv2%2Fcomments&post=2679"}],"version-history":[{"count":3,"href":"https:\/\/burscheid-sonnenblume.de\/index.php?rest_route=\/wp\/v2\/pages\/2679\/revisions"}],"predecessor-version":[{"id":2684,"href":"https:\/\/burscheid-sonnenblume.de\/index.php?rest_route=\/wp\/v2\/pages\/2679\/revisions\/2684"}],"wp:attachment":[{"href":"https:\/\/burscheid-sonnenblume.de\/index.php?rest_route=%2Fwp%2Fv2%2Fmedia&parent=2679"}],"curies":[{"name":"wp","href":"https:\/\/api.w.org\/{rel}","templated":true}]}}