{"id":2561,"date":"2020-04-15T08:04:59","date_gmt":"2020-04-15T07:04:59","guid":{"rendered":"https:\/\/burscheid-sonnenblume.de\/?page_id=2561"},"modified":"2020-04-15T14:35:19","modified_gmt":"2020-04-15T13:35:19","slug":"basteltipp-kartzbilder","status":"publish","type":"page","link":"https:\/\/burscheid-sonnenblume.de\/?page_id=2561","title":{"rendered":"Basteltipp &#8211; Kratzbilder"},"content":{"rendered":"<h5><span style=\"color: #6b8e23;\">Basteltipp: Kratzbilder<\/span><\/h5>\n<p><img loading=\"lazy\" decoding=\"async\" class=\" wp-image-2562 alignleft\" src=\"https:\/\/burscheid-sonnenblume.de\/wp-content\/uploads\/2020\/04\/kratz-300x224.jpg\" alt=\"\" width=\"228\" height=\"170\" srcset=\"https:\/\/burscheid-sonnenblume.de\/wp-content\/uploads\/2020\/04\/kratz-300x224.jpg 300w, https:\/\/burscheid-sonnenblume.de\/wp-content\/uploads\/2020\/04\/kratz.jpg 478w\" sizes=\"auto, (max-width: 228px) 100vw, 228px\" \/>Schwarze Bilder die Bunte Kunstwerke hervorzaubern wenn man \u00fcber sie kratzt! Die beliebten Kratzbilder lassen sich ganz einfach selbst herstellen.<\/p>\n<p>Die Ergebnisse eignen sich \u00fcbrigens hervorragend als Postkarten um Gro\u00dfeltern, Onkel, Tanten oder Freunden einen Gru\u00df zukommen zu lassen<\/p>\n<p>Frau Jennifer Meyer aus der Hasengruppe hat f\u00fcr Sie und Euch eine detaillierte Bastelanleitung erstellt.<\/p>\n\n\n<div class=\"wp-block-file aligncenter\"><a href=\"https:\/\/burscheid-sonnenblume.de\/wp-content\/uploads\/2020\/04\/Selbstgemacht-Kratzbilder.pdf\">Anleitung Selbstgemacht Kratzbilder<\/a><a href=\"https:\/\/burscheid-sonnenblume.de\/wp-content\/uploads\/2020\/04\/Selbstgemacht-Kratzbilder.pdf\" class=\"wp-block-file__button\" download>PDF<\/a><\/div>\n","protected":false},"excerpt":{"rendered":"<p>Basteltipp: Kratzbilder Schwarze Bilder die Bunte Kunstwerke hervorzaubern wenn man \u00fcber sie kratzt! Die beliebten Kratzbilder lassen sich ganz einfach selbst herstellen. Die Ergebnisse eignen sich \u00fcbrigens hervorragend als Postkarten um Gro\u00dfeltern, Onkel, Tanten oder Freunden einen Gru\u00df zukommen zu<\/p>\n","protected":false},"author":1,"featured_media":0,"parent":0,"menu_order":0,"comment_status":"closed","ping_status":"closed","template":"","meta":{"footnotes":""},"class_list":["post-2561","page","type-page","status-publish","hentry"],"_links":{"self":[{"href":"https:\/\/burscheid-sonnenblume.de\/index.php?rest_route=\/wp\/v2\/pages\/2561","targetHints":{"allow":["GET"]}}],"collection":[{"href":"https:\/\/burscheid-sonnenblume.de\/index.php?rest_route=\/wp\/v2\/pages"}],"about":[{"href":"https:\/\/burscheid-sonnenblume.de\/index.php?rest_route=\/wp\/v2\/types\/page"}],"author":[{"embeddable":true,"href":"https:\/\/burscheid-sonnenblume.de\/index.php?rest_route=\/wp\/v2\/users\/1"}],"replies":[{"embeddable":true,"href":"https:\/\/burscheid-sonnenblume.de\/index.php?rest_route=%2Fwp%2Fv2%2Fcomments&post=2561"}],"version-history":[{"count":3,"href":"https:\/\/burscheid-sonnenblume.de\/index.php?rest_route=\/wp\/v2\/pages\/2561\/revisions"}],"predecessor-version":[{"id":2652,"href":"https:\/\/burscheid-sonnenblume.de\/index.php?rest_route=\/wp\/v2\/pages\/2561\/revisions\/2652"}],"wp:attachment":[{"href":"https:\/\/burscheid-sonnenblume.de\/index.php?rest_route=%2Fwp%2Fv2%2Fmedia&parent=2561"}],"curies":[{"name":"wp","href":"https:\/\/api.w.org\/{rel}","templated":true}]}}