{"id":2556,"date":"2020-04-15T07:47:58","date_gmt":"2020-04-15T06:47:58","guid":{"rendered":"https:\/\/burscheid-sonnenblume.de\/?page_id=2556"},"modified":"2020-04-15T07:47:59","modified_gmt":"2020-04-15T06:47:59","slug":"video-bilderbuchbetrachtung-karneval-im-zoo","status":"publish","type":"page","link":"https:\/\/burscheid-sonnenblume.de\/?page_id=2556","title":{"rendered":"Video &#8211; Bilderbuchbetrachtung &#8220;Karneval im Zoo&#8221;"},"content":{"rendered":"<h5>Karneval im Zoo<\/h5>\n<p><img loading=\"lazy\" decoding=\"async\" class=\" wp-image-2558 alignleft\" src=\"https:\/\/burscheid-sonnenblume.de\/wp-content\/uploads\/2020\/04\/zoo-231x300.jpg\" alt=\"\" width=\"170\" height=\"221\" srcset=\"https:\/\/burscheid-sonnenblume.de\/wp-content\/uploads\/2020\/04\/zoo-231x300.jpg 231w, https:\/\/burscheid-sonnenblume.de\/wp-content\/uploads\/2020\/04\/zoo.jpg 350w\" sizes=\"auto, (max-width: 170px) 100vw, 170px\" \/>Charlotte, Lea und Laura haben f\u00fcr unsere Kleinen eine Bilderbuchbetrachtung mit Tonaufnahme gemacht. Hier pr\u00e4sentieren sie Euch das Bilderbuch \u201eKarneval im Zoo\u201c von Sophie Schoenwald.<\/p>\n<p>Die Tiere im Zoo feiern Karneval und alle haben sich verkleidet. Nun wollen der Zoodirektor Ungest\u00fcm und sein Freund Ignaz Pfefferminz Igel herausfinden welches Tier sich hinter den Kost\u00fcmen verbirgt, denn schon bald \u00f6ffnet der Zoo und bis dahin muss wieder Ordnung in den Gehegen herrschen.<\/p>\n<p>Wir w\u00fcnschen viel Spass beim schauen und zuh\u00f6ren&#8230;<\/p>\n\n\n<figure class=\"wp-block-video\"><video controls src=\"https:\/\/burscheid-sonnenblume.de\/wp-content\/uploads\/2020\/04\/Karneval-im-Zoo.mp4\"><\/video><figcaption>Karneval im Zoo<\/figcaption><\/figure>\n","protected":false},"excerpt":{"rendered":"<p>Karneval im Zoo Charlotte, Lea und Laura haben f\u00fcr unsere Kleinen eine Bilderbuchbetrachtung mit Tonaufnahme gemacht. Hier pr\u00e4sentieren sie Euch das Bilderbuch \u201eKarneval im Zoo\u201c von Sophie Schoenwald. Die Tiere im Zoo feiern Karneval und alle haben sich verkleidet. Nun<\/p>\n","protected":false},"author":1,"featured_media":0,"parent":0,"menu_order":0,"comment_status":"closed","ping_status":"closed","template":"","meta":{"footnotes":""},"class_list":["post-2556","page","type-page","status-publish","hentry"],"_links":{"self":[{"href":"https:\/\/burscheid-sonnenblume.de\/index.php?rest_route=\/wp\/v2\/pages\/2556","targetHints":{"allow":["GET"]}}],"collection":[{"href":"https:\/\/burscheid-sonnenblume.de\/index.php?rest_route=\/wp\/v2\/pages"}],"about":[{"href":"https:\/\/burscheid-sonnenblume.de\/index.php?rest_route=\/wp\/v2\/types\/page"}],"author":[{"embeddable":true,"href":"https:\/\/burscheid-sonnenblume.de\/index.php?rest_route=\/wp\/v2\/users\/1"}],"replies":[{"embeddable":true,"href":"https:\/\/burscheid-sonnenblume.de\/index.php?rest_route=%2Fwp%2Fv2%2Fcomments&post=2556"}],"version-history":[{"count":3,"href":"https:\/\/burscheid-sonnenblume.de\/index.php?rest_route=\/wp\/v2\/pages\/2556\/revisions"}],"predecessor-version":[{"id":2560,"href":"https:\/\/burscheid-sonnenblume.de\/index.php?rest_route=\/wp\/v2\/pages\/2556\/revisions\/2560"}],"wp:attachment":[{"href":"https:\/\/burscheid-sonnenblume.de\/index.php?rest_route=%2Fwp%2Fv2%2Fmedia&parent=2556"}],"curies":[{"name":"wp","href":"https:\/\/api.w.org\/{rel}","templated":true}]}}