{"id":2443,"date":"2020-04-09T08:51:49","date_gmt":"2020-04-09T07:51:49","guid":{"rendered":"https:\/\/burscheid-sonnenblume.de\/?page_id=2443"},"modified":"2020-04-15T14:35:27","modified_gmt":"2020-04-15T13:35:27","slug":"basteltipp-strassenkreide","status":"publish","type":"page","link":"https:\/\/burscheid-sonnenblume.de\/?page_id=2443","title":{"rendered":"Basteltipp &#8211; Stra\u00dfenkreide"},"content":{"rendered":"<h5><span style=\"color: #6b8e23;\">Stra\u00dfenkreide selbst gemacht!<\/span><\/h5>\n<p><img loading=\"lazy\" decoding=\"async\" class=\" wp-image-2444 alignleft\" src=\"https:\/\/burscheid-sonnenblume.de\/wp-content\/uploads\/2020\/04\/Zwischenablage01-2-300x224.jpg\" alt=\"\" width=\"173\" height=\"129\" srcset=\"https:\/\/burscheid-sonnenblume.de\/wp-content\/uploads\/2020\/04\/Zwischenablage01-2-300x224.jpg 300w, https:\/\/burscheid-sonnenblume.de\/wp-content\/uploads\/2020\/04\/Zwischenablage01-2.jpg 616w\" sizes=\"auto, (max-width: 173px) 100vw, 173px\" \/>Endlich kommt der Fr\u00fchling durch! Die Sonne scheint und auch wenn Corona uns einschr\u00e4nkt, frische Luft tut gut! Ein beliebtes Spielzeug auf der Stra\u00dfe oder dem Hof ist Stra\u00dfenkreide! <br \/>Mit den bunten Kreiden lassen sich tolle Bilder zaubern.<\/p>\n<p>Frau Christina Krekel-Sch\u00fctz und Jennifer Meyer zeigen Euch wie man sie selber macht.<\/p>\n<p>Die detaillierte Anleitung findet Ihr HIER als PDF zum download<\/p>\n\n\n<div class=\"wp-block-file aligncenter\"><a href=\"https:\/\/burscheid-sonnenblume.de\/wp-content\/uploads\/2020\/04\/Selbstgemacht-Stra\u00dfenkreide.pdf\">Anleitung: Selbstgemachte Stra\u00dfenkreide<\/a><a href=\"https:\/\/burscheid-sonnenblume.de\/wp-content\/uploads\/2020\/04\/Selbstgemacht-Stra\u00dfenkreide.pdf\" class=\"wp-block-file__button\" download>PDF<\/a><\/div>\n","protected":false},"excerpt":{"rendered":"<p>Stra\u00dfenkreide selbst gemacht! Endlich kommt der Fr\u00fchling durch! Die Sonne scheint und auch wenn Corona uns einschr\u00e4nkt, frische Luft tut gut! Ein beliebtes Spielzeug auf der Stra\u00dfe oder dem Hof ist Stra\u00dfenkreide! Mit den bunten Kreiden lassen sich tolle Bilder<\/p>\n","protected":false},"author":1,"featured_media":0,"parent":0,"menu_order":0,"comment_status":"closed","ping_status":"closed","template":"","meta":{"footnotes":""},"class_list":["post-2443","page","type-page","status-publish","hentry"],"_links":{"self":[{"href":"https:\/\/burscheid-sonnenblume.de\/index.php?rest_route=\/wp\/v2\/pages\/2443","targetHints":{"allow":["GET"]}}],"collection":[{"href":"https:\/\/burscheid-sonnenblume.de\/index.php?rest_route=\/wp\/v2\/pages"}],"about":[{"href":"https:\/\/burscheid-sonnenblume.de\/index.php?rest_route=\/wp\/v2\/types\/page"}],"author":[{"embeddable":true,"href":"https:\/\/burscheid-sonnenblume.de\/index.php?rest_route=\/wp\/v2\/users\/1"}],"replies":[{"embeddable":true,"href":"https:\/\/burscheid-sonnenblume.de\/index.php?rest_route=%2Fwp%2Fv2%2Fcomments&post=2443"}],"version-history":[{"count":2,"href":"https:\/\/burscheid-sonnenblume.de\/index.php?rest_route=\/wp\/v2\/pages\/2443\/revisions"}],"predecessor-version":[{"id":2653,"href":"https:\/\/burscheid-sonnenblume.de\/index.php?rest_route=\/wp\/v2\/pages\/2443\/revisions\/2653"}],"wp:attachment":[{"href":"https:\/\/burscheid-sonnenblume.de\/index.php?rest_route=%2Fwp%2Fv2%2Fmedia&parent=2443"}],"curies":[{"name":"wp","href":"https:\/\/api.w.org\/{rel}","templated":true}]}}