{"id":2344,"date":"2020-04-06T12:32:03","date_gmt":"2020-04-06T11:32:03","guid":{"rendered":"https:\/\/burscheid-sonnenblume.de\/?page_id=2344"},"modified":"2020-05-20T13:17:33","modified_gmt":"2020-05-20T12:17:33","slug":"klein-haeschen-wollt-spazieren-gehn","status":"publish","type":"page","link":"https:\/\/burscheid-sonnenblume.de\/?page_id=2344","title":{"rendered":"Fingerspiel &#8211; Klein H\u00e4schen wollt\u00b4 spazieren geh`n"},"content":{"rendered":"\n<figure class=\"wp-block-video aligncenter\"><video controls src=\"https:\/\/burscheid-sonnenblume.de\/wp-content\/uploads\/2020\/04\/Klein-Haeschen.mp4\"><\/video><figcaption>Klein H\u00e4schen wollt\u00b4 spazieren geh`n<\/figcaption><\/figure>\n\n\n<h5><span style=\"color: #6b8e23;\">Klein H\u00e4schen wollt\u00b4 spazieren geh`n<\/span><\/h5>\n<p>Klein H\u00e4schen wollt spazieren geh`n,<br>spazieren ganz allein,<\/p>\n<p>da hat`s das B\u00e4chlein nicht geseh`n und<br>plumps! fiel es hinein.<\/p>\n<p>Das B\u00e4chlein trieb\u00b4s dem Tale zu,<br>dort wo die M\u00fchle steht,<\/p>\n<p>und wo sich ohne Rast und Ruh\u00b4<br>das gro\u00dfe M\u00fchlrad dreht.<\/p>\n<p>Ganz langsam drehte sich das Rad,<br>drauf sprang der kleine Has`,<\/p>\n<p>und als er oben angelangt,<br>sprang er hinab ins Gras.<\/p>\n<p>Dann lief das H\u00e4schen schnell nach Haus,<br>vorbei war die Gefahr.<\/p>\n<p>Die Mutter klopft das Fell ihm aus,<br>bis das es trocken war.<\/p>\n<hr>\n<h5><span style=\"color: #6b8e23;\">Anleitung zum Fingerspiel<\/span><strong><br><\/strong><\/h5>\n<p>Zeigefinger und Mittelfinger stellen das \u201eLaufen\u201c des H\u00e4schens dar, durch entsprechende Bewegungen der beiden Finger etwa an einer Tischkante entlang.<\/p>\n<p>Bei \u201ePlumps\u201c f\u00e4llt das H\u00e4schen auf den anderen Arm, der waagerecht ausgestreckt das B\u00e4chlein darstellt.<\/p>\n<p>In Zeile&nbsp; 8 und neun werden die flachen H\u00e4nde \u00fcbereinander gehalten und das Kreisen des M\u00fchlrades dargestellt. Bei \u201esprang er hinab\u201c deuten die beiden obengenannten Finger das abspringende \u201eH\u00e4schen\u201c an, es folgen Laufbewegungen am Tisch entlang. Am Ende des Liedes wird das H\u00e4schen leicht \u201egeklopft\u201c, das hei\u00dft, mit der einen Hand leicht auf den Handr\u00fccken der anderen Hand geklopft.<\/p>","protected":false},"excerpt":{"rendered":"<p>Klein H\u00e4schen wollt\u00b4 spazieren geh`n Klein H\u00e4schen wollt spazieren geh`n,spazieren ganz allein, da hat`s das B\u00e4chlein nicht geseh`n undplumps! fiel es hinein. Das B\u00e4chlein trieb\u00b4s dem Tale zu,dort wo die M\u00fchle steht, und wo sich ohne Rast und Ruh\u00b4das gro\u00dfe<\/p>\n","protected":false},"author":1,"featured_media":0,"parent":0,"menu_order":0,"comment_status":"closed","ping_status":"closed","template":"","meta":{"footnotes":""},"class_list":["post-2344","page","type-page","status-publish","hentry"],"_links":{"self":[{"href":"https:\/\/burscheid-sonnenblume.de\/index.php?rest_route=\/wp\/v2\/pages\/2344","targetHints":{"allow":["GET"]}}],"collection":[{"href":"https:\/\/burscheid-sonnenblume.de\/index.php?rest_route=\/wp\/v2\/pages"}],"about":[{"href":"https:\/\/burscheid-sonnenblume.de\/index.php?rest_route=\/wp\/v2\/types\/page"}],"author":[{"embeddable":true,"href":"https:\/\/burscheid-sonnenblume.de\/index.php?rest_route=\/wp\/v2\/users\/1"}],"replies":[{"embeddable":true,"href":"https:\/\/burscheid-sonnenblume.de\/index.php?rest_route=%2Fwp%2Fv2%2Fcomments&post=2344"}],"version-history":[{"count":9,"href":"https:\/\/burscheid-sonnenblume.de\/index.php?rest_route=\/wp\/v2\/pages\/2344\/revisions"}],"predecessor-version":[{"id":3278,"href":"https:\/\/burscheid-sonnenblume.de\/index.php?rest_route=\/wp\/v2\/pages\/2344\/revisions\/3278"}],"wp:attachment":[{"href":"https:\/\/burscheid-sonnenblume.de\/index.php?rest_route=%2Fwp%2Fv2%2Fmedia&parent=2344"}],"curies":[{"name":"wp","href":"https:\/\/api.w.org\/{rel}","templated":true}]}}