{"id":2328,"date":"2020-04-06T10:48:15","date_gmt":"2020-04-06T09:48:15","guid":{"rendered":"https:\/\/burscheid-sonnenblume.de\/?page_id=2328"},"modified":"2020-05-01T09:16:14","modified_gmt":"2020-05-01T08:16:14","slug":"web-pdf-tipp","status":"publish","type":"page","link":"https:\/\/burscheid-sonnenblume.de\/?page_id=2328","title":{"rendered":"Web \u2013 PDF Tipp: HotSpot-Heft"},"content":{"rendered":"<h5><span style=\"color: #6b8e23;\"><strong>Feste &#8211; Hot Spots des Lebens f\u00fcr Familien<\/strong><\/span><\/h5>\n<p><img loading=\"lazy\" decoding=\"async\" class=\" wp-image-2329 alignleft\" src=\"https:\/\/burscheid-sonnenblume.de\/wp-content\/uploads\/2020\/04\/ohnmacht-213x300.jpg\" alt=\"\" width=\"143\" height=\"201\" srcset=\"https:\/\/burscheid-sonnenblume.de\/wp-content\/uploads\/2020\/04\/ohnmacht-213x300.jpg 213w, https:\/\/burscheid-sonnenblume.de\/wp-content\/uploads\/2020\/04\/ohnmacht.jpg 363w\" sizes=\"auto, (max-width: 143px) 100vw, 143px\" \/>Liebe Eltern,<br \/>gerne m\u00f6chten wir Ihnen das HotSpot-Heft zu Karfreitag und Ostern als PDF empfehlen.<\/p>\n<p>Es gibt acht Hefte &#8220;Feste -Hot Spots des Lebens f\u00fcr Familien&#8221; zu christlichen Feste im Kirchenjahr, normaler Weise als Printversion.<\/p>\n<p>Nun f\u00fcr Sie aber in der digitalen Version. Hier gibt es viele unterschiedliche Anregungen, wie diese besondere Zeit in der Familie gestaltet werden kann, von konkreten Bastelangeboten bis hin zu Beratungsangeboten bei schwierigen Situationen in der Familie.<\/p>\n<p>Gerne weisen wir zudem auf www.zusammenfamilie.de hin.<\/p>\n\n\n<div class=\"wp-block-file aligncenter\"><a href=\"https:\/\/burscheid-sonnenblume.de\/wp-content\/uploads\/2020\/04\/HotSpots_Karfreitag_Ostern.pdf\">HotSpots Karfreitag Ostern<\/a><a href=\"https:\/\/burscheid-sonnenblume.de\/wp-content\/uploads\/2020\/04\/HotSpots_Karfreitag_Ostern.pdf\" class=\"wp-block-file__button\" download>PDF Anzeigen<\/a><\/div>\n\n\n\n<hr class=\"wp-block-separator\"\/>\n\n\n<h5><span style=\"color: #6b8e23;\">Korona-Kriese verstehen &#8211; Eine Geschichte f\u00fcr Kindergartenkinder<\/span><\/h5>\n<p><img loading=\"lazy\" decoding=\"async\" class=\" wp-image-2336 alignleft\" src=\"https:\/\/burscheid-sonnenblume.de\/wp-content\/uploads\/2020\/04\/corona-kriese-298x300.jpg\" alt=\"\" width=\"166\" height=\"167\" srcset=\"https:\/\/burscheid-sonnenblume.de\/wp-content\/uploads\/2020\/04\/corona-kriese-298x300.jpg 298w, https:\/\/burscheid-sonnenblume.de\/wp-content\/uploads\/2020\/04\/corona-kriese-150x150.jpg 150w, https:\/\/burscheid-sonnenblume.de\/wp-content\/uploads\/2020\/04\/corona-kriese-230x230.jpg 230w, https:\/\/burscheid-sonnenblume.de\/wp-content\/uploads\/2020\/04\/corona-kriese-330x330.jpg 330w, https:\/\/burscheid-sonnenblume.de\/wp-content\/uploads\/2020\/04\/corona-kriese.jpg 579w\" sizes=\"auto, (max-width: 166px) 100vw, 166px\" \/>Ursula Leitl, eine ehemalige Erzieherin, ver\u00f6ffentlichte im M\u00e4rz 2020 ein kleines Kinderbuch, um ihrem f\u00fcnfj\u00e4hrigen Sohn die Vorg\u00e4nge in der Welt seit Corona erkl\u00e4ren zu k\u00f6nnen, aber auch um Angst und Sorgen nehmen zu k\u00f6nnen.<\/p>\n<p>Die Geschichte um zwei kleine Hasen ist liebevoll illustriert und kann sowohl zuhause als auch in der Kita gut eingesetzt werden. Viele Themen und Fragen werden kindgerecht verarbeitet: Ansteckende Krankheit \u2013 Hygiene \u2013 soziale Isolation \u2013 Hamsterk\u00e4ufe \u2013 sich und andere sch\u00fctzen m\u00fcssen \u2013 und auch die Aussicht auf ein gutes Ende.<\/p>\n\n\n<div class=\"wp-block-file aligncenter\"><a href=\"https:\/\/burscheid-sonnenblume.de\/wp-content\/uploads\/2020\/04\/Bilderbuch-Corona-Krise-verstehen.pdf\">Bilderbuch Corona-Krise verstehen<\/a><a href=\"https:\/\/burscheid-sonnenblume.de\/wp-content\/uploads\/2020\/04\/Bilderbuch-Corona-Krise-verstehen.pdf\" class=\"wp-block-file__button\" download>PDF Anzeigen<\/a><\/div>\n","protected":false},"excerpt":{"rendered":"<p>Feste &#8211; Hot Spots des Lebens f\u00fcr Familien Liebe Eltern,gerne m\u00f6chten wir Ihnen das HotSpot-Heft zu Karfreitag und Ostern als PDF empfehlen. Es gibt acht Hefte &#8220;Feste -Hot Spots des Lebens f\u00fcr Familien&#8221; zu christlichen Feste im Kirchenjahr, normaler Weise<\/p>\n","protected":false},"author":1,"featured_media":0,"parent":0,"menu_order":0,"comment_status":"closed","ping_status":"closed","template":"","meta":{"footnotes":""},"class_list":["post-2328","page","type-page","status-publish","hentry"],"_links":{"self":[{"href":"https:\/\/burscheid-sonnenblume.de\/index.php?rest_route=\/wp\/v2\/pages\/2328","targetHints":{"allow":["GET"]}}],"collection":[{"href":"https:\/\/burscheid-sonnenblume.de\/index.php?rest_route=\/wp\/v2\/pages"}],"about":[{"href":"https:\/\/burscheid-sonnenblume.de\/index.php?rest_route=\/wp\/v2\/types\/page"}],"author":[{"embeddable":true,"href":"https:\/\/burscheid-sonnenblume.de\/index.php?rest_route=\/wp\/v2\/users\/1"}],"replies":[{"embeddable":true,"href":"https:\/\/burscheid-sonnenblume.de\/index.php?rest_route=%2Fwp%2Fv2%2Fcomments&post=2328"}],"version-history":[{"count":5,"href":"https:\/\/burscheid-sonnenblume.de\/index.php?rest_route=\/wp\/v2\/pages\/2328\/revisions"}],"predecessor-version":[{"id":2967,"href":"https:\/\/burscheid-sonnenblume.de\/index.php?rest_route=\/wp\/v2\/pages\/2328\/revisions\/2967"}],"wp:attachment":[{"href":"https:\/\/burscheid-sonnenblume.de\/index.php?rest_route=%2Fwp%2Fv2%2Fmedia&parent=2328"}],"curies":[{"name":"wp","href":"https:\/\/api.w.org\/{rel}","templated":true}]}}