{"id":2219,"date":"2020-04-02T12:50:23","date_gmt":"2020-04-02T11:50:23","guid":{"rendered":"https:\/\/burscheid-sonnenblume.de\/?page_id=2219"},"modified":"2020-04-15T14:34:56","modified_gmt":"2020-04-15T13:34:56","slug":"basteltipp-kalaha","status":"publish","type":"page","link":"https:\/\/burscheid-sonnenblume.de\/?page_id=2219","title":{"rendered":"Basteltipp &#8211; Kalaha"},"content":{"rendered":"<h5><span style=\"color: #6b8e23;\">\u201eKalaha\u201c (afrikanisches Steinchenspiel)<\/span><\/h5>\n<p><img loading=\"lazy\" decoding=\"async\" class=\" wp-image-2220 alignleft\" src=\"https:\/\/burscheid-sonnenblume.de\/wp-content\/uploads\/2020\/04\/kalaha-300x188.jpg\" alt=\"\" width=\"229\" height=\"144\" srcset=\"https:\/\/burscheid-sonnenblume.de\/wp-content\/uploads\/2020\/04\/kalaha-300x188.jpg 300w, https:\/\/burscheid-sonnenblume.de\/wp-content\/uploads\/2020\/04\/kalaha-768x480.jpg 768w, https:\/\/burscheid-sonnenblume.de\/wp-content\/uploads\/2020\/04\/kalaha-1024x640.jpg 1024w, https:\/\/burscheid-sonnenblume.de\/wp-content\/uploads\/2020\/04\/kalaha.jpg 1387w\" sizes=\"auto, (max-width: 229px) 100vw, 229px\" \/>Frau Angelina Dammer und Herr Dominic Hennen, haben ein afrikanisches Spiel namens \u201eKalaha\u201c (afrikanisches Steinchenspiel) f\u00fcr Euch gebastelt und ausprobiert.<\/p>\n<p>In dem Spiel d\u00fcrft Ihr strategisches Denken beweisen und es f\u00f6rdert auf spielerische Weise das Mengen- und Zahlenbewusstsein.<\/p>\n<p><a href=\"https:\/\/burscheid-sonnenblume.de\/wp-content\/uploads\/2020\/04\/Selbstgemacht-Kalaha-afrikanisches-Steinchenspiel.pdf\">Eine detailliert bebilderte Anleitung zum Nachbasteln und die passende Spielanleitung finden Sie HIER auf unserer Homepage als PDF Datei.<\/a><\/p>\n","protected":false},"excerpt":{"rendered":"<p>\u201eKalaha\u201c (afrikanisches Steinchenspiel) Frau Angelina Dammer und Herr Dominic Hennen, haben ein afrikanisches Spiel namens \u201eKalaha\u201c (afrikanisches Steinchenspiel) f\u00fcr Euch gebastelt und ausprobiert. In dem Spiel d\u00fcrft Ihr strategisches Denken beweisen und es f\u00f6rdert auf spielerische Weise das Mengen- und<\/p>\n","protected":false},"author":1,"featured_media":0,"parent":0,"menu_order":0,"comment_status":"closed","ping_status":"closed","template":"","meta":{"footnotes":""},"class_list":["post-2219","page","type-page","status-publish","hentry"],"_links":{"self":[{"href":"https:\/\/burscheid-sonnenblume.de\/index.php?rest_route=\/wp\/v2\/pages\/2219","targetHints":{"allow":["GET"]}}],"collection":[{"href":"https:\/\/burscheid-sonnenblume.de\/index.php?rest_route=\/wp\/v2\/pages"}],"about":[{"href":"https:\/\/burscheid-sonnenblume.de\/index.php?rest_route=\/wp\/v2\/types\/page"}],"author":[{"embeddable":true,"href":"https:\/\/burscheid-sonnenblume.de\/index.php?rest_route=\/wp\/v2\/users\/1"}],"replies":[{"embeddable":true,"href":"https:\/\/burscheid-sonnenblume.de\/index.php?rest_route=%2Fwp%2Fv2%2Fcomments&post=2219"}],"version-history":[{"count":6,"href":"https:\/\/burscheid-sonnenblume.de\/index.php?rest_route=\/wp\/v2\/pages\/2219\/revisions"}],"predecessor-version":[{"id":2649,"href":"https:\/\/burscheid-sonnenblume.de\/index.php?rest_route=\/wp\/v2\/pages\/2219\/revisions\/2649"}],"wp:attachment":[{"href":"https:\/\/burscheid-sonnenblume.de\/index.php?rest_route=%2Fwp%2Fv2%2Fmedia&parent=2219"}],"curies":[{"name":"wp","href":"https:\/\/api.w.org\/{rel}","templated":true}]}}