{"id":2199,"date":"2020-04-14T11:31:48","date_gmt":"2020-04-14T10:31:48","guid":{"rendered":"https:\/\/burscheid-sonnenblume.de\/?page_id=2199"},"modified":"2020-04-14T11:46:25","modified_gmt":"2020-04-14T10:46:25","slug":"video-der-engel-der-wieder-auf-die-erde-zurueckwollte","status":"publish","type":"page","link":"https:\/\/burscheid-sonnenblume.de\/?page_id=2199","title":{"rendered":"Video &#8211; &#8220;Der Engel, der wieder auf die Erde zur\u00fcckwollte!&#8221;"},"content":{"rendered":"<h5><span style=\"color: #6b8e23;\">\u201eDer Engel, der wieder auf die Erde zur\u00fcckwollte!<\/span><\/h5>\n<p>Dieses Mal k\u00f6nnt ihr Euch das M\u00e4rchen: \u201eDer Engel, der wieder auf die Erde zur\u00fcckwollte!\u201c anschauen, frei erz\u00e4hlt von der M\u00e4rchenerz\u00e4hlerin Heidi Neumann. Darin geht es um einen Engel, der sich von der Erde entfernt, um durchs Weltall zu fliegen. Er landet auf einem fremden Planeten, wo er schon sehr bald Heimweh bekommt. Doch der R\u00fcckflug zur Erde wird unserm kleinen Engel durch einen gemeinen Riesen erschwert, der ihm jede Menge Steinen in den Weg legt.<\/p>\n<p>Frau Heidi Neumann setzt in diesem M\u00e4rchen wenige, ausgew\u00e4hlte Materialien ein, die durch die Handlung begleiten, daher bleibt viel Raum f\u00fcr die eigenen Phantasie!<\/p>\n<p>Viel Spa\u00df!<\/p>\n\n\n<figure class=\"wp-block-video\"><video controls src=\"https:\/\/burscheid-sonnenblume.de\/wp-content\/uploads\/2020\/04\/Der-Engel-der-wieder-auf-die-Erde-zur\u00fcckwollte.mp4\"><\/video><figcaption>Der Engel, der wieder auf die Erde zur\u00fcckwollte!<\/figcaption><\/figure>\n\n\n\n<p><\/p>\n","protected":false},"excerpt":{"rendered":"<p>\u201eDer Engel, der wieder auf die Erde zur\u00fcckwollte! Dieses Mal k\u00f6nnt ihr Euch das M\u00e4rchen: \u201eDer Engel, der wieder auf die Erde zur\u00fcckwollte!\u201c anschauen, frei erz\u00e4hlt von der M\u00e4rchenerz\u00e4hlerin Heidi Neumann. Darin geht es um einen Engel, der sich von<\/p>\n","protected":false},"author":1,"featured_media":0,"parent":0,"menu_order":0,"comment_status":"closed","ping_status":"closed","template":"","meta":{"footnotes":""},"class_list":["post-2199","page","type-page","status-publish","hentry"],"_links":{"self":[{"href":"https:\/\/burscheid-sonnenblume.de\/index.php?rest_route=\/wp\/v2\/pages\/2199","targetHints":{"allow":["GET"]}}],"collection":[{"href":"https:\/\/burscheid-sonnenblume.de\/index.php?rest_route=\/wp\/v2\/pages"}],"about":[{"href":"https:\/\/burscheid-sonnenblume.de\/index.php?rest_route=\/wp\/v2\/types\/page"}],"author":[{"embeddable":true,"href":"https:\/\/burscheid-sonnenblume.de\/index.php?rest_route=\/wp\/v2\/users\/1"}],"replies":[{"embeddable":true,"href":"https:\/\/burscheid-sonnenblume.de\/index.php?rest_route=%2Fwp%2Fv2%2Fcomments&post=2199"}],"version-history":[{"count":4,"href":"https:\/\/burscheid-sonnenblume.de\/index.php?rest_route=\/wp\/v2\/pages\/2199\/revisions"}],"predecessor-version":[{"id":2515,"href":"https:\/\/burscheid-sonnenblume.de\/index.php?rest_route=\/wp\/v2\/pages\/2199\/revisions\/2515"}],"wp:attachment":[{"href":"https:\/\/burscheid-sonnenblume.de\/index.php?rest_route=%2Fwp%2Fv2%2Fmedia&parent=2199"}],"curies":[{"name":"wp","href":"https:\/\/api.w.org\/{rel}","templated":true}]}}