{"id":2177,"date":"2020-04-02T06:49:45","date_gmt":"2020-04-02T05:49:45","guid":{"rendered":"https:\/\/burscheid-sonnenblume.de\/?page_id=2177"},"modified":"2020-04-02T06:49:46","modified_gmt":"2020-04-02T05:49:46","slug":"wohnungs-haeuser-quiz","status":"publish","type":"page","link":"https:\/\/burscheid-sonnenblume.de\/?page_id=2177","title":{"rendered":"Wohnungs\/ H\u00e4user Quiz"},"content":{"rendered":"<table>\n<tbody>\n<tr>\n<td>\n<h5><span style=\"color: #6b8e23;\">Gemeinsam auf Entdeckungstour beim Wohnungs\/ H\u00e4user Quiz<\/span><\/h5>\n<p><img loading=\"lazy\" decoding=\"async\" class=\" wp-image-2180 alignleft\" src=\"https:\/\/burscheid-sonnenblume.de\/wp-content\/uploads\/2020\/04\/quiz-3644414_640-300x300.png\" alt=\"\" width=\"149\" height=\"149\" srcset=\"https:\/\/burscheid-sonnenblume.de\/wp-content\/uploads\/2020\/04\/quiz-3644414_640-300x300.png 300w, https:\/\/burscheid-sonnenblume.de\/wp-content\/uploads\/2020\/04\/quiz-3644414_640-150x150.png 150w, https:\/\/burscheid-sonnenblume.de\/wp-content\/uploads\/2020\/04\/quiz-3644414_640-230x230.png 230w, https:\/\/burscheid-sonnenblume.de\/wp-content\/uploads\/2020\/04\/quiz-3644414_640-330x330.png 330w, https:\/\/burscheid-sonnenblume.de\/wp-content\/uploads\/2020\/04\/quiz-3644414_640.png 640w\" sizes=\"auto, (max-width: 149px) 100vw, 149px\" \/>Wir verbringen viel Zeit in unseren eigenen vier W\u00e4nden. Umso mehr jetzt w\u00e4hrend der Corona-Ferien. Aber wie gut kennen wir eigentlich unser eigenes Heim? In diesem Wohnungs-\/Hausquiz (das beliebig erweitert werden kann) m\u00fcsst ihr gezielte Fragen \u00fcber eure Wohnung beantworten. Beantwortet die Fragen zusammen oder gegeneinander. Wer gewinnt? Eltern oder Kinder?<\/p>\n<p>Kontrolliert eure Antworten im Nachhinein zusammen oder geht mit dem Fragebogen auf Entdeckungstour.<\/p>\n<hr \/>\n<h5 style=\"text-align: left;\"><span style=\"color: #6b8e23;\">Unsere 25 Fragen haben wir hier f\u00fcr euch zusammengestellt.<\/span><\/h5>\n<ol>\n<li>Wie viele Fenster gibt es?<\/li>\n<li>Und wie viele T\u00fcren habt ihr?<\/li>\n<li>Welche Farbe hat der Fu\u00dfboden in der K\u00fcche?<\/li>\n<li>Kann einer von euch im Stehen die Zimmerdecke ber\u00fchren?<\/li>\n<li>Wie viele Stufen hat das gesamte Haus?<\/li>\n<li>Welche Farbe hat die Badezimmerwand?<\/li>\n<li>Wie viele Zimmer haben einen Teppich?<\/li>\n<li>Welche Zimmer haben Fliesen?<\/li>\n<li>Habt ihr eine gr\u00fcne Tasse?<\/li>\n<li>Und wie sieht es mit einem blauem Glass aus?<\/li>\n<li>Wie viele St\u00fchle gibt es?<\/li>\n<li>Wo sind Uhren und wie viele habt ihr?<\/li>\n<li>Wie hoch sind die T\u00fcren?<\/li>\n<li>Habt ihr eine Figur von einem Tier als Dekoration?<\/li>\n<li>Wie viele Lampen gibt es?<\/li>\n<li>Welche Farbe hat die Zimmerdecke im Kinderzimmer?<\/li>\n<li>Wie viele Pflanzen habt ihr und wo stehen sie?<\/li>\n<li>In welchen Zimmern gibt es einen M\u00fclleimer?<\/li>\n<li>Welche Kuscheltiere liegen im Kinderbett\/in den Kinderbetten?<\/li>\n<li>Wie viele Schuhe stehen im Schuhschrank\/ auf dem Boden?<\/li>\n<li>Wie viele Packungen Milch sind im K\u00fchlschrank?<\/li>\n<li>Ist der kleinste aus eurer Familie gr\u00f6\u00dfer als der K\u00fchlschrank?<\/li>\n<li>Welche Farbe hat das Shampoo in der Dusche\/Badewanne?<\/li>\n<li>Wie viele Steckdosen gibt es?<\/li>\n<li>Gibt es ein rosafarbenes Buch bei euch?<\/li>\n<\/ol>\n<p style=\"text-align: center;\"><span style=\"color: #6b8e23;\">Viel Spa\u00df beim Gemeinsamen entdecken!<\/span><\/p>\n<\/td>\n<\/tr>\n<\/tbody>\n<\/table>\n","protected":false},"excerpt":{"rendered":"<p>Gemeinsam auf Entdeckungstour beim Wohnungs\/ H\u00e4user Quiz Wir verbringen viel Zeit in unseren eigenen vier W\u00e4nden. Umso mehr jetzt w\u00e4hrend der Corona-Ferien. Aber wie gut kennen wir eigentlich unser eigenes Heim? In diesem Wohnungs-\/Hausquiz (das beliebig erweitert werden kann) m\u00fcsst<\/p>\n","protected":false},"author":1,"featured_media":0,"parent":0,"menu_order":0,"comment_status":"closed","ping_status":"closed","template":"","meta":{"footnotes":""},"class_list":["post-2177","page","type-page","status-publish","hentry"],"_links":{"self":[{"href":"https:\/\/burscheid-sonnenblume.de\/index.php?rest_route=\/wp\/v2\/pages\/2177","targetHints":{"allow":["GET"]}}],"collection":[{"href":"https:\/\/burscheid-sonnenblume.de\/index.php?rest_route=\/wp\/v2\/pages"}],"about":[{"href":"https:\/\/burscheid-sonnenblume.de\/index.php?rest_route=\/wp\/v2\/types\/page"}],"author":[{"embeddable":true,"href":"https:\/\/burscheid-sonnenblume.de\/index.php?rest_route=\/wp\/v2\/users\/1"}],"replies":[{"embeddable":true,"href":"https:\/\/burscheid-sonnenblume.de\/index.php?rest_route=%2Fwp%2Fv2%2Fcomments&post=2177"}],"version-history":[{"count":5,"href":"https:\/\/burscheid-sonnenblume.de\/index.php?rest_route=\/wp\/v2\/pages\/2177\/revisions"}],"predecessor-version":[{"id":2183,"href":"https:\/\/burscheid-sonnenblume.de\/index.php?rest_route=\/wp\/v2\/pages\/2177\/revisions\/2183"}],"wp:attachment":[{"href":"https:\/\/burscheid-sonnenblume.de\/index.php?rest_route=%2Fwp%2Fv2%2Fmedia&parent=2177"}],"curies":[{"name":"wp","href":"https:\/\/api.w.org\/{rel}","templated":true}]}}