{"id":12,"date":"2019-08-28T12:42:40","date_gmt":"2019-08-28T12:42:40","guid":{"rendered":"http:\/\/burscheid-sonnenblume.de\/?page_id=12"},"modified":"2024-04-11T14:08:50","modified_gmt":"2024-04-11T13:08:50","slug":"home","status":"publish","type":"page","link":"https:\/\/burscheid-sonnenblume.de\/","title":{"rendered":"Startseite"},"content":{"rendered":"<h5><span style=\"color: #6b8e23;\">Herzlich willkommen in der Caritas Kindertagesst\u00e4tte &#8220;Sonnenblume&#8221;<\/span><\/h5>\n<p style=\"text-align: left;\"><img loading=\"lazy\" decoding=\"async\" class=\"size-medium wp-image-472 alignleft\" src=\"http:\/\/burscheid-sonnenblume.de\/wp-content\/uploads\/2019\/09\/Grafik_Kita_01-1-158x300.png\" alt=\"\" width=\"158\" height=\"300\" srcset=\"https:\/\/burscheid-sonnenblume.de\/wp-content\/uploads\/2019\/09\/Grafik_Kita_01-1-158x300.png 158w, https:\/\/burscheid-sonnenblume.de\/wp-content\/uploads\/2019\/09\/Grafik_Kita_01-1-538x1024.png 538w, https:\/\/burscheid-sonnenblume.de\/wp-content\/uploads\/2019\/09\/Grafik_Kita_01-1.png 600w\" sizes=\"auto, (max-width: 158px) 100vw, 158px\" \/><\/p>\n<p style=\"text-align: left;\"><span style=\"font-size: inherit;\">Unsere Einrichtung besteht aus f\u00fcnf Regelgruppen. Gemeinsam unter einem Dach spielen, lernen und wachsen hier ca. 100 Kinder im Alter von zwei Jahren bis zum Schuleintritt. Die Kita arbeitet inklusiv. Dies bedeutet, dass Kinder mit und ohne Behinderungen in der Einrichtung willkommen sind und kooperativ betreut, gebildet und gef\u00f6rdert werden.<\/span><br \/>Die Entwicklung des Kindes hin zu einer eigenverant\u00adwortlichen und &#8211; im christlichen Sinne &#8211; gemeinschaftsf\u00e4higen Pers\u00f6nlichkeit, ist ein wichtiges Ziel unserer Arbeit.<\/p>\n<p>Wir m\u00f6chten den Kindern Gottes Sch\u00f6pfung durch Geschichten, Spiele, Lieder und Anschauungen f\u00fchlbar und erlebbar machen.<\/p>\n<p style=\"text-align: left;\">Der Kindergarten Sonnenblume ist ein Ort, an dem unsere Kinder in famili\u00e4rer Umgebung auf das sp\u00e4tere Leben vorbereitet werden. Hier entwickeln sie neben vielen praktischen Dingen wie erleben, erforschen und nat\u00fcrlich spielen, den menschlichen Umgang mit anderen Kindern und Erziehern, sowie vielen lebensnahen Dingen, die in dieser pr\u00e4genden Zeit wichtig f\u00fcr sie sind. Auch die christliche Ausrichtung und die Einbettung des Kindergartens in die Gemeinde sind f\u00fcr uns sehr wichtig.<\/p>\n<p style=\"text-align: center;\"><em>Sie sind neugierig geworden? Viel Spa\u00df beim St\u00f6bern und Informieren.<\/em><\/p>\n<hr \/>\n<h5 style=\"text-align: left;\"><span style=\"color: #6b8e23;\">Unsere Newsticker mit den letzten Neuigkeiten<\/span><\/h5>\n\n<div id=\"mtphr-dnt-2973\" class=\"mtphr-dnt mtphr-dnt-2973 mtphr-dnt-default mtphr-dnt-list\"><div class=\"mtphr-dnt-wrapper mtphr-dnt-clearfix\"><div class=\"mtphr-dnt-tick-container\"><div class=\"mtphr-dnt-tick-contents\"><div style=\"margin-bottom:10px;\" class=\"mtphr-dnt-tick mtphr-dnt-default-tick mtphr-dnt-clearfix \"><table class=\"mtphr-dnt-grid\"><tr class=\"mtphr-dnt-grid-row mtphr-dnt-grid-row-1\"><td class=\"mtphr-dnt-grid-item mtphr-dnt-grid-item-1 mtphr-dnt-grid-item-default\" style=\"padding:5px;\"><blockquote class=\"wp-embedded-content\" data-secret=\"oZ2rs7Gdax\"><a href=\"https:\/\/burscheid-sonnenblume.de\/?p=9325\">Autorenlesung mit Hans-Josef Hungenberg im Wald<\/a><\/blockquote><iframe loading=\"lazy\" class=\"wp-embedded-content\" sandbox=\"allow-scripts\" security=\"restricted\" style=\"position: absolute; visibility: hidden;\" title=\"&#8222;Autorenlesung mit Hans-Josef Hungenberg im Wald&#8220; &#8212; F\u00f6rderverein Kindergarten Sonnenblume Hilgen e. V.\" src=\"https:\/\/burscheid-sonnenblume.de\/?p=9325&#038;embed=true#?secret=xEAZtroGbK#?secret=oZ2rs7Gdax\" data-secret=\"oZ2rs7Gdax\" width=\"600\" height=\"338\" frameborder=\"0\" marginwidth=\"0\" marginheight=\"0\" scrolling=\"no\"><\/iframe><\/td><td class=\"mtphr-dnt-grid-item mtphr-dnt-grid-item-2 mtphr-dnt-grid-item-default\" style=\"padding:5px;\"><blockquote class=\"wp-embedded-content\" data-secret=\"YIeY6fXn5D\"><a href=\"https:\/\/burscheid-sonnenblume.de\/?p=9327\">Lieblingsbuch-Tag am 17.03.2026 in der Sonnenblume<\/a><\/blockquote><iframe loading=\"lazy\" class=\"wp-embedded-content\" sandbox=\"allow-scripts\" security=\"restricted\" style=\"position: absolute; visibility: hidden;\" title=\"&#8222;Lieblingsbuch-Tag am 17.03.2026 in der Sonnenblume&#8220; &#8212; F\u00f6rderverein Kindergarten Sonnenblume Hilgen e. V.\" src=\"https:\/\/burscheid-sonnenblume.de\/?p=9327&#038;embed=true#?secret=4Z77SC0WQ1#?secret=YIeY6fXn5D\" data-secret=\"YIeY6fXn5D\" width=\"600\" height=\"338\" frameborder=\"0\" marginwidth=\"0\" marginheight=\"0\" scrolling=\"no\"><\/iframe><\/td><\/tr><tr class=\"mtphr-dnt-grid-row mtphr-dnt-grid-row-2\"><td class=\"mtphr-dnt-grid-item mtphr-dnt-grid-item-1 mtphr-dnt-grid-item-default\" style=\"padding:5px;\"><blockquote class=\"wp-embedded-content\" data-secret=\"VQcbyn0xNs\"><a href=\"https:\/\/burscheid-sonnenblume.de\/?p=9320\">Meisen kommt herbei! &#8211; Unsere Vogelhaus-Webcam 4.0<\/a><\/blockquote><iframe loading=\"lazy\" class=\"wp-embedded-content\" sandbox=\"allow-scripts\" security=\"restricted\" style=\"position: absolute; visibility: hidden;\" title=\"&#8222;Meisen kommt herbei! &#8211; Unsere Vogelhaus-Webcam 4.0&#8220; &#8212; F\u00f6rderverein Kindergarten Sonnenblume Hilgen e. V.\" src=\"https:\/\/burscheid-sonnenblume.de\/?p=9320&#038;embed=true#?secret=9vD6FfTjH1#?secret=VQcbyn0xNs\" data-secret=\"VQcbyn0xNs\" width=\"600\" height=\"338\" frameborder=\"0\" marginwidth=\"0\" marginheight=\"0\" scrolling=\"no\"><\/iframe><\/td><td class=\"mtphr-dnt-grid-item mtphr-dnt-grid-item-2 mtphr-dnt-grid-item-default\" style=\"padding:5px;\"><blockquote class=\"wp-embedded-content\" data-secret=\"TfxeIyQCEn\"><a href=\"https:\/\/burscheid-sonnenblume.de\/?p=9299\">\u201eJede Kuh ist ein Rind, aber nicht jedes Rind eine Kuh\u201c<\/a><\/blockquote><iframe loading=\"lazy\" class=\"wp-embedded-content\" sandbox=\"allow-scripts\" security=\"restricted\" style=\"position: absolute; visibility: hidden;\" title=\"&#8222;\u201eJede Kuh ist ein Rind, aber nicht jedes Rind eine Kuh\u201c&#8220; &#8212; F\u00f6rderverein Kindergarten Sonnenblume Hilgen e. V.\" src=\"https:\/\/burscheid-sonnenblume.de\/?p=9299&#038;embed=true#?secret=8e2bYXMNHC#?secret=TfxeIyQCEn\" data-secret=\"TfxeIyQCEn\" width=\"600\" height=\"338\" frameborder=\"0\" marginwidth=\"0\" marginheight=\"0\" scrolling=\"no\"><\/iframe><\/td><\/tr><\/table><\/div><div style=\"margin-bottom:10px;\" class=\"mtphr-dnt-tick mtphr-dnt-default-tick mtphr-dnt-clearfix \"><table class=\"mtphr-dnt-grid\"><tr class=\"mtphr-dnt-grid-row mtphr-dnt-grid-row-1\"><td class=\"mtphr-dnt-grid-item mtphr-dnt-grid-item-1 mtphr-dnt-grid-item-default\" style=\"padding:5px;\"><blockquote class=\"wp-embedded-content\" data-secret=\"oj4F0ZuDQY\"><a href=\"https:\/\/burscheid-sonnenblume.de\/?p=9306\">Karneval 2026 und das Kinderparlament<\/a><\/blockquote><iframe loading=\"lazy\" class=\"wp-embedded-content\" sandbox=\"allow-scripts\" security=\"restricted\" style=\"position: absolute; visibility: hidden;\" title=\"&#8222;Karneval 2026 und das Kinderparlament&#8220; &#8212; F\u00f6rderverein Kindergarten Sonnenblume Hilgen e. V.\" src=\"https:\/\/burscheid-sonnenblume.de\/?p=9306&#038;embed=true#?secret=d2NhFUCsno#?secret=oj4F0ZuDQY\" data-secret=\"oj4F0ZuDQY\" width=\"600\" height=\"338\" frameborder=\"0\" marginwidth=\"0\" marginheight=\"0\" scrolling=\"no\"><\/iframe><\/td><td class=\"mtphr-dnt-grid-item mtphr-dnt-grid-item-2 mtphr-dnt-grid-item-default\" style=\"padding:5px;\"><blockquote class=\"wp-embedded-content\" data-secret=\"MarJiZRwO4\"><a href=\"https:\/\/burscheid-sonnenblume.de\/?p=9315\">\u201eRette und teile e. V.\u201c \u2013 der neue Lebensmittel-Schrank<\/a><\/blockquote><iframe loading=\"lazy\" class=\"wp-embedded-content\" sandbox=\"allow-scripts\" security=\"restricted\" style=\"position: absolute; visibility: hidden;\" title=\"&#8222;\u201eRette und teile e. V.\u201c \u2013 der neue Lebensmittel-Schrank&#8220; &#8212; F\u00f6rderverein Kindergarten Sonnenblume Hilgen e. V.\" src=\"https:\/\/burscheid-sonnenblume.de\/?p=9315&#038;embed=true#?secret=m2Vpb1XCzE#?secret=MarJiZRwO4\" data-secret=\"MarJiZRwO4\" width=\"600\" height=\"338\" frameborder=\"0\" marginwidth=\"0\" marginheight=\"0\" scrolling=\"no\"><\/iframe><\/td><\/tr><tr class=\"mtphr-dnt-grid-row mtphr-dnt-grid-row-2\"><td class=\"mtphr-dnt-grid-item mtphr-dnt-grid-item-1 mtphr-dnt-grid-item-default\" style=\"padding:5px;\"><blockquote class=\"wp-embedded-content\" data-secret=\"ttn9gCmZQU\"><a href=\"https:\/\/burscheid-sonnenblume.de\/?p=9283\">17. Brandschutzhelfer in der Sonnenblume<\/a><\/blockquote><iframe loading=\"lazy\" class=\"wp-embedded-content\" sandbox=\"allow-scripts\" security=\"restricted\" style=\"position: absolute; visibility: hidden;\" title=\"&#8222;17. Brandschutzhelfer in der Sonnenblume&#8220; &#8212; F\u00f6rderverein Kindergarten Sonnenblume Hilgen e. V.\" src=\"https:\/\/burscheid-sonnenblume.de\/?p=9283&#038;embed=true#?secret=CbYBrt83ZN#?secret=ttn9gCmZQU\" data-secret=\"ttn9gCmZQU\" width=\"600\" height=\"338\" frameborder=\"0\" marginwidth=\"0\" marginheight=\"0\" scrolling=\"no\"><\/iframe><\/td><td class=\"mtphr-dnt-grid-item mtphr-dnt-grid-item-2 mtphr-dnt-grid-item-default\" style=\"padding:5px;\"><blockquote class=\"wp-embedded-content\" data-secret=\"IsrGk2LhdW\"><a href=\"https:\/\/burscheid-sonnenblume.de\/?p=9279\">P\u00e4dagogisches Arbeitsmaterial \u201eJa- und Nein-Box\u201c<\/a><\/blockquote><iframe loading=\"lazy\" class=\"wp-embedded-content\" sandbox=\"allow-scripts\" security=\"restricted\" style=\"position: absolute; visibility: hidden;\" title=\"&#8222;P\u00e4dagogisches Arbeitsmaterial \u201eJa- und Nein-Box\u201c&#8220; &#8212; F\u00f6rderverein Kindergarten Sonnenblume Hilgen e. V.\" src=\"https:\/\/burscheid-sonnenblume.de\/?p=9279&#038;embed=true#?secret=4rpgTebb9x#?secret=IsrGk2LhdW\" data-secret=\"IsrGk2LhdW\" width=\"600\" height=\"338\" frameborder=\"0\" marginwidth=\"0\" marginheight=\"0\" scrolling=\"no\"><\/iframe><\/td><\/tr><\/table><\/div><div style=\"margin-bottom:10px;\" class=\"mtphr-dnt-tick mtphr-dnt-default-tick mtphr-dnt-clearfix \"><table class=\"mtphr-dnt-grid\"><tr class=\"mtphr-dnt-grid-row mtphr-dnt-grid-row-1\"><td class=\"mtphr-dnt-grid-item mtphr-dnt-grid-item-1 mtphr-dnt-grid-item-default\" style=\"padding:5px;\"><blockquote class=\"wp-embedded-content\" data-secret=\"gm9ncYyRS8\"><a href=\"https:\/\/burscheid-sonnenblume.de\/?p=9217\">Der Nikolaus 2025<\/a><\/blockquote><iframe loading=\"lazy\" class=\"wp-embedded-content\" sandbox=\"allow-scripts\" security=\"restricted\" style=\"position: absolute; visibility: hidden;\" title=\"&#8222;Der Nikolaus 2025&#8220; &#8212; F\u00f6rderverein Kindergarten Sonnenblume Hilgen e. V.\" src=\"https:\/\/burscheid-sonnenblume.de\/?p=9217&#038;embed=true#?secret=OFGhy6B77w#?secret=gm9ncYyRS8\" data-secret=\"gm9ncYyRS8\" width=\"600\" height=\"338\" frameborder=\"0\" marginwidth=\"0\" marginheight=\"0\" scrolling=\"no\"><\/iframe><\/td><td class=\"mtphr-dnt-grid-item mtphr-dnt-grid-item-2 mtphr-dnt-grid-item-default\" style=\"padding:5px;\"><blockquote class=\"wp-embedded-content\" data-secret=\"wgWH6LnJ7Z\"><a href=\"https:\/\/burscheid-sonnenblume.de\/?page_id=9131\">Unser Weihnachtsgru\u00df 2025&#8230;<\/a><\/blockquote><iframe loading=\"lazy\" class=\"wp-embedded-content\" sandbox=\"allow-scripts\" security=\"restricted\" style=\"position: absolute; visibility: hidden;\" title=\"&#8222;Unser Weihnachtsgru\u00df 2025&#8230;&#8220; &#8212; F\u00f6rderverein Kindergarten Sonnenblume Hilgen e. V.\" src=\"https:\/\/burscheid-sonnenblume.de\/?page_id=9131&#038;embed=true#?secret=OQKjmnPlvR#?secret=wgWH6LnJ7Z\" data-secret=\"wgWH6LnJ7Z\" width=\"600\" height=\"338\" frameborder=\"0\" marginwidth=\"0\" marginheight=\"0\" scrolling=\"no\"><\/iframe><\/td><\/tr><tr class=\"mtphr-dnt-grid-row mtphr-dnt-grid-row-2\"><td class=\"mtphr-dnt-grid-item mtphr-dnt-grid-item-1 mtphr-dnt-grid-item-default\" style=\"padding:5px;\"><blockquote class=\"wp-embedded-content\" data-secret=\"jsTlLoIYl5\"><a href=\"https:\/\/burscheid-sonnenblume.de\/?p=9211\">Urkunden f\u00fcr das Kinderparlament &#8211; Kreativwettbewerb<\/a><\/blockquote><iframe loading=\"lazy\" class=\"wp-embedded-content\" sandbox=\"allow-scripts\" security=\"restricted\" style=\"position: absolute; visibility: hidden;\" title=\"&#8222;Urkunden f\u00fcr das Kinderparlament &#8211; Kreativwettbewerb&#8220; &#8212; F\u00f6rderverein Kindergarten Sonnenblume Hilgen e. V.\" src=\"https:\/\/burscheid-sonnenblume.de\/?p=9211&#038;embed=true#?secret=MlGPLXZiVr#?secret=jsTlLoIYl5\" data-secret=\"jsTlLoIYl5\" width=\"600\" height=\"338\" frameborder=\"0\" marginwidth=\"0\" marginheight=\"0\" scrolling=\"no\"><\/iframe><\/td><td class=\"mtphr-dnt-grid-item mtphr-dnt-grid-item-2 mtphr-dnt-grid-item-default\" style=\"padding:5px;\"><blockquote class=\"wp-embedded-content\" data-secret=\"lkb5XCVKWq\"><a href=\"https:\/\/burscheid-sonnenblume.de\/?p=9193\">Boys\u2019Day 2026 in der Kita \u201eSonnenblume\u201c<\/a><\/blockquote><iframe loading=\"lazy\" class=\"wp-embedded-content\" sandbox=\"allow-scripts\" security=\"restricted\" style=\"position: absolute; visibility: hidden;\" title=\"&#8222;Boys\u2019Day 2026 in der Kita \u201eSonnenblume\u201c&#8220; &#8212; F\u00f6rderverein Kindergarten Sonnenblume Hilgen e. V.\" src=\"https:\/\/burscheid-sonnenblume.de\/?p=9193&#038;embed=true#?secret=jNhJcpV0Qv#?secret=lkb5XCVKWq\" data-secret=\"lkb5XCVKWq\" width=\"600\" height=\"338\" frameborder=\"0\" marginwidth=\"0\" marginheight=\"0\" scrolling=\"no\"><\/iframe><\/td><\/tr><\/table><\/div><div style=\"margin-bottom:10px;\" class=\"mtphr-dnt-tick mtphr-dnt-default-tick mtphr-dnt-clearfix \"><table class=\"mtphr-dnt-grid\"><tr class=\"mtphr-dnt-grid-row mtphr-dnt-grid-row-1\"><td class=\"mtphr-dnt-grid-item mtphr-dnt-grid-item-1 mtphr-dnt-grid-item-default\" style=\"padding:5px;\"><blockquote class=\"wp-embedded-content\" data-secret=\"p0CXDwySm8\"><a href=\"https:\/\/burscheid-sonnenblume.de\/?p=9203\">St. Martin-Thementage in der Sonnenblume<\/a><\/blockquote><iframe loading=\"lazy\" class=\"wp-embedded-content\" sandbox=\"allow-scripts\" security=\"restricted\" style=\"position: absolute; visibility: hidden;\" title=\"&#8222;St. Martin-Thementage in der Sonnenblume&#8220; &#8212; F\u00f6rderverein Kindergarten Sonnenblume Hilgen e. V.\" src=\"https:\/\/burscheid-sonnenblume.de\/?p=9203&#038;embed=true#?secret=Wd9mKC1edf#?secret=p0CXDwySm8\" data-secret=\"p0CXDwySm8\" width=\"600\" height=\"338\" frameborder=\"0\" marginwidth=\"0\" marginheight=\"0\" scrolling=\"no\"><\/iframe><\/td><td class=\"mtphr-dnt-grid-item mtphr-dnt-grid-item-2 mtphr-dnt-grid-item-default\" style=\"padding:5px;\"><blockquote class=\"wp-embedded-content\" data-secret=\"h4Wg3bOk44\"><a href=\"https:\/\/burscheid-sonnenblume.de\/?p=9196\">Elternabend: Mein Kind, ein Vorschulkind&#8230;<\/a><\/blockquote><iframe loading=\"lazy\" class=\"wp-embedded-content\" sandbox=\"allow-scripts\" security=\"restricted\" style=\"position: absolute; visibility: hidden;\" title=\"&#8222;Elternabend: Mein Kind, ein Vorschulkind&#8230;&#8220; &#8212; F\u00f6rderverein Kindergarten Sonnenblume Hilgen e. V.\" src=\"https:\/\/burscheid-sonnenblume.de\/?p=9196&#038;embed=true#?secret=5edI0pS5Di#?secret=h4Wg3bOk44\" data-secret=\"h4Wg3bOk44\" width=\"600\" height=\"338\" frameborder=\"0\" marginwidth=\"0\" marginheight=\"0\" scrolling=\"no\"><\/iframe><\/td><\/tr><tr class=\"mtphr-dnt-grid-row mtphr-dnt-grid-row-2\"><td class=\"mtphr-dnt-grid-item mtphr-dnt-grid-item-1 mtphr-dnt-grid-item-default\" style=\"padding:5px;\"><blockquote class=\"wp-embedded-content\" data-secret=\"uVFHl8hV2L\"><a href=\"https:\/\/burscheid-sonnenblume.de\/?p=9178\">Streichen und Erh\u00f6hung unseres Buntstiftzauns &#8211; \u201eaus alt macht sch\u00f6n\u2026\u201c<\/a><\/blockquote><iframe loading=\"lazy\" class=\"wp-embedded-content\" sandbox=\"allow-scripts\" security=\"restricted\" style=\"position: absolute; visibility: hidden;\" title=\"&#8222;Streichen und Erh\u00f6hung unseres Buntstiftzauns &#8211; \u201eaus alt macht sch\u00f6n\u2026\u201c&#8220; &#8212; F\u00f6rderverein Kindergarten Sonnenblume Hilgen e. V.\" src=\"https:\/\/burscheid-sonnenblume.de\/?p=9178&#038;embed=true#?secret=1j6831Brsu#?secret=uVFHl8hV2L\" data-secret=\"uVFHl8hV2L\" width=\"600\" height=\"338\" frameborder=\"0\" marginwidth=\"0\" marginheight=\"0\" scrolling=\"no\"><\/iframe><\/td><td class=\"mtphr-dnt-grid-item mtphr-dnt-grid-item-2 mtphr-dnt-grid-item-default\" style=\"padding:5px;\"><blockquote class=\"wp-embedded-content\" data-secret=\"ddmNzEypei\"><a href=\"https:\/\/burscheid-sonnenblume.de\/?p=9150\">Unsere Kinderkonferenz: Die Verhaltensampel<\/a><\/blockquote><iframe loading=\"lazy\" class=\"wp-embedded-content\" sandbox=\"allow-scripts\" security=\"restricted\" style=\"position: absolute; visibility: hidden;\" title=\"&#8222;Unsere Kinderkonferenz: Die Verhaltensampel&#8220; &#8212; F\u00f6rderverein Kindergarten Sonnenblume Hilgen e. V.\" src=\"https:\/\/burscheid-sonnenblume.de\/?p=9150&#038;embed=true#?secret=RLdEOB7NmD#?secret=ddmNzEypei\" data-secret=\"ddmNzEypei\" width=\"600\" height=\"338\" frameborder=\"0\" marginwidth=\"0\" marginheight=\"0\" scrolling=\"no\"><\/iframe><\/td><\/tr><\/table><\/div><div class=\"mtphr-dnt-tick mtphr-dnt-default-tick mtphr-dnt-clearfix \"><table class=\"mtphr-dnt-grid\"><tr class=\"mtphr-dnt-grid-row mtphr-dnt-grid-row-1\"><td class=\"mtphr-dnt-grid-item mtphr-dnt-grid-item-1 mtphr-dnt-grid-item-default\" style=\"padding:5px;\"><blockquote class=\"wp-embedded-content\" data-secret=\"vzagZidth2\"><a href=\"https:\/\/burscheid-sonnenblume.de\/?p=9167\">23. Stadtlauf in Burscheid mit der Sonnenblume<\/a><\/blockquote><iframe loading=\"lazy\" class=\"wp-embedded-content\" sandbox=\"allow-scripts\" security=\"restricted\" style=\"position: absolute; visibility: hidden;\" title=\"&#8222;23. Stadtlauf in Burscheid mit der Sonnenblume&#8220; &#8212; F\u00f6rderverein Kindergarten Sonnenblume Hilgen e. V.\" src=\"https:\/\/burscheid-sonnenblume.de\/?p=9167&#038;embed=true#?secret=WtlF50Vh4N#?secret=vzagZidth2\" data-secret=\"vzagZidth2\" width=\"600\" height=\"338\" frameborder=\"0\" marginwidth=\"0\" marginheight=\"0\" scrolling=\"no\"><\/iframe><\/td><td class=\"mtphr-dnt-grid-item mtphr-dnt-grid-item-2 mtphr-dnt-grid-item-default\" style=\"padding:5px;\"><blockquote class=\"wp-embedded-content\" data-secret=\"17ZGGQeTlc\"><a href=\"https:\/\/burscheid-sonnenblume.de\/?p=9175\">Erste-Hilfe-Kurs f\u00fcr die Mitarbeiter\/innen<\/a><\/blockquote><iframe loading=\"lazy\" class=\"wp-embedded-content\" sandbox=\"allow-scripts\" security=\"restricted\" style=\"position: absolute; visibility: hidden;\" title=\"&#8222;Erste-Hilfe-Kurs f\u00fcr die Mitarbeiter\/innen&#8220; &#8212; F\u00f6rderverein Kindergarten Sonnenblume Hilgen e. V.\" src=\"https:\/\/burscheid-sonnenblume.de\/?p=9175&#038;embed=true#?secret=9A8jUGLFQ0#?secret=17ZGGQeTlc\" data-secret=\"17ZGGQeTlc\" width=\"600\" height=\"338\" frameborder=\"0\" marginwidth=\"0\" marginheight=\"0\" scrolling=\"no\"><\/iframe><\/td><\/tr><tr class=\"mtphr-dnt-grid-row mtphr-dnt-grid-row-2\"><td class=\"mtphr-dnt-grid-item mtphr-dnt-grid-item-1 mtphr-dnt-grid-item-default\" style=\"padding:5px;\"><blockquote class=\"wp-embedded-content\" data-secret=\"w3HdG8dbiU\"><a href=\"https:\/\/burscheid-sonnenblume.de\/?p=9144\">Wandbemalung \u201eAus alt mach sch\u00f6n\u201c<\/a><\/blockquote><iframe loading=\"lazy\" class=\"wp-embedded-content\" sandbox=\"allow-scripts\" security=\"restricted\" style=\"position: absolute; visibility: hidden;\" title=\"&#8222;Wandbemalung \u201eAus alt mach sch\u00f6n\u201c&#8220; &#8212; F\u00f6rderverein Kindergarten Sonnenblume Hilgen e. V.\" src=\"https:\/\/burscheid-sonnenblume.de\/?p=9144&#038;embed=true#?secret=nzWttSbba3#?secret=w3HdG8dbiU\" data-secret=\"w3HdG8dbiU\" width=\"600\" height=\"338\" frameborder=\"0\" marginwidth=\"0\" marginheight=\"0\" scrolling=\"no\"><\/iframe><\/td><td class=\"mtphr-dnt-grid-item mtphr-dnt-grid-item-2 mtphr-dnt-grid-item-default\" style=\"padding:5px;\"><blockquote class=\"wp-embedded-content\" data-secret=\"tx9hem8XXF\"><a href=\"https:\/\/burscheid-sonnenblume.de\/?p=9099\">Kreativwettbewerb des NaturGut Ophoven<\/a><\/blockquote><iframe loading=\"lazy\" class=\"wp-embedded-content\" sandbox=\"allow-scripts\" security=\"restricted\" style=\"position: absolute; visibility: hidden;\" title=\"&#8222;Kreativwettbewerb des NaturGut Ophoven&#8220; &#8212; F\u00f6rderverein Kindergarten Sonnenblume Hilgen e. V.\" src=\"https:\/\/burscheid-sonnenblume.de\/?p=9099&#038;embed=true#?secret=e0OuSSzkxc#?secret=tx9hem8XXF\" data-secret=\"tx9hem8XXF\" width=\"600\" height=\"338\" frameborder=\"0\" marginwidth=\"0\" marginheight=\"0\" scrolling=\"no\"><\/iframe><\/td><\/tr><\/table><\/div><\/div><\/div><div class=\"mtphr-dnt-tick-paging\" style=\"margin-top:10px;\"><\/div><\/div><\/div>\n","protected":false},"excerpt":{"rendered":"<p>Herzlich willkommen in der Caritas Kindertagesst\u00e4tte &#8220;Sonnenblume&#8221; Unsere Einrichtung besteht aus f\u00fcnf Regelgruppen. Gemeinsam unter einem Dach spielen, lernen und wachsen hier ca. 100 Kinder im Alter von zwei Jahren bis zum Schuleintritt. Die Kita arbeitet inklusiv. Dies bedeutet, dass<\/p>\n","protected":false},"author":1,"featured_media":0,"parent":0,"menu_order":0,"comment_status":"closed","ping_status":"closed","template":"","meta":{"footnotes":""},"class_list":["post-12","page","type-page","status-publish","hentry"],"_links":{"self":[{"href":"https:\/\/burscheid-sonnenblume.de\/index.php?rest_route=\/wp\/v2\/pages\/12","targetHints":{"allow":["GET"]}}],"collection":[{"href":"https:\/\/burscheid-sonnenblume.de\/index.php?rest_route=\/wp\/v2\/pages"}],"about":[{"href":"https:\/\/burscheid-sonnenblume.de\/index.php?rest_route=\/wp\/v2\/types\/page"}],"author":[{"embeddable":true,"href":"https:\/\/burscheid-sonnenblume.de\/index.php?rest_route=\/wp\/v2\/users\/1"}],"replies":[{"embeddable":true,"href":"https:\/\/burscheid-sonnenblume.de\/index.php?rest_route=%2Fwp%2Fv2%2Fcomments&post=12"}],"version-history":[{"count":231,"href":"https:\/\/burscheid-sonnenblume.de\/index.php?rest_route=\/wp\/v2\/pages\/12\/revisions"}],"predecessor-version":[{"id":8527,"href":"https:\/\/burscheid-sonnenblume.de\/index.php?rest_route=\/wp\/v2\/pages\/12\/revisions\/8527"}],"wp:attachment":[{"href":"https:\/\/burscheid-sonnenblume.de\/index.php?rest_route=%2Fwp%2Fv2%2Fmedia&parent=12"}],"curies":[{"name":"wp","href":"https:\/\/api.w.org\/{rel}","templated":true}]}}